{"id":884,"date":"2022-10-26T11:22:07","date_gmt":"2022-10-26T09:22:07","guid":{"rendered":"https:\/\/foto.praha-19.ys-beta.cz\/?page_id=884"},"modified":"2022-10-26T11:22:08","modified_gmt":"2022-10-26T09:22:08","slug":"cookies","status":"publish","type":"page","link":"https:\/\/foto.praha-19.ys-beta.cz\/index.php\/cookies\/","title":{"rendered":"Cookies"},"content":{"rendered":"\n<p>V t\u011bchto z\u00e1sad\u00e1ch pou\u017e\u00edv\u00e1me term\u00edn \u201esoubory cookie\u201c, kter\u00fdm se odkazujeme na soubory cookie nebo jin\u00e9 obdobn\u00e9 technologie, kter\u00e9 jsou uvedeny v evropsk\u00e9 sm\u011brnici o soukrom\u00ed a elektronick\u00fdch komunikac\u00edch.<\/p>\n\n\n\n<h2 class=\"wp-block-heading\">Co je soubor cookie?<\/h2>\n\n\n\n<p>Soubory cookie p\u0159edstavuj\u00ed mal\u00e9 textov\u00e9 soubory vytvo\u0159en\u00e9 nav\u0161t\u00edvenou webovou str\u00e1nkou, kter\u00e9 obsahuj\u00ed ur\u010dit\u00e9 \u00fadaje. Jsou ukl\u00e1d\u00e1ny na po\u010d\u00edta\u010di n\u00e1v\u0161t\u011bvn\u00edka, aby u\u017eivateli umo\u017enili p\u0159\u00edstup k r\u016fzn\u00fdm funkc\u00edm. Na na\u0161ich str\u00e1nk\u00e1ch vyu\u017e\u00edv\u00e1me jak rela\u010dn\u00ed tak permanentn\u00ed soubory cookie. Rela\u010dn\u00ed soubor cookie je do\u010dasn\u011b ulo\u017een v pam\u011bti po\u010d\u00edta\u010de, zat\u00edmco si n\u00e1v\u0161t\u011bvn\u00edk prohl\u00ed\u017e\u00ed danou webovou str\u00e1nku. Tento soubor cookie se vyma\u017ee, jakmile u\u017eivatel zav\u0159e internetov\u00fd prohl\u00ed\u017ee\u010d nebo kdy\u017e uplyne vymezen\u00fd \u010das (vypr\u0161\u00ed platnost dan\u00e9 relace). Permanentn\u00ed soubor cookie z\u016fst\u00e1v\u00e1 ulo\u017een\u00fd na po\u010d\u00edta\u010di n\u00e1v\u0161t\u011bvn\u00edka, dokud nen\u00ed vymaz\u00e1n.<\/p>\n\n\n\n<h2 class=\"wp-block-heading\">Pro\u010d pou\u017e\u00edv\u00e1me soubory cookie?<\/h2>\n\n\n\n<p>Soubory cookie pou\u017e\u00edv\u00e1me k tomu, abychom se v\u00edce dozv\u011bd\u011bli o zp\u016fsobu, jak\u00fdm n\u00e1v\u0161t\u011bvn\u00edci pracuj\u00ed s obsahem na\u0161ich webov\u00fdch str\u00e1nek, co\u017e n\u00e1m pom\u00e1h\u00e1 zlep\u0161ovat z\u00e1\u017eitky z n\u00e1v\u0161t\u011bvy t\u011bchto str\u00e1nek.<\/p>\n\n\n\n<h2 class=\"wp-block-heading\">Funk\u010dnost a obsah str\u00e1nek<\/h2>\n\n\n\n<p>Pokud nepovol\u00edte pou\u017e\u00edv\u00e1n\u00ed soubor\u016f cookie, nejsou uchov\u00e1v\u00e1ny \u017e\u00e1dn\u00e9 informace. U n\u011bkter\u00fdch funkc\u00ed v r\u00e1mci na\u0161ich webov\u00fdch str\u00e1nek vyu\u017e\u00edv\u00e1me slu\u017eeb t\u0159et\u00edch stran, nap\u0159. kdy\u017e nav\u0161t\u00edv\u00edte str\u00e1nku s vlo\u017een\u00fdm videem nebo s odkazy na YouTube. Tato videa nebo odkazy (a jak\u00fdkoliv jin\u00fd obsah t\u0159et\u00edch stran) m\u016f\u017ee obsahovat soubory cookie t\u0159et\u00edch stran, jejich\u017e z\u00e1sady pou\u017e\u00edv\u00e1n\u00ed si m\u016f\u017eete p\u0159\u00e1t vyhledat a prostudovat na p\u0159\u00edslu\u0161n\u00fdch webov\u00fdch str\u00e1nk\u00e1ch t\u011bchto t\u0159et\u00edch stran. Odkazy na webov\u00e9 servery t\u0159et\u00edch stran, kter\u00e9 mohou b\u00fdt obsa\u017eeny na www.praha19.cz, jsou uv\u00e1d\u011bny pouze pro pohodl\u00ed u\u017eivatel\u016f. Odkazy na jin\u00e9 str\u00e1nky nejsou skryt\u00e9, jsou ozna\u010deny tak, aby bylo z\u0159ejm\u00e9, \u017ee jde o extern\u00ed linky. Provozovatel nep\u0159ezkoum\u00e1v\u00e1 tyto webov\u00e9 str\u00e1nky t\u0159et\u00edch stran ani jejich z\u00e1sady ochrany soukrom\u00ed, kter\u00e9 se mohou li\u0161it od p\u0159\u00edstupu provozovatele. Webov\u00e9 str\u00e1nky t\u0159et\u00edch stran nepodl\u00e9haj\u00ed schv\u00e1len\u00ed provozovatele a provozovatel ne\u010din\u00ed ohledn\u011b t\u011bchto server\u016f \u017e\u00e1dn\u00e1 prohl\u00e1\u0161en\u00ed a za obsah t\u011bchto str\u00e1nek nem\u016f\u017ee n\u00e9st odpov\u011bdnost. Na osobn\u00ed \u00fadaje, kter\u00e9 se rozhodnete poskytnout prost\u0159ednictv\u00edm str\u00e1nek nesouvisej\u00edc\u00edch t\u0159et\u00edch stran, se nevztahuj\u00ed tyto Z\u00e1sady ochrany osobn\u00edch \u00fadaj\u016f. P\u0159ed zad\u00e1n\u00edm osobn\u00edch \u00fadaj\u016f v\u00e1m doporu\u010dujeme p\u0159e\u010d\u00edst si z\u00e1sady ochrany soukrom\u00ed dan\u00e9 organizace.<\/p>\n\n\n\n<h2 class=\"wp-block-heading\">Webov\u00e1 analytika<\/h2>\n\n\n\n<p>Tyto webov\u00e9 str\u00e1nky vyu\u017e\u00edvaj\u00ed slu\u017eby Google Analytics, kter\u00e1 vyu\u017e\u00edv\u00e1 soubor\u016f cookie. Z celkov\u00e9ho hlediska soubory cookie uchov\u00e1vaj\u00ed informace o tom, jak n\u00e1v\u0161t\u011bvn\u00edci vyu\u017e\u00edvaj\u00ed webov\u00e9 str\u00e1nky, v\u010detn\u011b po\u010dtu zobrazen\u00fdch str\u00e1nek, odkud n\u00e1v\u0161t\u011bvn\u00edci poch\u00e1z\u00ed a kolikr\u00e1t str\u00e1nky nav\u0161t\u00edvili. Tyto informace pak slou\u017e\u00ed ke zlep\u0161ov\u00e1n\u00ed t\u011bchto webov\u00fdch str\u00e1nek a statistick\u00fdm \u00fa\u010del\u016fm. Pokud nepovol\u00edte pou\u017e\u00edv\u00e1n\u00ed soubor\u016f cookie, nejsou uchov\u00e1v\u00e1ny \u017e\u00e1dn\u00e9 informace. P\u0159i odes\u00edl\u00e1n\u00ed formul\u00e1\u0159\u016f u neregistrovan\u00fdch u\u017eivatel\u016f je z d\u016fvodu bezpe\u010dnosti (ve snaze automaticky odli\u0161it skute\u010dn\u00e9 u\u017eivatele od robot\u016f) pou\u017e\u00edv\u00e1n slu\u017eba &#8211; Google reCAPTCHA.<\/p>\n\n\n\n<h2 class=\"wp-block-heading\">Jak mohu odm\u00edtnout a vymazat soubory cookie?<\/h2>\n\n\n\n<p>Soubory cookie nepou\u017e\u00edv\u00e1me ke sb\u011bru osobn\u00edch \u00fadaj\u016f, kter\u00e9 lze pou\u017e\u00edt k identifikaci n\u00e1v\u0161t\u011bvn\u00edka. Nicm\u00e9n\u011b, pokud si tak p\u0159ejete u\u010dinit, m\u016f\u017eete zvolit mo\u017enost odm\u00edtnout \u010di blokovat soubory cookie pou\u017e\u00edvan\u00e9 v r\u00e1mci webov\u00fdch str\u00e1nek www.praha19.cz nebo t\u0159et\u00edch stran zm\u011bnou nastaven\u00ed va\u0161eho internetov\u00e9ho prohl\u00ed\u017ee\u010de \u2013 pro v\u00edce informac\u00ed viz \u201efunkce n\u00e1pov\u011bdy\u201c v r\u00e1mci va\u0161eho internetov\u00e9ho prohl\u00ed\u017ee\u010de. Berte pros\u00edm na v\u011bdom\u00ed, \u017ee v\u011bt\u0161ina internetov\u00fdch prohl\u00ed\u017ee\u010d\u016f povoluje pou\u017e\u00edv\u00e1n\u00ed soubor\u016f cookie, a pokud si tedy nep\u0159ejete soubory cookie pou\u017e\u00edvat, m\u016f\u017ee b\u00fdt zapot\u0159eb\u00ed soubory cookie aktivn\u011b blokovat \u010di mazat. Ohledn\u011b informac\u00ed o pou\u017e\u00edv\u00e1n\u00ed soubor\u016f cookie v internetov\u00fdch prohl\u00ed\u017ee\u010d\u00edch na mobiln\u00edch telefonech a podrobnost\u00ed o tom, jak takov\u00e9 soubory cookie zak\u00e1zat \u010di vymazat, viz n\u00e1vod k pou\u017eit\u00ed va\u0161eho mobiln\u00edho telefonu. Pokud odm\u00edtnete pou\u017e\u00edv\u00e1n\u00ed soubor\u016f cookie, budete st\u00e1le schopni nav\u0161t\u00edvit na\u0161e webov\u00e9 str\u00e1nky, ale n\u011bkter\u00e9 funkce nemus\u00ed spr\u00e1vn\u011b fungovat.<\/p>\n\n\n\n<p>Provozovatel str\u00e1nek www.praha19.cz si vyhrazuje pr\u00e1vo zm\u011bnit podm\u00ednky tohoto prohl\u00e1\u0161en\u00ed bez p\u0159edchoz\u00edho upozorn\u011bn\u00ed.<\/p>\n\n\n\n<h2 class=\"wp-block-heading\"><a href=\"https:\/\/praha19.cz\/?page_id=6746&amp;preview=true#cookiesAndContentPolicySettings\">Vyberte, jak\u00e1 nastaven\u00ed chcete povolit<\/a><\/h2>\n","protected":false},"excerpt":{"rendered":"<p>V t\u011bchto z\u00e1sad\u00e1ch pou\u017e\u00edv\u00e1me term\u00edn \u201esoubory cookie\u201c, kter\u00fdm se odkazujeme na soubory cookie nebo jin\u00e9 obdobn\u00e9 technologie, kter\u00e9 jsou uvedeny v evropsk\u00e9 sm\u011brnici o soukrom\u00ed a elektronick\u00fdch komunikac\u00edch. Co je soubor cookie? Soubory cookie p\u0159edstavuj\u00ed mal\u00e9 textov\u00e9 soubory vytvo\u0159en\u00e9 nav\u0161t\u00edvenou webovou str\u00e1nkou, kter\u00e9 obsahuj\u00ed ur\u010dit\u00e9 \u00fadaje. Jsou ukl\u00e1d\u00e1ny na po\u010d\u00edta\u010di n\u00e1v\u0161t\u011bvn\u00edka, aby u\u017eivateli umo\u017enili p\u0159\u00edstup [&hellip;]<\/p>\n","protected":false},"author":2,"featured_media":0,"parent":0,"menu_order":0,"comment_status":"closed","ping_status":"closed","template":"","meta":{"footnotes":""},"class_list":["post-884","page","type-page","status-publish","hentry"],"yoast_head":"<!-- This site is optimized with the Yoast SEO plugin v27.2 - https:\/\/yoast.com\/product\/yoast-seo-wordpress\/ -->\n<title>Cookies - Fotogalerie - Praha 19<\/title>\n<meta name=\"robots\" content=\"noindex, follow, max-snippet:-1, max-image-preview:large, max-video-preview:-1\" \/>\n<meta property=\"og:locale\" content=\"cs_CZ\" \/>\n<meta property=\"og:type\" content=\"article\" \/>\n<meta property=\"og:title\" content=\"Cookies - Fotogalerie - Praha 19\" \/>\n<meta property=\"og:description\" content=\"V t\u011bchto z\u00e1sad\u00e1ch pou\u017e\u00edv\u00e1me term\u00edn \u201esoubory cookie\u201c, kter\u00fdm se odkazujeme na soubory cookie nebo jin\u00e9 obdobn\u00e9 technologie, kter\u00e9 jsou uvedeny v evropsk\u00e9 sm\u011brnici o soukrom\u00ed a elektronick\u00fdch komunikac\u00edch. Co je soubor cookie? Soubory cookie p\u0159edstavuj\u00ed mal\u00e9 textov\u00e9 soubory vytvo\u0159en\u00e9 nav\u0161t\u00edvenou webovou str\u00e1nkou, kter\u00e9 obsahuj\u00ed ur\u010dit\u00e9 \u00fadaje. Jsou ukl\u00e1d\u00e1ny na po\u010d\u00edta\u010di n\u00e1v\u0161t\u011bvn\u00edka, aby u\u017eivateli umo\u017enili p\u0159\u00edstup [&hellip;]\" \/>\n<meta property=\"og:url\" content=\"https:\/\/foto.praha-19.ys-beta.cz\/index.php\/cookies\/\" \/>\n<meta property=\"og:site_name\" content=\"Fotogalerie - Praha 19\" \/>\n<meta property=\"article:modified_time\" content=\"2022-10-26T09:22:08+00:00\" \/>\n<meta name=\"twitter:card\" content=\"summary_large_image\" \/>\n<meta name=\"twitter:label1\" content=\"Est. reading time\" \/>\n\t<meta name=\"twitter:data1\" content=\"4 minuty\" \/>\n<script type=\"application\/ld+json\" class=\"yoast-schema-graph\">{\"@context\":\"https:\/\/schema.org\",\"@graph\":[{\"@type\":\"WebPage\",\"@id\":\"https:\/\/foto.praha-19.ys-beta.cz\/index.php\/cookies\/\",\"url\":\"https:\/\/foto.praha-19.ys-beta.cz\/index.php\/cookies\/\",\"name\":\"Cookies - Fotogalerie - Praha 19\",\"isPartOf\":{\"@id\":\"https:\/\/foto.praha-19.ys-beta.cz\/#website\"},\"datePublished\":\"2022-10-26T09:22:07+00:00\",\"dateModified\":\"2022-10-26T09:22:08+00:00\",\"breadcrumb\":{\"@id\":\"https:\/\/foto.praha-19.ys-beta.cz\/index.php\/cookies\/#breadcrumb\"},\"inLanguage\":\"cs\",\"potentialAction\":[{\"@type\":\"ReadAction\",\"target\":[\"https:\/\/foto.praha-19.ys-beta.cz\/index.php\/cookies\/\"]}]},{\"@type\":\"BreadcrumbList\",\"@id\":\"https:\/\/foto.praha-19.ys-beta.cz\/index.php\/cookies\/#breadcrumb\",\"itemListElement\":[{\"@type\":\"ListItem\",\"position\":1,\"name\":\"Home\",\"item\":\"https:\/\/foto.praha-19.ys-beta.cz\/\"},{\"@type\":\"ListItem\",\"position\":2,\"name\":\"Cookies\"}]},{\"@type\":\"WebSite\",\"@id\":\"https:\/\/foto.praha-19.ys-beta.cz\/#website\",\"url\":\"https:\/\/foto.praha-19.ys-beta.cz\/\",\"name\":\"Fotogalerie - Praha 19\",\"description\":\"Fotogalerie m\u011bstsk\u00e9 \u010d\u00e1sti Praha 19\",\"potentialAction\":[{\"@type\":\"SearchAction\",\"target\":{\"@type\":\"EntryPoint\",\"urlTemplate\":\"https:\/\/foto.praha-19.ys-beta.cz\/?s={search_term_string}\"},\"query-input\":{\"@type\":\"PropertyValueSpecification\",\"valueRequired\":true,\"valueName\":\"search_term_string\"}}],\"inLanguage\":\"cs\"}]}<\/script>\n<!-- \/ Yoast SEO plugin. -->","yoast_head_json":{"title":"Cookies - Fotogalerie - Praha 19","robots":{"index":"noindex","follow":"follow","max-snippet":"max-snippet:-1","max-image-preview":"max-image-preview:large","max-video-preview":"max-video-preview:-1"},"og_locale":"cs_CZ","og_type":"article","og_title":"Cookies - Fotogalerie - Praha 19","og_description":"V t\u011bchto z\u00e1sad\u00e1ch pou\u017e\u00edv\u00e1me term\u00edn \u201esoubory cookie\u201c, kter\u00fdm se odkazujeme na soubory cookie nebo jin\u00e9 obdobn\u00e9 technologie, kter\u00e9 jsou uvedeny v evropsk\u00e9 sm\u011brnici o soukrom\u00ed a elektronick\u00fdch komunikac\u00edch. Co je soubor cookie? Soubory cookie p\u0159edstavuj\u00ed mal\u00e9 textov\u00e9 soubory vytvo\u0159en\u00e9 nav\u0161t\u00edvenou webovou str\u00e1nkou, kter\u00e9 obsahuj\u00ed ur\u010dit\u00e9 \u00fadaje. Jsou ukl\u00e1d\u00e1ny na po\u010d\u00edta\u010di n\u00e1v\u0161t\u011bvn\u00edka, aby u\u017eivateli umo\u017enili p\u0159\u00edstup [&hellip;]","og_url":"https:\/\/foto.praha-19.ys-beta.cz\/index.php\/cookies\/","og_site_name":"Fotogalerie - Praha 19","article_modified_time":"2022-10-26T09:22:08+00:00","twitter_card":"summary_large_image","twitter_misc":{"Est. reading time":"4 minuty"},"schema":{"@context":"https:\/\/schema.org","@graph":[{"@type":"WebPage","@id":"https:\/\/foto.praha-19.ys-beta.cz\/index.php\/cookies\/","url":"https:\/\/foto.praha-19.ys-beta.cz\/index.php\/cookies\/","name":"Cookies - Fotogalerie - Praha 19","isPartOf":{"@id":"https:\/\/foto.praha-19.ys-beta.cz\/#website"},"datePublished":"2022-10-26T09:22:07+00:00","dateModified":"2022-10-26T09:22:08+00:00","breadcrumb":{"@id":"https:\/\/foto.praha-19.ys-beta.cz\/index.php\/cookies\/#breadcrumb"},"inLanguage":"cs","potentialAction":[{"@type":"ReadAction","target":["https:\/\/foto.praha-19.ys-beta.cz\/index.php\/cookies\/"]}]},{"@type":"BreadcrumbList","@id":"https:\/\/foto.praha-19.ys-beta.cz\/index.php\/cookies\/#breadcrumb","itemListElement":[{"@type":"ListItem","position":1,"name":"Home","item":"https:\/\/foto.praha-19.ys-beta.cz\/"},{"@type":"ListItem","position":2,"name":"Cookies"}]},{"@type":"WebSite","@id":"https:\/\/foto.praha-19.ys-beta.cz\/#website","url":"https:\/\/foto.praha-19.ys-beta.cz\/","name":"Fotogalerie - Praha 19","description":"Fotogalerie m\u011bstsk\u00e9 \u010d\u00e1sti Praha 19","potentialAction":[{"@type":"SearchAction","target":{"@type":"EntryPoint","urlTemplate":"https:\/\/foto.praha-19.ys-beta.cz\/?s={search_term_string}"},"query-input":{"@type":"PropertyValueSpecification","valueRequired":true,"valueName":"search_term_string"}}],"inLanguage":"cs"}]}},"_links":{"self":[{"href":"https:\/\/foto.praha-19.ys-beta.cz\/index.php\/wp-json\/wp\/v2\/pages\/884","targetHints":{"allow":["GET"]}}],"collection":[{"href":"https:\/\/foto.praha-19.ys-beta.cz\/index.php\/wp-json\/wp\/v2\/pages"}],"about":[{"href":"https:\/\/foto.praha-19.ys-beta.cz\/index.php\/wp-json\/wp\/v2\/types\/page"}],"author":[{"embeddable":true,"href":"https:\/\/foto.praha-19.ys-beta.cz\/index.php\/wp-json\/wp\/v2\/users\/2"}],"replies":[{"embeddable":true,"href":"https:\/\/foto.praha-19.ys-beta.cz\/index.php\/wp-json\/wp\/v2\/comments?post=884"}],"version-history":[{"count":1,"href":"https:\/\/foto.praha-19.ys-beta.cz\/index.php\/wp-json\/wp\/v2\/pages\/884\/revisions"}],"predecessor-version":[{"id":885,"href":"https:\/\/foto.praha-19.ys-beta.cz\/index.php\/wp-json\/wp\/v2\/pages\/884\/revisions\/885"}],"wp:attachment":[{"href":"https:\/\/foto.praha-19.ys-beta.cz\/index.php\/wp-json\/wp\/v2\/media?parent=884"}],"curies":[{"name":"wp","href":"https:\/\/api.w.org\/{rel}","templated":true}]}}