{"id":710,"date":"2017-10-11T10:45:06","date_gmt":"2017-10-11T10:45:06","guid":{"rendered":"https:\/\/demo.mekshq.com\/pinhole\/dc\/?page_id=710"},"modified":"2017-10-11T10:45:06","modified_gmt":"2017-10-11T10:45:06","slug":"about-us-team","status":"publish","type":"page","link":"https:\/\/foto.praha-19.ys-beta.cz\/index.php\/about-us-team\/","title":{"rendered":"About us (team)"},"content":{"rendered":"\n\t\t\t\t<p>[mks_col]<\/p>\n<p>[mks_one_third]<\/p>\n<figure id=\"attachment_711\" aria-describedby=\"caption-attachment-711\" style=\"width: 400px\" class=\"wp-caption alignnone\"><img loading=\"lazy\" decoding=\"async\" class=\"wp-image-711\" src=\"http:\/\/localhost\/meks\/pinhole\/wp-content\/uploads\/2017\/10\/pinhole_wordpress_theme_team_1.jpg\" alt=\"\" width=\"400\" height=\"555\" \/><figcaption id=\"caption-attachment-711\" class=\"wp-caption-text\">May Lawrence<\/figcaption><\/figure>\n<p>[\/mks_one_third]<\/p>\n<p>[mks_one_third]<\/p>\n<figure id=\"attachment_712\" aria-describedby=\"caption-attachment-712\" style=\"width: 431px\" class=\"wp-caption alignnone\"><img loading=\"lazy\" decoding=\"async\" class=\"size-full wp-image-712\" src=\"http:\/\/localhost\/meks\/pinhole\/wp-content\/uploads\/2017\/10\/pinhole_wordpress_theme_team_2.jpg\" alt=\"\" width=\"431\" height=\"598\" \/><figcaption id=\"caption-attachment-712\" class=\"wp-caption-text\">Martin Lawrence<\/figcaption><\/figure>\n<p>[\/mks_one_third]<\/p>\n<p>[mks_one_third]<\/p>\n<figure id=\"attachment_713\" aria-describedby=\"caption-attachment-713\" style=\"width: 431px\" class=\"wp-caption alignnone\"><img loading=\"lazy\" decoding=\"async\" class=\"size-full wp-image-713\" src=\"http:\/\/localhost\/meks\/pinhole\/wp-content\/uploads\/2017\/10\/pinhole_wordpress_theme_team_3.jpg\" alt=\"\" width=\"431\" height=\"598\" \/><figcaption id=\"caption-attachment-713\" class=\"wp-caption-text\">Mark Wolf<\/figcaption><\/figure>\n<p>[\/mks_one_third]<\/p>\n<p>[\/mks_col]<\/p>\n\n\n<p>Team of freelance photographers that specializes in portraiture, fashion and conceptual photography, and keen to discover new ways of representing identities through photography. Their vibrant compositions often depict subjects in a kind of suspended animation; their halted motion suggests a larger narrative in the space of a single incident. The services we offer include:&nbsp;<span style=\"font-size: 1.4rem;\"><strong>wedding photography<\/strong> ,&nbsp;<\/span><span style=\"font-size: 1.4rem;\"><strong>wildlife and outdoors photography<\/strong>,&nbsp;<\/span><span style=\"font-size: 1.4rem;\"><strong>family and kids photography<\/strong>,&nbsp;<strong>architecture and interior photography<\/strong><\/span><\/p>\n\n\n\n<blockquote class=\"wp-block-quote is-layout-flow wp-block-quote-is-layout-flow\"><p>There is only you and your camera. The limitations in your photography are in yourself, for what we see is what we are.<\/p><p><strong>\u2013 Ernst Haas<\/strong><\/p><\/blockquote>\n\n\n\n<p>Progressively foster holistic convergence whereas quality e-tailers. Competently morph bleeding-edge materials vis-a-vis multifunctional internal or &#8220;organic&#8221; sources. Quickly disintermediate transparent initiatives for fully researched ideas. Enthusiastically drive fully tested resources and state of the art ideas. Synergistically procrastinate superior alignments for user-centric e-services.<\/p>\n\n\n\n<div>[mks_button size=&#8221;medium&#8221; title=&#8221;Get in touch \u2192&#8221; style=&#8221;squared&#8221; url=&#8221;https:\/\/demo.mekshq.com\/pinhole\/dc\/?page_id=33&#8243; target=&#8221;_self&#8221; bg_color=&#8221;#000000&#8243; txt_color=&#8221;#FFFFFF&#8221; icon=&#8221;&#8221; icon_type=&#8221;&#8221; nofollow=&#8221;0&#8243;]<\/div>\n\n\n\n<p> <\/p>\n\t\t","protected":false},"excerpt":{"rendered":"<p>[mks_col] [mks_one_third] [\/mks_one_third] [mks_one_third] [\/mks_one_third] [mks_one_third] [\/mks_one_third] [\/mks_col] Team of freelance photographers that specializes in portraiture, fashion and conceptual photography, and keen to discover new ways of representing identities through photography. Their vibrant compositions often depict subjects in a kind of suspended animation; their halted motion suggests a larger narrative in the space of a [&hellip;]<\/p>\n","protected":false},"author":2,"featured_media":0,"parent":0,"menu_order":0,"comment_status":"closed","ping_status":"closed","template":"","meta":{"footnotes":""},"class_list":["post-710","page","type-page","status-publish","hentry"],"yoast_head":"<!-- This site is optimized with the Yoast SEO plugin v27.2 - https:\/\/yoast.com\/product\/yoast-seo-wordpress\/ -->\n<title>About us (team) - Fotogalerie - Praha 19<\/title>\n<meta name=\"robots\" content=\"noindex, follow, max-snippet:-1, max-image-preview:large, max-video-preview:-1\" \/>\n<meta property=\"og:locale\" content=\"cs_CZ\" \/>\n<meta property=\"og:type\" content=\"article\" \/>\n<meta property=\"og:title\" content=\"About us (team) - Fotogalerie - Praha 19\" \/>\n<meta property=\"og:description\" content=\"[mks_col] [mks_one_third] [\/mks_one_third] [mks_one_third] [\/mks_one_third] [mks_one_third] [\/mks_one_third] [\/mks_col] Team of freelance photographers that specializes in portraiture, fashion and conceptual photography, and keen to discover new ways of representing identities through photography. Their vibrant compositions often depict subjects in a kind of suspended animation; their halted motion suggests a larger narrative in the space of a [&hellip;]\" \/>\n<meta property=\"og:url\" content=\"https:\/\/foto.praha-19.ys-beta.cz\/index.php\/about-us-team\/\" \/>\n<meta property=\"og:site_name\" content=\"Fotogalerie - Praha 19\" \/>\n<meta property=\"og:image\" content=\"http:\/\/localhost\/meks\/pinhole\/wp-content\/uploads\/2017\/10\/pinhole_wordpress_theme_team_1.jpg\" \/>\n<meta name=\"twitter:card\" content=\"summary_large_image\" \/>\n<meta name=\"twitter:label1\" content=\"Est. reading time\" \/>\n\t<meta name=\"twitter:data1\" content=\"1 minuta\" \/>\n<script type=\"application\/ld+json\" class=\"yoast-schema-graph\">{\"@context\":\"https:\/\/schema.org\",\"@graph\":[{\"@type\":\"WebPage\",\"@id\":\"https:\/\/foto.praha-19.ys-beta.cz\/index.php\/about-us-team\/\",\"url\":\"https:\/\/foto.praha-19.ys-beta.cz\/index.php\/about-us-team\/\",\"name\":\"About us (team) - Fotogalerie - Praha 19\",\"isPartOf\":{\"@id\":\"https:\/\/foto.praha-19.ys-beta.cz\/#website\"},\"primaryImageOfPage\":{\"@id\":\"https:\/\/foto.praha-19.ys-beta.cz\/index.php\/about-us-team\/#primaryimage\"},\"image\":{\"@id\":\"https:\/\/foto.praha-19.ys-beta.cz\/index.php\/about-us-team\/#primaryimage\"},\"thumbnailUrl\":\"http:\/\/localhost\/meks\/pinhole\/wp-content\/uploads\/2017\/10\/pinhole_wordpress_theme_team_1.jpg\",\"datePublished\":\"2017-10-11T10:45:06+00:00\",\"breadcrumb\":{\"@id\":\"https:\/\/foto.praha-19.ys-beta.cz\/index.php\/about-us-team\/#breadcrumb\"},\"inLanguage\":\"cs\",\"potentialAction\":[{\"@type\":\"ReadAction\",\"target\":[\"https:\/\/foto.praha-19.ys-beta.cz\/index.php\/about-us-team\/\"]}]},{\"@type\":\"ImageObject\",\"inLanguage\":\"cs\",\"@id\":\"https:\/\/foto.praha-19.ys-beta.cz\/index.php\/about-us-team\/#primaryimage\",\"url\":\"http:\/\/localhost\/meks\/pinhole\/wp-content\/uploads\/2017\/10\/pinhole_wordpress_theme_team_1.jpg\",\"contentUrl\":\"http:\/\/localhost\/meks\/pinhole\/wp-content\/uploads\/2017\/10\/pinhole_wordpress_theme_team_1.jpg\"},{\"@type\":\"BreadcrumbList\",\"@id\":\"https:\/\/foto.praha-19.ys-beta.cz\/index.php\/about-us-team\/#breadcrumb\",\"itemListElement\":[{\"@type\":\"ListItem\",\"position\":1,\"name\":\"Home\",\"item\":\"https:\/\/foto.praha-19.ys-beta.cz\/\"},{\"@type\":\"ListItem\",\"position\":2,\"name\":\"About us (team)\"}]},{\"@type\":\"WebSite\",\"@id\":\"https:\/\/foto.praha-19.ys-beta.cz\/#website\",\"url\":\"https:\/\/foto.praha-19.ys-beta.cz\/\",\"name\":\"Fotogalerie - Praha 19\",\"description\":\"Fotogalerie m\u011bstsk\u00e9 \u010d\u00e1sti Praha 19\",\"potentialAction\":[{\"@type\":\"SearchAction\",\"target\":{\"@type\":\"EntryPoint\",\"urlTemplate\":\"https:\/\/foto.praha-19.ys-beta.cz\/?s={search_term_string}\"},\"query-input\":{\"@type\":\"PropertyValueSpecification\",\"valueRequired\":true,\"valueName\":\"search_term_string\"}}],\"inLanguage\":\"cs\"}]}<\/script>\n<!-- \/ Yoast SEO plugin. -->","yoast_head_json":{"title":"About us (team) - Fotogalerie - Praha 19","robots":{"index":"noindex","follow":"follow","max-snippet":"max-snippet:-1","max-image-preview":"max-image-preview:large","max-video-preview":"max-video-preview:-1"},"og_locale":"cs_CZ","og_type":"article","og_title":"About us (team) - Fotogalerie - Praha 19","og_description":"[mks_col] [mks_one_third] [\/mks_one_third] [mks_one_third] [\/mks_one_third] [mks_one_third] [\/mks_one_third] [\/mks_col] Team of freelance photographers that specializes in portraiture, fashion and conceptual photography, and keen to discover new ways of representing identities through photography. Their vibrant compositions often depict subjects in a kind of suspended animation; their halted motion suggests a larger narrative in the space of a [&hellip;]","og_url":"https:\/\/foto.praha-19.ys-beta.cz\/index.php\/about-us-team\/","og_site_name":"Fotogalerie - Praha 19","og_image":[{"url":"http:\/\/localhost\/meks\/pinhole\/wp-content\/uploads\/2017\/10\/pinhole_wordpress_theme_team_1.jpg","type":"","width":"","height":""}],"twitter_card":"summary_large_image","twitter_misc":{"Est. reading time":"1 minuta"},"schema":{"@context":"https:\/\/schema.org","@graph":[{"@type":"WebPage","@id":"https:\/\/foto.praha-19.ys-beta.cz\/index.php\/about-us-team\/","url":"https:\/\/foto.praha-19.ys-beta.cz\/index.php\/about-us-team\/","name":"About us (team) - Fotogalerie - Praha 19","isPartOf":{"@id":"https:\/\/foto.praha-19.ys-beta.cz\/#website"},"primaryImageOfPage":{"@id":"https:\/\/foto.praha-19.ys-beta.cz\/index.php\/about-us-team\/#primaryimage"},"image":{"@id":"https:\/\/foto.praha-19.ys-beta.cz\/index.php\/about-us-team\/#primaryimage"},"thumbnailUrl":"http:\/\/localhost\/meks\/pinhole\/wp-content\/uploads\/2017\/10\/pinhole_wordpress_theme_team_1.jpg","datePublished":"2017-10-11T10:45:06+00:00","breadcrumb":{"@id":"https:\/\/foto.praha-19.ys-beta.cz\/index.php\/about-us-team\/#breadcrumb"},"inLanguage":"cs","potentialAction":[{"@type":"ReadAction","target":["https:\/\/foto.praha-19.ys-beta.cz\/index.php\/about-us-team\/"]}]},{"@type":"ImageObject","inLanguage":"cs","@id":"https:\/\/foto.praha-19.ys-beta.cz\/index.php\/about-us-team\/#primaryimage","url":"http:\/\/localhost\/meks\/pinhole\/wp-content\/uploads\/2017\/10\/pinhole_wordpress_theme_team_1.jpg","contentUrl":"http:\/\/localhost\/meks\/pinhole\/wp-content\/uploads\/2017\/10\/pinhole_wordpress_theme_team_1.jpg"},{"@type":"BreadcrumbList","@id":"https:\/\/foto.praha-19.ys-beta.cz\/index.php\/about-us-team\/#breadcrumb","itemListElement":[{"@type":"ListItem","position":1,"name":"Home","item":"https:\/\/foto.praha-19.ys-beta.cz\/"},{"@type":"ListItem","position":2,"name":"About us (team)"}]},{"@type":"WebSite","@id":"https:\/\/foto.praha-19.ys-beta.cz\/#website","url":"https:\/\/foto.praha-19.ys-beta.cz\/","name":"Fotogalerie - Praha 19","description":"Fotogalerie m\u011bstsk\u00e9 \u010d\u00e1sti Praha 19","potentialAction":[{"@type":"SearchAction","target":{"@type":"EntryPoint","urlTemplate":"https:\/\/foto.praha-19.ys-beta.cz\/?s={search_term_string}"},"query-input":{"@type":"PropertyValueSpecification","valueRequired":true,"valueName":"search_term_string"}}],"inLanguage":"cs"}]}},"_links":{"self":[{"href":"https:\/\/foto.praha-19.ys-beta.cz\/index.php\/wp-json\/wp\/v2\/pages\/710","targetHints":{"allow":["GET"]}}],"collection":[{"href":"https:\/\/foto.praha-19.ys-beta.cz\/index.php\/wp-json\/wp\/v2\/pages"}],"about":[{"href":"https:\/\/foto.praha-19.ys-beta.cz\/index.php\/wp-json\/wp\/v2\/types\/page"}],"author":[{"embeddable":true,"href":"https:\/\/foto.praha-19.ys-beta.cz\/index.php\/wp-json\/wp\/v2\/users\/2"}],"replies":[{"embeddable":true,"href":"https:\/\/foto.praha-19.ys-beta.cz\/index.php\/wp-json\/wp\/v2\/comments?post=710"}],"version-history":[{"count":0,"href":"https:\/\/foto.praha-19.ys-beta.cz\/index.php\/wp-json\/wp\/v2\/pages\/710\/revisions"}],"wp:attachment":[{"href":"https:\/\/foto.praha-19.ys-beta.cz\/index.php\/wp-json\/wp\/v2\/media?parent=710"}],"curies":[{"name":"wp","href":"https:\/\/api.w.org\/{rel}","templated":true}]}}