{"id":706,"date":"2017-10-11T10:35:10","date_gmt":"2017-10-11T10:35:10","guid":{"rendered":"https:\/\/demo.mekshq.com\/pinhole\/dc\/?page_id=706"},"modified":"2017-10-11T10:35:10","modified_gmt":"2017-10-11T10:35:10","slug":"about-me-video-gallery","status":"publish","type":"page","link":"https:\/\/foto.praha-19.ys-beta.cz\/index.php\/about-me-video-gallery\/","title":{"rendered":"About me (video &#038; gallery)"},"content":{"rendered":"\n\t\t\t\t<div class=\"alignone\">\n<p><iframe loading=\"lazy\" width=\"1194\" height=\"672\" src=\"https:\/\/www.youtube.com\/embed\/vwe_08FOc50?feature=oembed\" frameborder=\"0\" allow=\"accelerometer; autoplay; encrypted-media; gyroscope; picture-in-picture\" allowfullscreen><\/iframe><\/p>\n<\/div>\n<h5 style=\"text-align: center;\">My favorite shooting places<\/h5>\n<p class=\"text-center\">Due to licencing rules and technical limitations, demo images are not included in galleries. You just need to <a href=\"\">edit this page<\/a> and add some of your own images to the existing gallery. While on the page edit screen, make sure the content editor is set to visual mode and just click the gallery icon\/button.<\/p>\n<blockquote>\n<p>There is only you and your camera. The limitations in your photography are in yourself, for what we see is what we are.<\/p>\n<p><strong>\u2013 Ernst Haas<\/strong><\/p>\n<\/blockquote>\n<p><strong>Martin Lawrence<\/strong> is a freelance photographer that specializes in portraiture, fashion and conceptual photography, and keen to discover new ways of representing identities through photography. His vibrant compositions often depict subjects in a kind of suspended animation; their halted motion suggests a larger narrative in the space of a single incident. The services he offers include:\u00a0<span style=\"font-size: 1.4rem;\"><strong>wedding photography<\/strong> ,\u00a0<\/span><span style=\"font-size: 1.4rem;\"><strong>wildlife and outdoors photography<\/strong>,\u00a0<\/span><span style=\"font-size: 1.4rem;\"><strong>family and kids photography<\/strong>,\u00a0<strong>architecture and interior photography<\/strong><\/span><\/p>\n<div>[mks_button size=&#8221;medium&#8221; title=&#8221;Get in touch \u2192&#8221; style=&#8221;squared&#8221; url=&#8221;http:\/\/localhost\/meks\/pinhole\/?page_id=33&#8243; target=&#8221;_self&#8221; bg_color=&#8221;#000000&#8243; txt_color=&#8221;#FFFFFF&#8221; icon=&#8221;&#8221; icon_type=&#8221;&#8221; nofollow=&#8221;0&#8243;]<\/div>\n<p>\u00a0<\/p>\n\n\n<p> <\/p>\n\t\t","protected":false},"excerpt":{"rendered":"<p>My favorite shooting places There is only you and your camera. The limitations in your photography are in yourself, for what we see is what we are. \u2013 Ernst Haas Martin Lawrence is a freelance photographer that specializes in portraiture, fashion and conceptual photography, and keen to discover new ways of representing identities through photography. [&hellip;]<\/p>\n","protected":false},"author":2,"featured_media":0,"parent":0,"menu_order":0,"comment_status":"closed","ping_status":"closed","template":"","meta":{"footnotes":""},"class_list":["post-706","page","type-page","status-publish","hentry"],"yoast_head":"<!-- This site is optimized with the Yoast SEO plugin v27.2 - https:\/\/yoast.com\/product\/yoast-seo-wordpress\/ -->\n<title>About me (video &amp; gallery) - Fotogalerie - Praha 19<\/title>\n<meta name=\"robots\" content=\"noindex, follow, max-snippet:-1, max-image-preview:large, max-video-preview:-1\" \/>\n<meta property=\"og:locale\" content=\"cs_CZ\" \/>\n<meta property=\"og:type\" content=\"article\" \/>\n<meta property=\"og:title\" content=\"About me (video &amp; gallery) - Fotogalerie - Praha 19\" \/>\n<meta property=\"og:description\" content=\"My favorite shooting places There is only you and your camera. The limitations in your photography are in yourself, for what we see is what we are. \u2013 Ernst Haas Martin Lawrence is a freelance photographer that specializes in portraiture, fashion and conceptual photography, and keen to discover new ways of representing identities through photography. [&hellip;]\" \/>\n<meta property=\"og:url\" content=\"https:\/\/foto.praha-19.ys-beta.cz\/index.php\/about-me-video-gallery\/\" \/>\n<meta property=\"og:site_name\" content=\"Fotogalerie - Praha 19\" \/>\n<meta name=\"twitter:card\" content=\"summary_large_image\" \/>\n<meta name=\"twitter:label1\" content=\"Est. reading time\" \/>\n\t<meta name=\"twitter:data1\" content=\"1 minuta\" \/>\n<script type=\"application\/ld+json\" class=\"yoast-schema-graph\">{\"@context\":\"https:\/\/schema.org\",\"@graph\":[{\"@type\":\"WebPage\",\"@id\":\"https:\/\/foto.praha-19.ys-beta.cz\/index.php\/about-me-video-gallery\/\",\"url\":\"https:\/\/foto.praha-19.ys-beta.cz\/index.php\/about-me-video-gallery\/\",\"name\":\"About me (video & gallery) - Fotogalerie - Praha 19\",\"isPartOf\":{\"@id\":\"https:\/\/foto.praha-19.ys-beta.cz\/#website\"},\"datePublished\":\"2017-10-11T10:35:10+00:00\",\"breadcrumb\":{\"@id\":\"https:\/\/foto.praha-19.ys-beta.cz\/index.php\/about-me-video-gallery\/#breadcrumb\"},\"inLanguage\":\"cs\",\"potentialAction\":[{\"@type\":\"ReadAction\",\"target\":[\"https:\/\/foto.praha-19.ys-beta.cz\/index.php\/about-me-video-gallery\/\"]}]},{\"@type\":\"BreadcrumbList\",\"@id\":\"https:\/\/foto.praha-19.ys-beta.cz\/index.php\/about-me-video-gallery\/#breadcrumb\",\"itemListElement\":[{\"@type\":\"ListItem\",\"position\":1,\"name\":\"Home\",\"item\":\"https:\/\/foto.praha-19.ys-beta.cz\/\"},{\"@type\":\"ListItem\",\"position\":2,\"name\":\"About me (video &#038; gallery)\"}]},{\"@type\":\"WebSite\",\"@id\":\"https:\/\/foto.praha-19.ys-beta.cz\/#website\",\"url\":\"https:\/\/foto.praha-19.ys-beta.cz\/\",\"name\":\"Fotogalerie - Praha 19\",\"description\":\"Fotogalerie m\u011bstsk\u00e9 \u010d\u00e1sti Praha 19\",\"potentialAction\":[{\"@type\":\"SearchAction\",\"target\":{\"@type\":\"EntryPoint\",\"urlTemplate\":\"https:\/\/foto.praha-19.ys-beta.cz\/?s={search_term_string}\"},\"query-input\":{\"@type\":\"PropertyValueSpecification\",\"valueRequired\":true,\"valueName\":\"search_term_string\"}}],\"inLanguage\":\"cs\"}]}<\/script>\n<!-- \/ Yoast SEO plugin. -->","yoast_head_json":{"title":"About me (video & gallery) - Fotogalerie - Praha 19","robots":{"index":"noindex","follow":"follow","max-snippet":"max-snippet:-1","max-image-preview":"max-image-preview:large","max-video-preview":"max-video-preview:-1"},"og_locale":"cs_CZ","og_type":"article","og_title":"About me (video & gallery) - Fotogalerie - Praha 19","og_description":"My favorite shooting places There is only you and your camera. The limitations in your photography are in yourself, for what we see is what we are. \u2013 Ernst Haas Martin Lawrence is a freelance photographer that specializes in portraiture, fashion and conceptual photography, and keen to discover new ways of representing identities through photography. [&hellip;]","og_url":"https:\/\/foto.praha-19.ys-beta.cz\/index.php\/about-me-video-gallery\/","og_site_name":"Fotogalerie - Praha 19","twitter_card":"summary_large_image","twitter_misc":{"Est. reading time":"1 minuta"},"schema":{"@context":"https:\/\/schema.org","@graph":[{"@type":"WebPage","@id":"https:\/\/foto.praha-19.ys-beta.cz\/index.php\/about-me-video-gallery\/","url":"https:\/\/foto.praha-19.ys-beta.cz\/index.php\/about-me-video-gallery\/","name":"About me (video & gallery) - Fotogalerie - Praha 19","isPartOf":{"@id":"https:\/\/foto.praha-19.ys-beta.cz\/#website"},"datePublished":"2017-10-11T10:35:10+00:00","breadcrumb":{"@id":"https:\/\/foto.praha-19.ys-beta.cz\/index.php\/about-me-video-gallery\/#breadcrumb"},"inLanguage":"cs","potentialAction":[{"@type":"ReadAction","target":["https:\/\/foto.praha-19.ys-beta.cz\/index.php\/about-me-video-gallery\/"]}]},{"@type":"BreadcrumbList","@id":"https:\/\/foto.praha-19.ys-beta.cz\/index.php\/about-me-video-gallery\/#breadcrumb","itemListElement":[{"@type":"ListItem","position":1,"name":"Home","item":"https:\/\/foto.praha-19.ys-beta.cz\/"},{"@type":"ListItem","position":2,"name":"About me (video &#038; gallery)"}]},{"@type":"WebSite","@id":"https:\/\/foto.praha-19.ys-beta.cz\/#website","url":"https:\/\/foto.praha-19.ys-beta.cz\/","name":"Fotogalerie - Praha 19","description":"Fotogalerie m\u011bstsk\u00e9 \u010d\u00e1sti Praha 19","potentialAction":[{"@type":"SearchAction","target":{"@type":"EntryPoint","urlTemplate":"https:\/\/foto.praha-19.ys-beta.cz\/?s={search_term_string}"},"query-input":{"@type":"PropertyValueSpecification","valueRequired":true,"valueName":"search_term_string"}}],"inLanguage":"cs"}]}},"_links":{"self":[{"href":"https:\/\/foto.praha-19.ys-beta.cz\/index.php\/wp-json\/wp\/v2\/pages\/706","targetHints":{"allow":["GET"]}}],"collection":[{"href":"https:\/\/foto.praha-19.ys-beta.cz\/index.php\/wp-json\/wp\/v2\/pages"}],"about":[{"href":"https:\/\/foto.praha-19.ys-beta.cz\/index.php\/wp-json\/wp\/v2\/types\/page"}],"author":[{"embeddable":true,"href":"https:\/\/foto.praha-19.ys-beta.cz\/index.php\/wp-json\/wp\/v2\/users\/2"}],"replies":[{"embeddable":true,"href":"https:\/\/foto.praha-19.ys-beta.cz\/index.php\/wp-json\/wp\/v2\/comments?post=706"}],"version-history":[{"count":0,"href":"https:\/\/foto.praha-19.ys-beta.cz\/index.php\/wp-json\/wp\/v2\/pages\/706\/revisions"}],"wp:attachment":[{"href":"https:\/\/foto.praha-19.ys-beta.cz\/index.php\/wp-json\/wp\/v2\/media?parent=706"}],"curies":[{"name":"wp","href":"https:\/\/api.w.org\/{rel}","templated":true}]}}