{"id":702,"date":"2017-10-11T10:30:44","date_gmt":"2017-10-11T10:30:44","guid":{"rendered":"https:\/\/demo.mekshq.com\/pinhole\/dc\/?page_id=702"},"modified":"2017-10-11T10:30:44","modified_gmt":"2017-10-11T10:30:44","slug":"about-minimal","status":"publish","type":"page","link":"https:\/\/foto.praha-19.ys-beta.cz\/index.php\/about-minimal\/","title":{"rendered":"About (minimal)"},"content":{"rendered":"<p>\t\t\t\t<img loading=\"lazy\" decoding=\"async\" class=\"alignleft wp-image-703\" src=\"http:\/\/localhost\/meks\/pinhole\/wp-content\/uploads\/2017\/10\/pinhole_wordpress_theme.jpg\" alt=\"\" width=\"350\" height=\"486\" \/><strong>Martin Lawrence<\/strong> is a freelance photographer that specializes in portraiture, fashion and conceptual photography, and keen to discover new ways of representing identities through photography. His vibrant compositions often depict subjects in a kind of suspended animation; their halted motion suggests a larger narrative in the space of a single incident.<\/p>\n<p><strong><span style=\"color: #3b5998;\">facebook:<\/span><\/strong> www.facebook.com\/mekshq<br \/>\n<strong><span style=\"color: #1da1f2;\">twitter:<\/span> <\/strong>@mekshq<br \/>\n<strong>US:<\/strong> +1 1234567899<br \/>\n<strong>UK:<\/strong> +44 555333<\/p>\n<p>I would love to tell your story. Let&#8217;s shoot some stuff together &#8211; lights, camera, action!<\/p>\n<p>[mks_button size=&#8221;small&#8221; title=&#8221;Get in touch \u2192&#8221; style=&#8221;squared&#8221; url=&#8221;http:\/\/localhost\/meks\/pinhole\/?page_id=33&#8243; target=&#8221;_self&#8221; bg_color=&#8221;#000000&#8243; txt_color=&#8221;#FFFFFF&#8221; icon=&#8221;&#8221; icon_type=&#8221;&#8221; nofollow=&#8221;0&#8243;]\t\t<\/p>\n","protected":false},"excerpt":{"rendered":"<p>Martin Lawrence is a freelance photographer that specializes in portraiture, fashion and conceptual photography, and keen to discover new ways of representing identities through photography. His vibrant compositions often depict subjects in a kind of suspended animation; their halted motion suggests a larger narrative in the space of a single incident. facebook: www.facebook.com\/mekshq twitter: @mekshq [&hellip;]<\/p>\n","protected":false},"author":2,"featured_media":0,"parent":0,"menu_order":0,"comment_status":"closed","ping_status":"closed","template":"","meta":{"footnotes":""},"class_list":["post-702","page","type-page","status-publish","hentry"],"yoast_head":"<!-- This site is optimized with the Yoast SEO plugin v27.2 - https:\/\/yoast.com\/product\/yoast-seo-wordpress\/ -->\n<title>About (minimal) - Fotogalerie - Praha 19<\/title>\n<meta name=\"robots\" content=\"noindex, follow, max-snippet:-1, max-image-preview:large, max-video-preview:-1\" \/>\n<meta property=\"og:locale\" content=\"cs_CZ\" \/>\n<meta property=\"og:type\" content=\"article\" \/>\n<meta property=\"og:title\" content=\"About (minimal) - Fotogalerie - Praha 19\" \/>\n<meta property=\"og:description\" content=\"Martin Lawrence is a freelance photographer that specializes in portraiture, fashion and conceptual photography, and keen to discover new ways of representing identities through photography. His vibrant compositions often depict subjects in a kind of suspended animation; their halted motion suggests a larger narrative in the space of a single incident. facebook: www.facebook.com\/mekshq twitter: @mekshq [&hellip;]\" \/>\n<meta property=\"og:url\" content=\"https:\/\/foto.praha-19.ys-beta.cz\/index.php\/about-minimal\/\" \/>\n<meta property=\"og:site_name\" content=\"Fotogalerie - Praha 19\" \/>\n<meta property=\"og:image\" content=\"http:\/\/localhost\/meks\/pinhole\/wp-content\/uploads\/2017\/10\/pinhole_wordpress_theme.jpg\" \/>\n<meta name=\"twitter:card\" content=\"summary_large_image\" \/>\n<meta name=\"twitter:label1\" content=\"Est. reading time\" \/>\n\t<meta name=\"twitter:data1\" content=\"1 minuta\" \/>\n<script type=\"application\/ld+json\" class=\"yoast-schema-graph\">{\"@context\":\"https:\/\/schema.org\",\"@graph\":[{\"@type\":\"WebPage\",\"@id\":\"https:\/\/foto.praha-19.ys-beta.cz\/index.php\/about-minimal\/\",\"url\":\"https:\/\/foto.praha-19.ys-beta.cz\/index.php\/about-minimal\/\",\"name\":\"About (minimal) - Fotogalerie - Praha 19\",\"isPartOf\":{\"@id\":\"https:\/\/foto.praha-19.ys-beta.cz\/#website\"},\"primaryImageOfPage\":{\"@id\":\"https:\/\/foto.praha-19.ys-beta.cz\/index.php\/about-minimal\/#primaryimage\"},\"image\":{\"@id\":\"https:\/\/foto.praha-19.ys-beta.cz\/index.php\/about-minimal\/#primaryimage\"},\"thumbnailUrl\":\"http:\/\/localhost\/meks\/pinhole\/wp-content\/uploads\/2017\/10\/pinhole_wordpress_theme.jpg\",\"datePublished\":\"2017-10-11T10:30:44+00:00\",\"breadcrumb\":{\"@id\":\"https:\/\/foto.praha-19.ys-beta.cz\/index.php\/about-minimal\/#breadcrumb\"},\"inLanguage\":\"cs\",\"potentialAction\":[{\"@type\":\"ReadAction\",\"target\":[\"https:\/\/foto.praha-19.ys-beta.cz\/index.php\/about-minimal\/\"]}]},{\"@type\":\"ImageObject\",\"inLanguage\":\"cs\",\"@id\":\"https:\/\/foto.praha-19.ys-beta.cz\/index.php\/about-minimal\/#primaryimage\",\"url\":\"http:\/\/localhost\/meks\/pinhole\/wp-content\/uploads\/2017\/10\/pinhole_wordpress_theme.jpg\",\"contentUrl\":\"http:\/\/localhost\/meks\/pinhole\/wp-content\/uploads\/2017\/10\/pinhole_wordpress_theme.jpg\"},{\"@type\":\"BreadcrumbList\",\"@id\":\"https:\/\/foto.praha-19.ys-beta.cz\/index.php\/about-minimal\/#breadcrumb\",\"itemListElement\":[{\"@type\":\"ListItem\",\"position\":1,\"name\":\"Home\",\"item\":\"https:\/\/foto.praha-19.ys-beta.cz\/\"},{\"@type\":\"ListItem\",\"position\":2,\"name\":\"About (minimal)\"}]},{\"@type\":\"WebSite\",\"@id\":\"https:\/\/foto.praha-19.ys-beta.cz\/#website\",\"url\":\"https:\/\/foto.praha-19.ys-beta.cz\/\",\"name\":\"Fotogalerie - Praha 19\",\"description\":\"Fotogalerie m\u011bstsk\u00e9 \u010d\u00e1sti Praha 19\",\"potentialAction\":[{\"@type\":\"SearchAction\",\"target\":{\"@type\":\"EntryPoint\",\"urlTemplate\":\"https:\/\/foto.praha-19.ys-beta.cz\/?s={search_term_string}\"},\"query-input\":{\"@type\":\"PropertyValueSpecification\",\"valueRequired\":true,\"valueName\":\"search_term_string\"}}],\"inLanguage\":\"cs\"}]}<\/script>\n<!-- \/ Yoast SEO plugin. -->","yoast_head_json":{"title":"About (minimal) - Fotogalerie - Praha 19","robots":{"index":"noindex","follow":"follow","max-snippet":"max-snippet:-1","max-image-preview":"max-image-preview:large","max-video-preview":"max-video-preview:-1"},"og_locale":"cs_CZ","og_type":"article","og_title":"About (minimal) - Fotogalerie - Praha 19","og_description":"Martin Lawrence is a freelance photographer that specializes in portraiture, fashion and conceptual photography, and keen to discover new ways of representing identities through photography. His vibrant compositions often depict subjects in a kind of suspended animation; their halted motion suggests a larger narrative in the space of a single incident. facebook: www.facebook.com\/mekshq twitter: @mekshq [&hellip;]","og_url":"https:\/\/foto.praha-19.ys-beta.cz\/index.php\/about-minimal\/","og_site_name":"Fotogalerie - Praha 19","og_image":[{"url":"http:\/\/localhost\/meks\/pinhole\/wp-content\/uploads\/2017\/10\/pinhole_wordpress_theme.jpg","type":"","width":"","height":""}],"twitter_card":"summary_large_image","twitter_misc":{"Est. reading time":"1 minuta"},"schema":{"@context":"https:\/\/schema.org","@graph":[{"@type":"WebPage","@id":"https:\/\/foto.praha-19.ys-beta.cz\/index.php\/about-minimal\/","url":"https:\/\/foto.praha-19.ys-beta.cz\/index.php\/about-minimal\/","name":"About (minimal) - Fotogalerie - Praha 19","isPartOf":{"@id":"https:\/\/foto.praha-19.ys-beta.cz\/#website"},"primaryImageOfPage":{"@id":"https:\/\/foto.praha-19.ys-beta.cz\/index.php\/about-minimal\/#primaryimage"},"image":{"@id":"https:\/\/foto.praha-19.ys-beta.cz\/index.php\/about-minimal\/#primaryimage"},"thumbnailUrl":"http:\/\/localhost\/meks\/pinhole\/wp-content\/uploads\/2017\/10\/pinhole_wordpress_theme.jpg","datePublished":"2017-10-11T10:30:44+00:00","breadcrumb":{"@id":"https:\/\/foto.praha-19.ys-beta.cz\/index.php\/about-minimal\/#breadcrumb"},"inLanguage":"cs","potentialAction":[{"@type":"ReadAction","target":["https:\/\/foto.praha-19.ys-beta.cz\/index.php\/about-minimal\/"]}]},{"@type":"ImageObject","inLanguage":"cs","@id":"https:\/\/foto.praha-19.ys-beta.cz\/index.php\/about-minimal\/#primaryimage","url":"http:\/\/localhost\/meks\/pinhole\/wp-content\/uploads\/2017\/10\/pinhole_wordpress_theme.jpg","contentUrl":"http:\/\/localhost\/meks\/pinhole\/wp-content\/uploads\/2017\/10\/pinhole_wordpress_theme.jpg"},{"@type":"BreadcrumbList","@id":"https:\/\/foto.praha-19.ys-beta.cz\/index.php\/about-minimal\/#breadcrumb","itemListElement":[{"@type":"ListItem","position":1,"name":"Home","item":"https:\/\/foto.praha-19.ys-beta.cz\/"},{"@type":"ListItem","position":2,"name":"About (minimal)"}]},{"@type":"WebSite","@id":"https:\/\/foto.praha-19.ys-beta.cz\/#website","url":"https:\/\/foto.praha-19.ys-beta.cz\/","name":"Fotogalerie - Praha 19","description":"Fotogalerie m\u011bstsk\u00e9 \u010d\u00e1sti Praha 19","potentialAction":[{"@type":"SearchAction","target":{"@type":"EntryPoint","urlTemplate":"https:\/\/foto.praha-19.ys-beta.cz\/?s={search_term_string}"},"query-input":{"@type":"PropertyValueSpecification","valueRequired":true,"valueName":"search_term_string"}}],"inLanguage":"cs"}]}},"_links":{"self":[{"href":"https:\/\/foto.praha-19.ys-beta.cz\/index.php\/wp-json\/wp\/v2\/pages\/702","targetHints":{"allow":["GET"]}}],"collection":[{"href":"https:\/\/foto.praha-19.ys-beta.cz\/index.php\/wp-json\/wp\/v2\/pages"}],"about":[{"href":"https:\/\/foto.praha-19.ys-beta.cz\/index.php\/wp-json\/wp\/v2\/types\/page"}],"author":[{"embeddable":true,"href":"https:\/\/foto.praha-19.ys-beta.cz\/index.php\/wp-json\/wp\/v2\/users\/2"}],"replies":[{"embeddable":true,"href":"https:\/\/foto.praha-19.ys-beta.cz\/index.php\/wp-json\/wp\/v2\/comments?post=702"}],"version-history":[{"count":1,"href":"https:\/\/foto.praha-19.ys-beta.cz\/index.php\/wp-json\/wp\/v2\/pages\/702\/revisions"}],"predecessor-version":[{"id":821,"href":"https:\/\/foto.praha-19.ys-beta.cz\/index.php\/wp-json\/wp\/v2\/pages\/702\/revisions\/821"}],"wp:attachment":[{"href":"https:\/\/foto.praha-19.ys-beta.cz\/index.php\/wp-json\/wp\/v2\/media?parent=702"}],"curies":[{"name":"wp","href":"https:\/\/api.w.org\/{rel}","templated":true}]}}