{"id":5091,"date":"2020-09-01T17:06:00","date_gmt":"2020-09-01T15:06:00","guid":{"rendered":"https:\/\/foto.praha-19.ys-beta.cz\/?page_id=5091"},"modified":"2022-11-24T17:10:31","modified_gmt":"2022-11-24T15:10:31","slug":"pohadkovy-park","status":"publish","type":"page","link":"https:\/\/foto.praha-19.ys-beta.cz\/index.php\/pohadkovy-park\/","title":{"rendered":"Poh\u00e1dkov\u00fd park"},"content":{"rendered":"\n<ol class=\"wp-block-list\"><li>z\u00e1\u0159\u00ed 2020 &#8211; Centr\u00e1ln\u00ed park Kbely<\/li><\/ol>\n\n\n\n<pre class=\"wp-block-verse\">\u201ePoj\u010fte se vydat tou poh\u00e1dkovou cestou \u2013 t\u00edm sm\u011brem a\u017e k m\u00edstu u princezny Zlatovl\u00e1sky, kolem Krte\u010dka, vodn\u00edka a Ferdy mravence nebo sle\u010dny Beru\u0161ky, pobl\u00ed\u017e ka\u010dera Donalda natref\u00edte na zn\u00e1m\u00e9 poplety Pata a Mata, tak\u00e9 \u2013 a\u0165 v\u00e1s neutan\u010d\u00ed Makov\u00e1 panenka\u2026 ale hlavn\u011b pozor z cel\u00e9 cesty na zl\u00e9ho vlka u Karkulky, kudy pot\u00e9 dojdete na kone\u010dn\u00e9 stanovi\u0161t\u011b kr\u00e1lovny poh\u00e1dkov\u00e9 \u0159\u00ed\u0161e pro odm\u011bnu  \u2013 tak tedy:  VZH\u016eRU ZA DOBRODRU\u017dSTV\u00cdM \u2013 ZEM\u011a POH\u00c1DEK JE TU PRO V\u00c1S ! \u201c. Zazn\u011blo hned prvn\u00ed \u0161koln\u00ed den, kdy kbelsk\u00e1 radnice uspo\u0159\u00e1dala pro v\u0161echny d\u011bti od 0-100 let akci s n\u00e1zvem Poh\u00e1dkov\u00fd park s poh\u00e1dkovou muzikou i d\u011btsk\u00fdm divad\u00e9lkem O Zlatovl\u00e1sce. \r\nPrvn\u00ed z\u00e1\u0159iov\u00e9 odpoledne sv\u00fdm po\u010das\u00edm p\u0159ekvapilo a p\u0159\u00edmo vyb\u00edzelo p\u0159ich\u00e1zej\u00edc\u00ed rodiny s d\u011btmi k p\u0159\u00edjemn\u00e9 proch\u00e1zce parkem, kde ji\u017e byly rozm\u00edst\u011bny sportovn\u00ed, v\u011bdomostn\u00ed, kouzeln\u00e9 \u010di stra\u0161ideln\u00e9 discipl\u00edny se zn\u00e1m\u00fdmi postavi\u010dkami z poh\u00e1dek a ve\u010dern\u00ed\u010dk\u016f. Dobrodru\u017estv\u00ed \u010d\u00edhalo z ka\u017ed\u00e9ho koutu, d\u011bti si vyhledaly po parku 30 stanovi\u0161\u0165 a zdol\u00e1valy r\u016fzn\u00e9 zaj\u00edmav\u00e9 \u00fakoly podle v\u011bku a mo\u017enost\u00ed. Za ka\u017edou discipl\u00ednu dostaly raz\u00edtko a za v\u011bt\u0161\u00ed po\u010det spln\u011bn\u00fdch sout\u011b\u017e\u00ed \u010dekala ka\u017ed\u00e9ho odm\u011bna v infostanu M\u011bstsk\u00e9 \u010d\u00e1sti Praha 19.\r\nT\u00edmto bych r\u00e1da pod\u011bkovala v\u0161em, kte\u0159\u00ed n\u00e1m pomohli p\u0159i organizaci \u2013 jsou to p\u0159edev\u0161\u00edm ochotn\u00ed zam\u011bstnanci kbelsk\u00e9ho \u00fa\u0159adu a jejich rodiny i p\u0159\u00e1tel\u00e9 v rol\u00edch anim\u00e1k\u016f, \u010dlenov\u00e9 spolku Kbely-n\u00e1\u0161 domov, KRC Cobydup, MHMP, Ekocentrum Prales, m\u00edstn\u00ed sportovn\u00ed kluby Spartak Kbely a Sokol Kbely-odd\u00edl pozemn\u00edho hokeje, Spolek podporovatel\u016f Sokol Kbely.\r\nBudeme se op\u011bt t\u011b\u0161it na dal\u0161\u00ed setk\u00e1n\u00ed s v\u00e1mi na kulturn\u00edch akc\u00edch ve Kbel\u00edch, chcete-li - pos\u00edlejte, pros\u00edm i sv\u00e9 n\u00e1m\u011bty, dotazy \u010di p\u0159ipom\u00ednky k akc\u00edm nap\u0159. na mail. <a href=\"mailto:sarka.egrtova@kbely.mepnet.cz\">sarka.egrtova@kbely.mepnet.cz<\/a>.\n\r\nFotografie Michala Marela\r\n<\/pre>\n","protected":false},"excerpt":{"rendered":"<p>z\u00e1\u0159\u00ed 2020 &#8211; Centr\u00e1ln\u00ed park Kbely \u201ePoj\u010fte se vydat tou poh\u00e1dkovou cestou \u2013 t\u00edm sm\u011brem a\u017e k m\u00edstu u princezny Zlatovl\u00e1sky, kolem Krte\u010dka, vodn\u00edka a Ferdy mravence nebo sle\u010dny Beru\u0161ky, pobl\u00ed\u017e ka\u010dera Donalda natref\u00edte na zn\u00e1m\u00e9 poplety Pata a Mata, tak\u00e9 \u2013 a\u0165 v\u00e1s neutan\u010d\u00ed Makov\u00e1 panenka\u2026 ale hlavn\u011b pozor z cel\u00e9 cesty na zl\u00e9ho [&hellip;]<\/p>\n","protected":false},"author":6,"featured_media":0,"parent":0,"menu_order":0,"comment_status":"closed","ping_status":"closed","template":"","meta":{"footnotes":""},"class_list":["post-5091","page","type-page","status-publish","hentry"],"yoast_head":"<!-- This site is optimized with the Yoast SEO plugin v27.2 - https:\/\/yoast.com\/product\/yoast-seo-wordpress\/ -->\n<title>Poh\u00e1dkov\u00fd park - Fotogalerie - Praha 19<\/title>\n<meta name=\"robots\" content=\"noindex, follow, max-snippet:-1, max-image-preview:large, max-video-preview:-1\" \/>\n<meta property=\"og:locale\" content=\"cs_CZ\" \/>\n<meta property=\"og:type\" content=\"article\" \/>\n<meta property=\"og:title\" content=\"Poh\u00e1dkov\u00fd park - Fotogalerie - Praha 19\" \/>\n<meta property=\"og:description\" content=\"z\u00e1\u0159\u00ed 2020 &#8211; Centr\u00e1ln\u00ed park Kbely \u201ePoj\u010fte se vydat tou poh\u00e1dkovou cestou \u2013 t\u00edm sm\u011brem a\u017e k m\u00edstu u princezny Zlatovl\u00e1sky, kolem Krte\u010dka, vodn\u00edka a Ferdy mravence nebo sle\u010dny Beru\u0161ky, pobl\u00ed\u017e ka\u010dera Donalda natref\u00edte na zn\u00e1m\u00e9 poplety Pata a Mata, tak\u00e9 \u2013 a\u0165 v\u00e1s neutan\u010d\u00ed Makov\u00e1 panenka\u2026 ale hlavn\u011b pozor z cel\u00e9 cesty na zl\u00e9ho [&hellip;]\" \/>\n<meta property=\"og:url\" content=\"https:\/\/foto.praha-19.ys-beta.cz\/index.php\/pohadkovy-park\/\" \/>\n<meta property=\"og:site_name\" content=\"Fotogalerie - Praha 19\" \/>\n<meta property=\"article:modified_time\" content=\"2022-11-24T15:10:31+00:00\" \/>\n<meta name=\"twitter:card\" content=\"summary_large_image\" \/>\n<meta name=\"twitter:label1\" content=\"Est. reading time\" \/>\n\t<meta name=\"twitter:data1\" content=\"2 minuty\" \/>\n<script type=\"application\/ld+json\" class=\"yoast-schema-graph\">{\"@context\":\"https:\/\/schema.org\",\"@graph\":[{\"@type\":\"WebPage\",\"@id\":\"https:\/\/foto.praha-19.ys-beta.cz\/index.php\/pohadkovy-park\/\",\"url\":\"https:\/\/foto.praha-19.ys-beta.cz\/index.php\/pohadkovy-park\/\",\"name\":\"Poh\u00e1dkov\u00fd park - Fotogalerie - Praha 19\",\"isPartOf\":{\"@id\":\"https:\/\/foto.praha-19.ys-beta.cz\/#website\"},\"datePublished\":\"2020-09-01T15:06:00+00:00\",\"dateModified\":\"2022-11-24T15:10:31+00:00\",\"breadcrumb\":{\"@id\":\"https:\/\/foto.praha-19.ys-beta.cz\/index.php\/pohadkovy-park\/#breadcrumb\"},\"inLanguage\":\"cs\",\"potentialAction\":[{\"@type\":\"ReadAction\",\"target\":[\"https:\/\/foto.praha-19.ys-beta.cz\/index.php\/pohadkovy-park\/\"]}]},{\"@type\":\"BreadcrumbList\",\"@id\":\"https:\/\/foto.praha-19.ys-beta.cz\/index.php\/pohadkovy-park\/#breadcrumb\",\"itemListElement\":[{\"@type\":\"ListItem\",\"position\":1,\"name\":\"Home\",\"item\":\"https:\/\/foto.praha-19.ys-beta.cz\/\"},{\"@type\":\"ListItem\",\"position\":2,\"name\":\"Poh\u00e1dkov\u00fd park\"}]},{\"@type\":\"WebSite\",\"@id\":\"https:\/\/foto.praha-19.ys-beta.cz\/#website\",\"url\":\"https:\/\/foto.praha-19.ys-beta.cz\/\",\"name\":\"Fotogalerie - Praha 19\",\"description\":\"Fotogalerie m\u011bstsk\u00e9 \u010d\u00e1sti Praha 19\",\"potentialAction\":[{\"@type\":\"SearchAction\",\"target\":{\"@type\":\"EntryPoint\",\"urlTemplate\":\"https:\/\/foto.praha-19.ys-beta.cz\/?s={search_term_string}\"},\"query-input\":{\"@type\":\"PropertyValueSpecification\",\"valueRequired\":true,\"valueName\":\"search_term_string\"}}],\"inLanguage\":\"cs\"}]}<\/script>\n<!-- \/ Yoast SEO plugin. -->","yoast_head_json":{"title":"Poh\u00e1dkov\u00fd park - Fotogalerie - Praha 19","robots":{"index":"noindex","follow":"follow","max-snippet":"max-snippet:-1","max-image-preview":"max-image-preview:large","max-video-preview":"max-video-preview:-1"},"og_locale":"cs_CZ","og_type":"article","og_title":"Poh\u00e1dkov\u00fd park - Fotogalerie - Praha 19","og_description":"z\u00e1\u0159\u00ed 2020 &#8211; Centr\u00e1ln\u00ed park Kbely \u201ePoj\u010fte se vydat tou poh\u00e1dkovou cestou \u2013 t\u00edm sm\u011brem a\u017e k m\u00edstu u princezny Zlatovl\u00e1sky, kolem Krte\u010dka, vodn\u00edka a Ferdy mravence nebo sle\u010dny Beru\u0161ky, pobl\u00ed\u017e ka\u010dera Donalda natref\u00edte na zn\u00e1m\u00e9 poplety Pata a Mata, tak\u00e9 \u2013 a\u0165 v\u00e1s neutan\u010d\u00ed Makov\u00e1 panenka\u2026 ale hlavn\u011b pozor z cel\u00e9 cesty na zl\u00e9ho [&hellip;]","og_url":"https:\/\/foto.praha-19.ys-beta.cz\/index.php\/pohadkovy-park\/","og_site_name":"Fotogalerie - Praha 19","article_modified_time":"2022-11-24T15:10:31+00:00","twitter_card":"summary_large_image","twitter_misc":{"Est. reading time":"2 minuty"},"schema":{"@context":"https:\/\/schema.org","@graph":[{"@type":"WebPage","@id":"https:\/\/foto.praha-19.ys-beta.cz\/index.php\/pohadkovy-park\/","url":"https:\/\/foto.praha-19.ys-beta.cz\/index.php\/pohadkovy-park\/","name":"Poh\u00e1dkov\u00fd park - Fotogalerie - Praha 19","isPartOf":{"@id":"https:\/\/foto.praha-19.ys-beta.cz\/#website"},"datePublished":"2020-09-01T15:06:00+00:00","dateModified":"2022-11-24T15:10:31+00:00","breadcrumb":{"@id":"https:\/\/foto.praha-19.ys-beta.cz\/index.php\/pohadkovy-park\/#breadcrumb"},"inLanguage":"cs","potentialAction":[{"@type":"ReadAction","target":["https:\/\/foto.praha-19.ys-beta.cz\/index.php\/pohadkovy-park\/"]}]},{"@type":"BreadcrumbList","@id":"https:\/\/foto.praha-19.ys-beta.cz\/index.php\/pohadkovy-park\/#breadcrumb","itemListElement":[{"@type":"ListItem","position":1,"name":"Home","item":"https:\/\/foto.praha-19.ys-beta.cz\/"},{"@type":"ListItem","position":2,"name":"Poh\u00e1dkov\u00fd park"}]},{"@type":"WebSite","@id":"https:\/\/foto.praha-19.ys-beta.cz\/#website","url":"https:\/\/foto.praha-19.ys-beta.cz\/","name":"Fotogalerie - Praha 19","description":"Fotogalerie m\u011bstsk\u00e9 \u010d\u00e1sti Praha 19","potentialAction":[{"@type":"SearchAction","target":{"@type":"EntryPoint","urlTemplate":"https:\/\/foto.praha-19.ys-beta.cz\/?s={search_term_string}"},"query-input":{"@type":"PropertyValueSpecification","valueRequired":true,"valueName":"search_term_string"}}],"inLanguage":"cs"}]}},"_links":{"self":[{"href":"https:\/\/foto.praha-19.ys-beta.cz\/index.php\/wp-json\/wp\/v2\/pages\/5091","targetHints":{"allow":["GET"]}}],"collection":[{"href":"https:\/\/foto.praha-19.ys-beta.cz\/index.php\/wp-json\/wp\/v2\/pages"}],"about":[{"href":"https:\/\/foto.praha-19.ys-beta.cz\/index.php\/wp-json\/wp\/v2\/types\/page"}],"author":[{"embeddable":true,"href":"https:\/\/foto.praha-19.ys-beta.cz\/index.php\/wp-json\/wp\/v2\/users\/6"}],"replies":[{"embeddable":true,"href":"https:\/\/foto.praha-19.ys-beta.cz\/index.php\/wp-json\/wp\/v2\/comments?post=5091"}],"version-history":[{"count":1,"href":"https:\/\/foto.praha-19.ys-beta.cz\/index.php\/wp-json\/wp\/v2\/pages\/5091\/revisions"}],"predecessor-version":[{"id":5143,"href":"https:\/\/foto.praha-19.ys-beta.cz\/index.php\/wp-json\/wp\/v2\/pages\/5091\/revisions\/5143"}],"wp:attachment":[{"href":"https:\/\/foto.praha-19.ys-beta.cz\/index.php\/wp-json\/wp\/v2\/media?parent=5091"}],"curies":[{"name":"wp","href":"https:\/\/api.w.org\/{rel}","templated":true}]}}