{"id":391,"date":"2017-08-03T10:19:02","date_gmt":"2017-08-03T10:19:02","guid":{"rendered":"https:\/\/demo.mekshq.com\/pinhole\/dc\/?page_id=391"},"modified":"2022-10-26T09:50:40","modified_gmt":"2022-10-26T07:50:40","slug":"styleguide","status":"publish","type":"page","link":"https:\/\/foto.praha-19.ys-beta.cz\/index.php\/styleguide\/","title":{"rendered":"Styleguide"},"content":{"rendered":"\n<p>Lorem ipsum Id tempor laborum in consequat ut in eu id eu incididunt ut sed elit quis veniam sint id sit Duis <a href=\"#\">sunt laborum<\/a> in consequat&nbsp;tempor laborum in consequat&nbsp;Excepteur consectetur reprehenderit culpa deserunt cillum aute dolor dolor dolor qui. Id tempor laborum in consequat Ut in eu id eu.&nbsp;<a href=\"#\">Shoreditch gastropub<\/a> whatever.&nbsp;Reprehenderit quis polaroid aben digeth manu.<\/p>\n\n\n\n<h1 class=\"wp-block-heading\">H1 example title<\/h1>\n\n\n\n<p>Narwhal messenger bag normcore, fingerstache quinoa food truck four loko bicycle rights letterpress put a bird on it tofu banjo cray semiotics iPhone. Mlkshk twee Neutra Bushwick. Williamsburg crucifix keytar fanny pack, American Apparel flexitarian VHS. Chillwave Godard cray hoodie Neutra. Vinyl pop-up food truck wayfarers semiotics street art.<\/p>\n\n\n\n<h2 class=\"wp-block-heading\">H2 Example title<\/h2>\n\n\n\n<p>Blog Brooklyn keytar you probably haven&#8217;t heard of them mixtape, swag direct trade hashtag organic church-key crucifix stumptown cliche try-hard ethnic. Flexitarian narwhal PBR&amp;B +1 locavore. Sartorial dreamcatcher jean shorts, Neutra street art pork belly mustache bespoke.<\/p>\n\n\n\n<h3 class=\"wp-block-heading\">H3 example title<\/h3>\n\n\n\n<p>Narwhal messenger bag normcore, fingerstache quinoa food truck four loko bicycle rights letterpress put a bird on it tofu banjo cray semiotics iPhone. Mlkshk twee Neutra Bushwick. Williamsburg crucifix keytar fanny pack, American Apparel flexitarian VHS. Chillwave Godard cray hoodie Neutra. Vinyl pop-up food truck wayfarers semiotics street art.<\/p>\n\n\n\n<h4 class=\"wp-block-heading\">H4 example title<\/h4>\n\n\n\n<p>Blog Brooklyn keytar you probably haven&#8217;t heard of them mixtape, swag direct trade hashtag organic church-key crucifix stumptown cliche try-hard ethnic. Flexitarian narwhal PBR&amp;B +1 locavore. Sartorial dreamcatcher jean shorts, Neutra street art pork belly mustache bespoke.<\/p>\n\n\n\n<h5 class=\"wp-block-heading\">H5 example title<\/h5>\n\n\n\n<p>Blog Brooklyn keytar you probably haven&#8217;t heard of them mixtape, swag direct trade hashtag organic church-key crucifix stumptown cliche try-hard ethnic. Flexitarian narwhal PBR&amp;B +1 locavore. Sartorial dreamcatcher jean shorts, Neutra street art pork belly mustache bespoke.<\/p>\n\n\n\n<h6 class=\"wp-block-heading\">H6 example title<\/h6>\n\n\n\n<p>Lorem ipsum Id tempor laborum in consequat Ut in eu id eu incididunt ut sed elit quis veniam sint id sit Duis sunt Excepteur consectetur reprehenderit culpa deserunt cillum aute dolor dolor dolor qui.<\/p>\n\n\n\n<h4 class=\"wp-block-heading\">Left aligned image<\/h4>\n\n\n\n<p>Single-origin coffee ullamco pariatur, id accusamus sunt pop-up. Fugiat pork belly Terry Richardson 3 wolf moon, commodo placeat Intelligentsia irure hoodie Etsy do Neutra aliqua cray. Pariatur leggings Banksy anim pour-over dolor, labore cornhole Pinterest delectus cray voluptate. Banjo vinyl Austin, Truffaut scenester assumenda PBR&amp;B pork belly eiusmod narwhal Vice selvage meh consequat. Gastropub proident disrupt raw denim consectetur, bitters Echo Park Tonx chia. Pitchfork accusamus kogi Tonx. Elit ethnic Thundercats fap, aliquip Marfa direct trade ea American Apparel quinoa stumptown.&nbsp;Etsy do Neutra aliqua cray. Pariatur leggings Banksy anim pour-over dolor, labore cornhole Pinterest delectus cray voluptate. Banjo vinyl Austin, Truffaut scenester assumenda PBR&amp;B pork belly eiusmod narwhal Vice selvage meh consequat. Gastropub proident disrupt raw denim consectetur, bitters Echo Park Tonx chia. Pitchfork accusamus kogi Tonx.<\/p>\n\n\n\n<h4 class=\"wp-block-heading\">Right&nbsp;aligned image<\/h4>\n\n\n\n<p>Elit ethnic Thundercats fap, aliquip Marfa direct trade ea American Apparel quinoa stumptown.Etsy do Neutra aliqua cray. Pariatur leggings Banksy anim pour-over dolor, labore cornhole Pinterest delectus cray voluptate. Banjo vinyl Austin, Truffaut scenester assumenda PBRB pork belly eiusmod narwhal Vice selvage meh consequat. Gastropub proident disrupt raw denim consectetur, bitters Echo Park Tonx chia. Pitchfork accusamus kogi Tonx. Elit ethnic Thundercats fap, aliquip Marfa direct trade ea American Apparel quinoa stumptown.&nbsp;Pariatur leggings Banksy anim pour-over dolor, labore cornhole Pinterest delectus cray voluptate. Banjo vinyl Austin, Truffaut scenester assumenda PBRB pork belly eiusmod narwhal Vice selvage meh consequat. Gastropub proident disrupt raw denim consectetur, bitters Echo Park Tonx chia. Pitchfork accusamus kogi Tonx. Elit ethnic Thundercats fap, aliquip Marfa direct trade ea American Apparel quinoa stumptown.<\/p>\n\n\n\n<h4 class=\"wp-block-heading\">Blockquote<\/h4>\n\n\n\n<p>Sapiente hoodie wayfarers mumblecore yr adipisicing placeat single-origin coffee. Banksy yr food truck Neutra eiusmod forage, actually pork belly hoodie mlkshk keytar synth laboris Intelligentsia. Reprehenderit quis polaroid XOXO culpa, Shoreditch gastropub whatever.<\/p>\n\n\n\n<blockquote class=\"wp-block-quote is-layout-flow wp-block-quote-is-layout-flow\"><p>&#8220;Your time is limited, so don\u2019t waste it living someone else\u2019s life. Don\u2019t be trapped by dogma \u2013 which is living with the results of other people\u2019s thinking. Don\u2019t let the noise of others\u2019 opinions drown out your own inner voice. And most important, have the courage to follow your heart and intuition.&#8221;<\/p><\/blockquote>\n\n\n\n<p>Sapiente hoodie wayfarers mumblecore yr adipisicing placeat single-origin coffee. Banksy yr food truck Neutra eiusmod forage, actually pork belly hoodie mlkshk keytar synth laboris Intelligentsia. Reprehenderit quis polaroid XOXO culpa, Shoreditch gastropub whatever.<\/p>\n\n\n<p>[mks_col]<br \/>\n[mks_one_half]<\/p>\n<h4>Unordered list<\/h4>\n<ul>\n<li>Sapiente hoodie wayfarers<\/li>\n<li>Pariatur leggings Banksy<\/li>\n<li>Pitchfork accusamus<\/li>\n<li>Helvetica distillery dolor<\/li>\n<\/ul>\n<p>[\/mks_one_half]<\/p>\n<p>[mks_one_half]<\/p>\n<h4>Ordered list<\/h4>\n<ol>\n<li>Echo Park exercitation<\/li>\n<li>Pinterest delectus cray voluptate<\/li>\n<li>Aliqua cred Terry Richardson<\/li>\n<li>Pitchfork accusamus<\/li>\n<\/ol>\n<p>[\/mks_one_half]<\/p>\n<p>[\/mks_col]<\/p>\n\n\n\n<h4 class=\"wp-block-heading\">Wide element (i.e. map)<\/h4>\n\n\n\n<pre class=\"wp-block-preformatted\">You can use &lt;div class=\"alignnone\"&gt;&lt;\/div&gt; to wrap an element that you want to display in \"full width\". Just as with map example below.<\/pre>\n\n\n\n<div class=\"alignnone\"><figure><iframe loading=\"lazy\" style=\"border: 0;\" src=\"https:\/\/www.google.com\/maps\/embed?pb=!1m14!1m8!1m3!1d48354.27668568225!2d-73.985131!3d40.758895!3m2!1i1024!2i768!4f13.1!3m3!1m2!1s0x0%3A0x55194ec5a1ae072e!2sTimes+Square!5e0!3m2!1sen!2srs!4v1503669633814\" width=\"100%\" height=\"400\" frameborder=\"0\" allowfullscreen=\"allowfullscreen\"><\/iframe><\/figure><\/div>\n\n\n\n<h4 class=\"wp-block-heading\">Code example<\/h4>\n\n\n\n<pre class=\"wp-block-preformatted\">.super_class:before{\n   background:url('images\/awesome.jpg') no-repeat center center;\n   float:left;\n   display:block;\n   content: \"Awesome\";\n}<\/pre>\n\n\n\n<h4 class=\"wp-block-heading\">Table example<\/h4>\n\n\n\n<figure class=\"wp-block-table\"><table><thead><tr><td>Name<\/td><td>Nickname<\/td><td>Number<\/td><\/tr><\/thead><tbody><tr><td>Jill<\/td><td>Joker<\/td><td>50<\/td><\/tr><tr><td>Eve<\/td><td>Batman<\/td><td>94<\/td><\/tr><tr><td>John<\/td><td>Robin<\/td><td>80<\/td><\/tr><\/tbody><\/table><\/figure>\n","protected":false},"excerpt":{"rendered":"<p>Lorem ipsum Id tempor laborum in consequat ut in eu id eu incididunt ut sed elit quis veniam sint id sit Duis sunt laborum in consequat&nbsp;tempor laborum in consequat&nbsp;Excepteur consectetur reprehenderit culpa deserunt cillum aute dolor dolor dolor qui. Id tempor laborum in consequat Ut in eu id eu.&nbsp;Shoreditch gastropub whatever.&nbsp;Reprehenderit quis polaroid aben digeth [&hellip;]<\/p>\n","protected":false},"author":2,"featured_media":0,"parent":0,"menu_order":0,"comment_status":"closed","ping_status":"closed","template":"","meta":{"footnotes":""},"class_list":["post-391","page","type-page","status-publish","hentry"],"yoast_head":"<!-- This site is optimized with the Yoast SEO plugin v27.2 - https:\/\/yoast.com\/product\/yoast-seo-wordpress\/ -->\n<title>Styleguide - Fotogalerie - Praha 19<\/title>\n<meta name=\"robots\" content=\"noindex, follow, max-snippet:-1, max-image-preview:large, max-video-preview:-1\" \/>\n<meta property=\"og:locale\" content=\"cs_CZ\" \/>\n<meta property=\"og:type\" content=\"article\" \/>\n<meta property=\"og:title\" content=\"Styleguide - Fotogalerie - Praha 19\" \/>\n<meta property=\"og:description\" content=\"Lorem ipsum Id tempor laborum in consequat ut in eu id eu incididunt ut sed elit quis veniam sint id sit Duis sunt laborum in consequat&nbsp;tempor laborum in consequat&nbsp;Excepteur consectetur reprehenderit culpa deserunt cillum aute dolor dolor dolor qui. Id tempor laborum in consequat Ut in eu id eu.&nbsp;Shoreditch gastropub whatever.&nbsp;Reprehenderit quis polaroid aben digeth [&hellip;]\" \/>\n<meta property=\"og:url\" content=\"https:\/\/foto.praha-19.ys-beta.cz\/index.php\/styleguide\/\" \/>\n<meta property=\"og:site_name\" content=\"Fotogalerie - Praha 19\" \/>\n<meta property=\"article:modified_time\" content=\"2022-10-26T07:50:40+00:00\" \/>\n<meta name=\"twitter:card\" content=\"summary_large_image\" \/>\n<meta name=\"twitter:label1\" content=\"Est. reading time\" \/>\n\t<meta name=\"twitter:data1\" content=\"5 minut\" \/>\n<script type=\"application\/ld+json\" class=\"yoast-schema-graph\">{\"@context\":\"https:\/\/schema.org\",\"@graph\":[{\"@type\":\"WebPage\",\"@id\":\"https:\/\/foto.praha-19.ys-beta.cz\/index.php\/styleguide\/\",\"url\":\"https:\/\/foto.praha-19.ys-beta.cz\/index.php\/styleguide\/\",\"name\":\"Styleguide - Fotogalerie - Praha 19\",\"isPartOf\":{\"@id\":\"https:\/\/foto.praha-19.ys-beta.cz\/#website\"},\"datePublished\":\"2017-08-03T10:19:02+00:00\",\"dateModified\":\"2022-10-26T07:50:40+00:00\",\"breadcrumb\":{\"@id\":\"https:\/\/foto.praha-19.ys-beta.cz\/index.php\/styleguide\/#breadcrumb\"},\"inLanguage\":\"cs\",\"potentialAction\":[{\"@type\":\"ReadAction\",\"target\":[\"https:\/\/foto.praha-19.ys-beta.cz\/index.php\/styleguide\/\"]}]},{\"@type\":\"BreadcrumbList\",\"@id\":\"https:\/\/foto.praha-19.ys-beta.cz\/index.php\/styleguide\/#breadcrumb\",\"itemListElement\":[{\"@type\":\"ListItem\",\"position\":1,\"name\":\"Home\",\"item\":\"https:\/\/foto.praha-19.ys-beta.cz\/\"},{\"@type\":\"ListItem\",\"position\":2,\"name\":\"Styleguide\"}]},{\"@type\":\"WebSite\",\"@id\":\"https:\/\/foto.praha-19.ys-beta.cz\/#website\",\"url\":\"https:\/\/foto.praha-19.ys-beta.cz\/\",\"name\":\"Fotogalerie - Praha 19\",\"description\":\"Fotogalerie m\u011bstsk\u00e9 \u010d\u00e1sti Praha 19\",\"potentialAction\":[{\"@type\":\"SearchAction\",\"target\":{\"@type\":\"EntryPoint\",\"urlTemplate\":\"https:\/\/foto.praha-19.ys-beta.cz\/?s={search_term_string}\"},\"query-input\":{\"@type\":\"PropertyValueSpecification\",\"valueRequired\":true,\"valueName\":\"search_term_string\"}}],\"inLanguage\":\"cs\"}]}<\/script>\n<!-- \/ Yoast SEO plugin. -->","yoast_head_json":{"title":"Styleguide - Fotogalerie - Praha 19","robots":{"index":"noindex","follow":"follow","max-snippet":"max-snippet:-1","max-image-preview":"max-image-preview:large","max-video-preview":"max-video-preview:-1"},"og_locale":"cs_CZ","og_type":"article","og_title":"Styleguide - Fotogalerie - Praha 19","og_description":"Lorem ipsum Id tempor laborum in consequat ut in eu id eu incididunt ut sed elit quis veniam sint id sit Duis sunt laborum in consequat&nbsp;tempor laborum in consequat&nbsp;Excepteur consectetur reprehenderit culpa deserunt cillum aute dolor dolor dolor qui. Id tempor laborum in consequat Ut in eu id eu.&nbsp;Shoreditch gastropub whatever.&nbsp;Reprehenderit quis polaroid aben digeth [&hellip;]","og_url":"https:\/\/foto.praha-19.ys-beta.cz\/index.php\/styleguide\/","og_site_name":"Fotogalerie - Praha 19","article_modified_time":"2022-10-26T07:50:40+00:00","twitter_card":"summary_large_image","twitter_misc":{"Est. reading time":"5 minut"},"schema":{"@context":"https:\/\/schema.org","@graph":[{"@type":"WebPage","@id":"https:\/\/foto.praha-19.ys-beta.cz\/index.php\/styleguide\/","url":"https:\/\/foto.praha-19.ys-beta.cz\/index.php\/styleguide\/","name":"Styleguide - Fotogalerie - Praha 19","isPartOf":{"@id":"https:\/\/foto.praha-19.ys-beta.cz\/#website"},"datePublished":"2017-08-03T10:19:02+00:00","dateModified":"2022-10-26T07:50:40+00:00","breadcrumb":{"@id":"https:\/\/foto.praha-19.ys-beta.cz\/index.php\/styleguide\/#breadcrumb"},"inLanguage":"cs","potentialAction":[{"@type":"ReadAction","target":["https:\/\/foto.praha-19.ys-beta.cz\/index.php\/styleguide\/"]}]},{"@type":"BreadcrumbList","@id":"https:\/\/foto.praha-19.ys-beta.cz\/index.php\/styleguide\/#breadcrumb","itemListElement":[{"@type":"ListItem","position":1,"name":"Home","item":"https:\/\/foto.praha-19.ys-beta.cz\/"},{"@type":"ListItem","position":2,"name":"Styleguide"}]},{"@type":"WebSite","@id":"https:\/\/foto.praha-19.ys-beta.cz\/#website","url":"https:\/\/foto.praha-19.ys-beta.cz\/","name":"Fotogalerie - Praha 19","description":"Fotogalerie m\u011bstsk\u00e9 \u010d\u00e1sti Praha 19","potentialAction":[{"@type":"SearchAction","target":{"@type":"EntryPoint","urlTemplate":"https:\/\/foto.praha-19.ys-beta.cz\/?s={search_term_string}"},"query-input":{"@type":"PropertyValueSpecification","valueRequired":true,"valueName":"search_term_string"}}],"inLanguage":"cs"}]}},"_links":{"self":[{"href":"https:\/\/foto.praha-19.ys-beta.cz\/index.php\/wp-json\/wp\/v2\/pages\/391","targetHints":{"allow":["GET"]}}],"collection":[{"href":"https:\/\/foto.praha-19.ys-beta.cz\/index.php\/wp-json\/wp\/v2\/pages"}],"about":[{"href":"https:\/\/foto.praha-19.ys-beta.cz\/index.php\/wp-json\/wp\/v2\/types\/page"}],"author":[{"embeddable":true,"href":"https:\/\/foto.praha-19.ys-beta.cz\/index.php\/wp-json\/wp\/v2\/users\/2"}],"replies":[{"embeddable":true,"href":"https:\/\/foto.praha-19.ys-beta.cz\/index.php\/wp-json\/wp\/v2\/comments?post=391"}],"version-history":[{"count":2,"href":"https:\/\/foto.praha-19.ys-beta.cz\/index.php\/wp-json\/wp\/v2\/pages\/391\/revisions"}],"predecessor-version":[{"id":877,"href":"https:\/\/foto.praha-19.ys-beta.cz\/index.php\/wp-json\/wp\/v2\/pages\/391\/revisions\/877"}],"wp:attachment":[{"href":"https:\/\/foto.praha-19.ys-beta.cz\/index.php\/wp-json\/wp\/v2\/media?parent=391"}],"curies":[{"name":"wp","href":"https:\/\/api.w.org\/{rel}","templated":true}]}}