{"id":38,"date":"2017-07-31T12:49:03","date_gmt":"2017-07-31T12:49:03","guid":{"rendered":"https:\/\/demo.mekshq.com\/pinhole\/dc\/?page_id=38"},"modified":"2017-07-31T12:49:03","modified_gmt":"2017-07-31T12:49:03","slug":"about","status":"publish","type":"page","link":"https:\/\/foto.praha-19.ys-beta.cz\/index.php\/about\/","title":{"rendered":"About (simple)"},"content":{"rendered":"\n\t\t\t\t\n<p>Martin Lawrence is a freelance photographer that specializes in portraiture, fashion and conceptual photography, and keen to discover new ways of representing identities through photography. His vibrant compositions often depict subjects in a kind of suspended animation; their halted motion suggests a larger narrative in the space of a single incident. The services he offers include:<\/p>\n\n\n\n<ul class=\"wp-block-list\"><li>Wedding photography<\/li><li>Wildlife and outdoors photography<\/li><li>Family and kids photography<\/li><li>Architecture and interior photography<\/li><li>and more&#8230;<\/li><\/ul>\n\n\n\n<p>Intrinsicly redefine standards compliant mindshare for fully tested value. Progressively foster alternative networks after one-to-one information. Completely leverage other&#8217;s resource maximizing methodologies via cross functional web-readiness. Authoritatively deliver client-based e-business vis-a-vis strategic action items. Seamlessly visualize covalent supply chains before fully tested mindshare.<\/p>\n\n\n\n<blockquote class=\"wp-block-quote is-layout-flow wp-block-quote-is-layout-flow\"><p>There is only you and your camera. The limitations in your photography are in yourself, for what we see is what we are.<\/p><p><strong>\u2013 Ernst Haas<\/strong><\/p><\/blockquote>\n\n\n\n<p>Progressively foster holistic convergence whereas quality e-tailers. Competently morph bleeding-edge materials vis-a-vis multifunctional internal or &#8220;organic&#8221; sources. Quickly disintermediate transparent initiatives for fully researched ideas. Enthusiastically drive fully tested resources and state of the art ideas. Synergistically procrastinate superior alignments for user-centric e-services.<\/p>\n\n\n\n<div>[mks_button size=&#8221;medium&#8221; title=&#8221;Get in touch \u2192&#8221; style=&#8221;squared&#8221; url=&#8221;https:\/\/demo.mekshq.com\/pinhole\/dc\/?page_id=33&#8243; target=&#8221;_self&#8221; bg_color=&#8221;#000000&#8243; txt_color=&#8221;#FFFFFF&#8221; icon=&#8221;&#8221; icon_type=&#8221;&#8221; nofollow=&#8221;0&#8243;]<\/div>\n\t\t","protected":false},"excerpt":{"rendered":"<p>Martin Lawrence is a freelance photographer that specializes in portraiture, fashion and conceptual photography, and keen to discover new ways of representing identities through photography. His vibrant compositions often depict subjects in a kind of suspended animation; their halted motion suggests a larger narrative in the space of a single incident. The services he offers [&hellip;]<\/p>\n","protected":false},"author":2,"featured_media":0,"parent":0,"menu_order":1,"comment_status":"closed","ping_status":"closed","template":"","meta":{"footnotes":""},"class_list":["post-38","page","type-page","status-publish","hentry"],"yoast_head":"<!-- This site is optimized with the Yoast SEO plugin v27.2 - https:\/\/yoast.com\/product\/yoast-seo-wordpress\/ -->\n<title>About (simple) - Fotogalerie - Praha 19<\/title>\n<meta name=\"robots\" content=\"noindex, follow, max-snippet:-1, max-image-preview:large, max-video-preview:-1\" \/>\n<meta property=\"og:locale\" content=\"cs_CZ\" \/>\n<meta property=\"og:type\" content=\"article\" \/>\n<meta property=\"og:title\" content=\"About (simple) - Fotogalerie - Praha 19\" \/>\n<meta property=\"og:description\" content=\"Martin Lawrence is a freelance photographer that specializes in portraiture, fashion and conceptual photography, and keen to discover new ways of representing identities through photography. His vibrant compositions often depict subjects in a kind of suspended animation; their halted motion suggests a larger narrative in the space of a single incident. The services he offers [&hellip;]\" \/>\n<meta property=\"og:url\" content=\"https:\/\/foto.praha-19.ys-beta.cz\/index.php\/about\/\" \/>\n<meta property=\"og:site_name\" content=\"Fotogalerie - Praha 19\" \/>\n<meta name=\"twitter:card\" content=\"summary_large_image\" \/>\n<meta name=\"twitter:label1\" content=\"Est. reading time\" \/>\n\t<meta name=\"twitter:data1\" content=\"1 minuta\" \/>\n<script type=\"application\/ld+json\" class=\"yoast-schema-graph\">{\"@context\":\"https:\/\/schema.org\",\"@graph\":[{\"@type\":\"WebPage\",\"@id\":\"https:\/\/foto.praha-19.ys-beta.cz\/index.php\/about\/\",\"url\":\"https:\/\/foto.praha-19.ys-beta.cz\/index.php\/about\/\",\"name\":\"About (simple) - Fotogalerie - Praha 19\",\"isPartOf\":{\"@id\":\"https:\/\/foto.praha-19.ys-beta.cz\/#website\"},\"datePublished\":\"2017-07-31T12:49:03+00:00\",\"breadcrumb\":{\"@id\":\"https:\/\/foto.praha-19.ys-beta.cz\/index.php\/about\/#breadcrumb\"},\"inLanguage\":\"cs\",\"potentialAction\":[{\"@type\":\"ReadAction\",\"target\":[\"https:\/\/foto.praha-19.ys-beta.cz\/index.php\/about\/\"]}]},{\"@type\":\"BreadcrumbList\",\"@id\":\"https:\/\/foto.praha-19.ys-beta.cz\/index.php\/about\/#breadcrumb\",\"itemListElement\":[{\"@type\":\"ListItem\",\"position\":1,\"name\":\"Home\",\"item\":\"https:\/\/foto.praha-19.ys-beta.cz\/\"},{\"@type\":\"ListItem\",\"position\":2,\"name\":\"About (simple)\"}]},{\"@type\":\"WebSite\",\"@id\":\"https:\/\/foto.praha-19.ys-beta.cz\/#website\",\"url\":\"https:\/\/foto.praha-19.ys-beta.cz\/\",\"name\":\"Fotogalerie - Praha 19\",\"description\":\"Fotogalerie m\u011bstsk\u00e9 \u010d\u00e1sti Praha 19\",\"potentialAction\":[{\"@type\":\"SearchAction\",\"target\":{\"@type\":\"EntryPoint\",\"urlTemplate\":\"https:\/\/foto.praha-19.ys-beta.cz\/?s={search_term_string}\"},\"query-input\":{\"@type\":\"PropertyValueSpecification\",\"valueRequired\":true,\"valueName\":\"search_term_string\"}}],\"inLanguage\":\"cs\"}]}<\/script>\n<!-- \/ Yoast SEO plugin. -->","yoast_head_json":{"title":"About (simple) - Fotogalerie - Praha 19","robots":{"index":"noindex","follow":"follow","max-snippet":"max-snippet:-1","max-image-preview":"max-image-preview:large","max-video-preview":"max-video-preview:-1"},"og_locale":"cs_CZ","og_type":"article","og_title":"About (simple) - Fotogalerie - Praha 19","og_description":"Martin Lawrence is a freelance photographer that specializes in portraiture, fashion and conceptual photography, and keen to discover new ways of representing identities through photography. His vibrant compositions often depict subjects in a kind of suspended animation; their halted motion suggests a larger narrative in the space of a single incident. The services he offers [&hellip;]","og_url":"https:\/\/foto.praha-19.ys-beta.cz\/index.php\/about\/","og_site_name":"Fotogalerie - Praha 19","twitter_card":"summary_large_image","twitter_misc":{"Est. reading time":"1 minuta"},"schema":{"@context":"https:\/\/schema.org","@graph":[{"@type":"WebPage","@id":"https:\/\/foto.praha-19.ys-beta.cz\/index.php\/about\/","url":"https:\/\/foto.praha-19.ys-beta.cz\/index.php\/about\/","name":"About (simple) - Fotogalerie - Praha 19","isPartOf":{"@id":"https:\/\/foto.praha-19.ys-beta.cz\/#website"},"datePublished":"2017-07-31T12:49:03+00:00","breadcrumb":{"@id":"https:\/\/foto.praha-19.ys-beta.cz\/index.php\/about\/#breadcrumb"},"inLanguage":"cs","potentialAction":[{"@type":"ReadAction","target":["https:\/\/foto.praha-19.ys-beta.cz\/index.php\/about\/"]}]},{"@type":"BreadcrumbList","@id":"https:\/\/foto.praha-19.ys-beta.cz\/index.php\/about\/#breadcrumb","itemListElement":[{"@type":"ListItem","position":1,"name":"Home","item":"https:\/\/foto.praha-19.ys-beta.cz\/"},{"@type":"ListItem","position":2,"name":"About (simple)"}]},{"@type":"WebSite","@id":"https:\/\/foto.praha-19.ys-beta.cz\/#website","url":"https:\/\/foto.praha-19.ys-beta.cz\/","name":"Fotogalerie - Praha 19","description":"Fotogalerie m\u011bstsk\u00e9 \u010d\u00e1sti Praha 19","potentialAction":[{"@type":"SearchAction","target":{"@type":"EntryPoint","urlTemplate":"https:\/\/foto.praha-19.ys-beta.cz\/?s={search_term_string}"},"query-input":{"@type":"PropertyValueSpecification","valueRequired":true,"valueName":"search_term_string"}}],"inLanguage":"cs"}]}},"_links":{"self":[{"href":"https:\/\/foto.praha-19.ys-beta.cz\/index.php\/wp-json\/wp\/v2\/pages\/38","targetHints":{"allow":["GET"]}}],"collection":[{"href":"https:\/\/foto.praha-19.ys-beta.cz\/index.php\/wp-json\/wp\/v2\/pages"}],"about":[{"href":"https:\/\/foto.praha-19.ys-beta.cz\/index.php\/wp-json\/wp\/v2\/types\/page"}],"author":[{"embeddable":true,"href":"https:\/\/foto.praha-19.ys-beta.cz\/index.php\/wp-json\/wp\/v2\/users\/2"}],"replies":[{"embeddable":true,"href":"https:\/\/foto.praha-19.ys-beta.cz\/index.php\/wp-json\/wp\/v2\/comments?post=38"}],"version-history":[{"count":0,"href":"https:\/\/foto.praha-19.ys-beta.cz\/index.php\/wp-json\/wp\/v2\/pages\/38\/revisions"}],"wp:attachment":[{"href":"https:\/\/foto.praha-19.ys-beta.cz\/index.php\/wp-json\/wp\/v2\/media?parent=38"}],"curies":[{"name":"wp","href":"https:\/\/api.w.org\/{rel}","templated":true}]}}