{"id":3,"date":"2022-10-20T11:18:15","date_gmt":"2022-10-20T11:18:15","guid":{"rendered":"https:\/\/foto.praha-19.ys-beta.cz\/?page_id=3"},"modified":"2022-11-24T10:58:36","modified_gmt":"2022-11-24T08:58:36","slug":"privacy-policy","status":"publish","type":"page","link":"https:\/\/foto.praha-19.ys-beta.cz\/index.php\/privacy-policy\/","title":{"rendered":"Z\u00c1SADY NAKL\u00c1D\u00c1N\u00cd S OSOBN\u00cdMI \u00daDAJI U\u017dIVATEL\u016e WEBOV\u00ddCH SLU\u017dEB \u00daM\u010c PRAHA 19."},"content":{"rendered":"\n<p>Tento dokument shrnuje z\u00e1kladn\u00ed z\u00e1sady nakl\u00e1d\u00e1n\u00ed s osobn\u00edmi \u00fadaji u\u017eivatel\u016f webov\u00fdch slu\u017eeb \u00daM\u010c Praha 19. \u00da\u0159ad postupuje p\u0159i zpracov\u00e1n\u00ed osobn\u00edch \u00fadaj\u016f v souladu se z\u00e1konem 101\/2000 Sb., o ochran\u011b osobn\u00edch \u00fadaj\u016f, ev. z\u00e1konem \u010d. 127\/2005 Sb., o elektronick\u00fdch komunikac\u00edch, z\u00e1konem \u010d. 480\/2004 Sb., o n\u011bkter\u00fdch slu\u017eb\u00e1ch informa\u010dn\u00ed spole\u010dnosti, ve zn\u011bn\u00ed pozd\u011bj\u0161\u00edch p\u0159edpis\u016f a dal\u0161\u00edmi pr\u00e1vn\u00edmi p\u0159edpisy. V\u011bnujte proto pros\u00edm v\u00fd\u0161e uveden\u00fdm p\u0159edpis\u016fm pat\u0159i\u010dnou pozornost.<\/p>\n\n\n\n<p>\u00daM\u010c Praha 19 nezpracov\u00e1v\u00e1 osobn\u00ed \u00fadaje u\u017eivatel\u016f slu\u017eeb jinak, ne\u017e k z\u00e1konn\u00fdm \u00fa\u010del\u016fm, pop\u0159. k \u00fa\u010del\u016fm, s nimi\u017e u\u017eivatel vyslovil souhlas. Data jsou p\u0159itom zpracov\u00e1v\u00e1na pouze v rozsahu nutn\u00e9m pro napln\u011bn\u00ed v\u00fd\u0161e uveden\u00fdch \u00fa\u010del\u016f a pouze po dobu nutnou pro v\u00fd\u0161e dosa\u017een\u00ed uveden\u00fdch \u00fa\u010del\u016f, nejd\u00e9le v\u0161ak po dobu stanovenou p\u0159\u00edslu\u0161n\u00fdmi pr\u00e1vn\u00edmi p\u0159edpisy \u010di v souladu s nimi. Za t\u00edmto \u00fa\u010delem si pros\u00edm v\u017edy podrobn\u011b prostudujte p\u0159\u00edslu\u0161n\u00e9 podm\u00ednky dan\u00e9 slu\u017eby, kde jsou obvykle uvedena podrobn\u011bj\u0161\u00ed pravidla pro nakl\u00e1d\u00e1n\u00ed s osobn\u00edmi \u00fadaji.<\/p>\n\n\n\n<p>Pokud od v\u00e1s budeme pot\u0159ebovat \u00fadaje, kter\u00e9 v\u00e1s budou identifikovat (osobn\u00ed \u00fadaje) nebo kter\u00e9 n\u00e1m umo\u017en\u00ed v\u00e1s kontaktovat za \u00fa\u010delem poskytnut\u00ed informac\u00ed nebo slu\u017eby, je\u017e jste si vy\u017e\u00e1dali, v\u00fdslovn\u011b v\u00e1s o n\u011b po\u017e\u00e1d\u00e1me. \u00dadaje, kter\u00e9 shroma\u017e\u010fujeme v souvislosti s u\u017eivateli na\u0161ich slu\u017eeb, mohou obvykle obsahovat va\u0161e jm\u00e9no a p\u0159\u00edjmen\u00ed, v\u00e1\u0161 e-mail a u\u017e\u00edvanou p\u0159ezd\u00edvku. Pro n\u011bkter\u00e9 slu\u017eby pot\u0159ebujeme zn\u00e1t i n\u011bkter\u00e9 dal\u0161\u00ed informace o u\u017eivatel\u00edch, proto pros\u00edm pe\u010dliv\u011b prostudujte podm\u00ednky dan\u00e9 slu\u017eby. V souvislosti s vyu\u017e\u00edv\u00e1n\u00edm na\u0161ich slu\u017eeb o v\u00e1s m\u016f\u017eeme shroma\u017e\u010fovat ur\u010dit\u00e9 dal\u0161\u00ed informace, nap\u0159\u00edklad n\u00e1zev poskytovatele internetov\u00fdch slu\u017eeb a adresu IP, pomoc\u00ed kter\u00e9 se p\u0159ihla\u0161ujete k na\u0161im slu\u017eb\u00e1m, datum a \u010das p\u0159\u00edstupu k t\u011bmto slu\u017eb\u00e1m apod.<\/p>\n\n\n\n<p>\u00daM\u010c Praha 19 m\u016f\u017ee zp\u0159\u00edstupnit osobn\u00ed \u00fadaje t\u0159et\u00edm osob\u00e1m pouze v p\u0159\u00edpadech, kdy j\u00ed to bude ukl\u00e1dat nebo umo\u017e\u0148ovat z\u00e1kon anebo se souhlasem u\u017eivatele.<br>Va\u0161e osobn\u00ed \u00fadaje poskytujete \u00daM\u010c Praha 19 dobrovoln\u011b (pro n\u011bkter\u00e9 slu\u017eby je v\u0161ak pro zp\u0159\u00edstupn\u011bn\u00ed slu\u017eby p\u0159ed\u00e1n\u00ed n\u011bkter\u00fdch osobn\u00edch \u00fadaj\u016f vy\u017eadov\u00e1no). Je-li pro v\u00e1s v n\u011bkter\u00fdch p\u0159\u00edpadech stanovena podle zvl\u00e1\u0161tn\u00edho z\u00e1kona povinnost osobn\u00ed \u00fadaje pro zpracov\u00e1n\u00ed poskytnout, budete o t\u00e9to skute\u010dnosti zvl\u00e1\u0161\u0165 informov\u00e1ni.<br>V souladu s ustanoven\u00edm \u00a7 5, \u00a7 11, \u00a7 12 a \u00a7 21 z\u00e1kona \u010d. 101\/2000 Sb., o ochran\u011b osobn\u00edch \u00fadaj\u016f, t\u00edmto v\u0161echny u\u017eivatele webov\u00fdch slu\u017eeb spole\u010dnosti \u00daM\u010c Praha 19, kte\u0159\u00ed poskytnou \u00daM\u010c Praha 19 sv\u00e9 osobn\u00ed \u00fadaje, informujeme o t\u011bchto jejich z\u00e1konn\u00fdch pr\u00e1vech:<br>Ka\u017ed\u00fd subjekt \u00fadaj\u016f m\u00e1 pr\u00e1vo na p\u0159\u00edstup k osobn\u00edm \u00fadaj\u016fm a pr\u00e1vo na opravu osobn\u00edch \u00fadaj\u016f. Ka\u017ed\u00fd subjekt \u00fadaj\u016f, kter\u00fd zjist\u00ed nebo se domn\u00edv\u00e1, \u017ee spr\u00e1vce nebo zpracovatel prov\u00e1d\u00ed zpracov\u00e1n\u00ed jeho osobn\u00edch \u00fadaj\u016f, kter\u00e9 je v rozporu s ochranou soukrom\u00e9ho a osobn\u00edho \u017eivota subjektu \u00fadaj\u016f nebo v rozporu se z\u00e1konem, zejm\u00e9na jsou-li osobn\u00ed \u00fadaje nep\u0159esn\u00e9 s ohledem na \u00fa\u010del jejich zpracov\u00e1n\u00ed, m\u016f\u017ee:<\/p>\n\n\n\n<p>a) po\u017e\u00e1dat spr\u00e1vce nebo zpracovatele o vysv\u011btlen\u00ed,<br>b) po\u017eadovat, aby spr\u00e1vce nebo zpracovatel odstranil takto vznikl\u00fd stav. Zejm\u00e9na se m\u016f\u017ee jednat o blokov\u00e1n\u00ed, proveden\u00ed opravy, dopln\u011bn\u00ed nebo likvidaci osobn\u00edch \u00fadaj\u016f. Je-li \u017e\u00e1dost subjektu \u00fadaj\u016f shled\u00e1na opr\u00e1vn\u011bnou, spr\u00e1vce nebo zpracovatel odstran\u00ed neprodlen\u011b z\u00e1vadn\u00fd stav. Nevyhov\u00ed-li spr\u00e1vce nebo zpracovatel \u017e\u00e1dosti subjektu \u00fadaj\u016f, m\u00e1 subjekt \u00fadaj\u016f pr\u00e1vo obr\u00e1tit se p\u0159\u00edmo na \u00da\u0159ad pro ochranu osobn\u00edch \u00fadaj\u016f (tento postup nevylu\u010duje, aby se subjekt \u00fadaj\u016f obr\u00e1til se sv\u00fdm podn\u011btem na \u00da\u0159ad pro ochranu osobn\u00edch \u00fadaj\u016f bez dal\u0161\u00edho).<\/p>\n\n\n\n<p>Pokud vznikla v d\u016fsledku zpracov\u00e1n\u00ed osobn\u00edch \u00fadaj\u016f subjektu \u00fadaj\u016f jin\u00e1 ne\u017e majetkov\u00e1 \u00fajma, postupuje se p\u0159i uplat\u0148ov\u00e1n\u00ed jej\u00edho n\u00e1roku podle zvl\u00e1\u0161tn\u00edho z\u00e1kona.<br>Pro p\u0159\u00edpadn\u00e9 p\u0159ipom\u00ednky a dotazy k ochran\u011b osobn\u00edch \u00fadaj\u016f a pro kontakt ve v\u011bci v\u00fdkonu Va\u0161ich z\u00e1konn\u00fdch pr\u00e1v m\u016f\u017eete pou\u017e\u00edt e-mailovou adresu:&nbsp;<a href=\"mailto:info@kbely.mepnet.cz\">info@kbely.mepnet.cz<\/a>.<\/p>\n","protected":false},"excerpt":{"rendered":"<p>Tento dokument shrnuje z\u00e1kladn\u00ed z\u00e1sady nakl\u00e1d\u00e1n\u00ed s osobn\u00edmi \u00fadaji u\u017eivatel\u016f webov\u00fdch slu\u017eeb \u00daM\u010c Praha 19. \u00da\u0159ad postupuje p\u0159i zpracov\u00e1n\u00ed osobn\u00edch \u00fadaj\u016f v souladu se z\u00e1konem 101\/2000 Sb., o ochran\u011b osobn\u00edch \u00fadaj\u016f, ev. z\u00e1konem \u010d. 127\/2005 Sb., o elektronick\u00fdch komunikac\u00edch, z\u00e1konem \u010d. 480\/2004 Sb., o n\u011bkter\u00fdch slu\u017eb\u00e1ch informa\u010dn\u00ed spole\u010dnosti, ve zn\u011bn\u00ed pozd\u011bj\u0161\u00edch p\u0159edpis\u016f a dal\u0161\u00edmi pr\u00e1vn\u00edmi [&hellip;]<\/p>\n","protected":false},"author":2,"featured_media":0,"parent":0,"menu_order":0,"comment_status":"closed","ping_status":"open","template":"","meta":{"footnotes":""},"class_list":["post-3","page","type-page","status-publish","hentry"],"yoast_head":"<!-- This site is optimized with the Yoast SEO plugin v27.2 - https:\/\/yoast.com\/product\/yoast-seo-wordpress\/ -->\n<title>Z\u00c1SADY NAKL\u00c1D\u00c1N\u00cd S OSOBN\u00cdMI \u00daDAJI U\u017dIVATEL\u016e WEBOV\u00ddCH SLU\u017dEB \u00daM\u010c PRAHA 19. - Fotogalerie - Praha 19<\/title>\n<meta name=\"robots\" content=\"noindex, follow, max-snippet:-1, max-image-preview:large, max-video-preview:-1\" \/>\n<meta property=\"og:locale\" content=\"cs_CZ\" \/>\n<meta property=\"og:type\" content=\"article\" \/>\n<meta property=\"og:title\" content=\"Z\u00c1SADY NAKL\u00c1D\u00c1N\u00cd S OSOBN\u00cdMI \u00daDAJI U\u017dIVATEL\u016e WEBOV\u00ddCH SLU\u017dEB \u00daM\u010c PRAHA 19. - Fotogalerie - Praha 19\" \/>\n<meta property=\"og:description\" content=\"Tento dokument shrnuje z\u00e1kladn\u00ed z\u00e1sady nakl\u00e1d\u00e1n\u00ed s osobn\u00edmi \u00fadaji u\u017eivatel\u016f webov\u00fdch slu\u017eeb \u00daM\u010c Praha 19. \u00da\u0159ad postupuje p\u0159i zpracov\u00e1n\u00ed osobn\u00edch \u00fadaj\u016f v souladu se z\u00e1konem 101\/2000 Sb., o ochran\u011b osobn\u00edch \u00fadaj\u016f, ev. z\u00e1konem \u010d. 127\/2005 Sb., o elektronick\u00fdch komunikac\u00edch, z\u00e1konem \u010d. 480\/2004 Sb., o n\u011bkter\u00fdch slu\u017eb\u00e1ch informa\u010dn\u00ed spole\u010dnosti, ve zn\u011bn\u00ed pozd\u011bj\u0161\u00edch p\u0159edpis\u016f a dal\u0161\u00edmi pr\u00e1vn\u00edmi [&hellip;]\" \/>\n<meta property=\"og:url\" content=\"https:\/\/foto.praha-19.ys-beta.cz\/index.php\/privacy-policy\/\" \/>\n<meta property=\"og:site_name\" content=\"Fotogalerie - Praha 19\" \/>\n<meta property=\"article:modified_time\" content=\"2022-11-24T08:58:36+00:00\" \/>\n<meta name=\"twitter:card\" content=\"summary_large_image\" \/>\n<meta name=\"twitter:label1\" content=\"Est. reading time\" \/>\n\t<meta name=\"twitter:data1\" content=\"4 minuty\" \/>\n<script type=\"application\/ld+json\" class=\"yoast-schema-graph\">{\"@context\":\"https:\/\/schema.org\",\"@graph\":[{\"@type\":\"WebPage\",\"@id\":\"https:\/\/foto.praha-19.ys-beta.cz\/index.php\/privacy-policy\/\",\"url\":\"https:\/\/foto.praha-19.ys-beta.cz\/index.php\/privacy-policy\/\",\"name\":\"Z\u00c1SADY NAKL\u00c1D\u00c1N\u00cd S OSOBN\u00cdMI \u00daDAJI U\u017dIVATEL\u016e WEBOV\u00ddCH SLU\u017dEB \u00daM\u010c PRAHA 19. - Fotogalerie - Praha 19\",\"isPartOf\":{\"@id\":\"https:\/\/foto.praha-19.ys-beta.cz\/#website\"},\"datePublished\":\"2022-10-20T11:18:15+00:00\",\"dateModified\":\"2022-11-24T08:58:36+00:00\",\"breadcrumb\":{\"@id\":\"https:\/\/foto.praha-19.ys-beta.cz\/index.php\/privacy-policy\/#breadcrumb\"},\"inLanguage\":\"cs\",\"potentialAction\":[{\"@type\":\"ReadAction\",\"target\":[\"https:\/\/foto.praha-19.ys-beta.cz\/index.php\/privacy-policy\/\"]}]},{\"@type\":\"BreadcrumbList\",\"@id\":\"https:\/\/foto.praha-19.ys-beta.cz\/index.php\/privacy-policy\/#breadcrumb\",\"itemListElement\":[{\"@type\":\"ListItem\",\"position\":1,\"name\":\"Home\",\"item\":\"https:\/\/foto.praha-19.ys-beta.cz\/\"},{\"@type\":\"ListItem\",\"position\":2,\"name\":\"Z\u00c1SADY NAKL\u00c1D\u00c1N\u00cd S OSOBN\u00cdMI \u00daDAJI U\u017dIVATEL\u016e WEBOV\u00ddCH SLU\u017dEB \u00daM\u010c PRAHA 19.\"}]},{\"@type\":\"WebSite\",\"@id\":\"https:\/\/foto.praha-19.ys-beta.cz\/#website\",\"url\":\"https:\/\/foto.praha-19.ys-beta.cz\/\",\"name\":\"Fotogalerie - Praha 19\",\"description\":\"Fotogalerie m\u011bstsk\u00e9 \u010d\u00e1sti Praha 19\",\"potentialAction\":[{\"@type\":\"SearchAction\",\"target\":{\"@type\":\"EntryPoint\",\"urlTemplate\":\"https:\/\/foto.praha-19.ys-beta.cz\/?s={search_term_string}\"},\"query-input\":{\"@type\":\"PropertyValueSpecification\",\"valueRequired\":true,\"valueName\":\"search_term_string\"}}],\"inLanguage\":\"cs\"}]}<\/script>\n<!-- \/ Yoast SEO plugin. -->","yoast_head_json":{"title":"Z\u00c1SADY NAKL\u00c1D\u00c1N\u00cd S OSOBN\u00cdMI \u00daDAJI U\u017dIVATEL\u016e WEBOV\u00ddCH SLU\u017dEB \u00daM\u010c PRAHA 19. - Fotogalerie - Praha 19","robots":{"index":"noindex","follow":"follow","max-snippet":"max-snippet:-1","max-image-preview":"max-image-preview:large","max-video-preview":"max-video-preview:-1"},"og_locale":"cs_CZ","og_type":"article","og_title":"Z\u00c1SADY NAKL\u00c1D\u00c1N\u00cd S OSOBN\u00cdMI \u00daDAJI U\u017dIVATEL\u016e WEBOV\u00ddCH SLU\u017dEB \u00daM\u010c PRAHA 19. - Fotogalerie - Praha 19","og_description":"Tento dokument shrnuje z\u00e1kladn\u00ed z\u00e1sady nakl\u00e1d\u00e1n\u00ed s osobn\u00edmi \u00fadaji u\u017eivatel\u016f webov\u00fdch slu\u017eeb \u00daM\u010c Praha 19. \u00da\u0159ad postupuje p\u0159i zpracov\u00e1n\u00ed osobn\u00edch \u00fadaj\u016f v souladu se z\u00e1konem 101\/2000 Sb., o ochran\u011b osobn\u00edch \u00fadaj\u016f, ev. z\u00e1konem \u010d. 127\/2005 Sb., o elektronick\u00fdch komunikac\u00edch, z\u00e1konem \u010d. 480\/2004 Sb., o n\u011bkter\u00fdch slu\u017eb\u00e1ch informa\u010dn\u00ed spole\u010dnosti, ve zn\u011bn\u00ed pozd\u011bj\u0161\u00edch p\u0159edpis\u016f a dal\u0161\u00edmi pr\u00e1vn\u00edmi [&hellip;]","og_url":"https:\/\/foto.praha-19.ys-beta.cz\/index.php\/privacy-policy\/","og_site_name":"Fotogalerie - Praha 19","article_modified_time":"2022-11-24T08:58:36+00:00","twitter_card":"summary_large_image","twitter_misc":{"Est. reading time":"4 minuty"},"schema":{"@context":"https:\/\/schema.org","@graph":[{"@type":"WebPage","@id":"https:\/\/foto.praha-19.ys-beta.cz\/index.php\/privacy-policy\/","url":"https:\/\/foto.praha-19.ys-beta.cz\/index.php\/privacy-policy\/","name":"Z\u00c1SADY NAKL\u00c1D\u00c1N\u00cd S OSOBN\u00cdMI \u00daDAJI U\u017dIVATEL\u016e WEBOV\u00ddCH SLU\u017dEB \u00daM\u010c PRAHA 19. - Fotogalerie - Praha 19","isPartOf":{"@id":"https:\/\/foto.praha-19.ys-beta.cz\/#website"},"datePublished":"2022-10-20T11:18:15+00:00","dateModified":"2022-11-24T08:58:36+00:00","breadcrumb":{"@id":"https:\/\/foto.praha-19.ys-beta.cz\/index.php\/privacy-policy\/#breadcrumb"},"inLanguage":"cs","potentialAction":[{"@type":"ReadAction","target":["https:\/\/foto.praha-19.ys-beta.cz\/index.php\/privacy-policy\/"]}]},{"@type":"BreadcrumbList","@id":"https:\/\/foto.praha-19.ys-beta.cz\/index.php\/privacy-policy\/#breadcrumb","itemListElement":[{"@type":"ListItem","position":1,"name":"Home","item":"https:\/\/foto.praha-19.ys-beta.cz\/"},{"@type":"ListItem","position":2,"name":"Z\u00c1SADY NAKL\u00c1D\u00c1N\u00cd S OSOBN\u00cdMI \u00daDAJI U\u017dIVATEL\u016e WEBOV\u00ddCH SLU\u017dEB \u00daM\u010c PRAHA 19."}]},{"@type":"WebSite","@id":"https:\/\/foto.praha-19.ys-beta.cz\/#website","url":"https:\/\/foto.praha-19.ys-beta.cz\/","name":"Fotogalerie - Praha 19","description":"Fotogalerie m\u011bstsk\u00e9 \u010d\u00e1sti Praha 19","potentialAction":[{"@type":"SearchAction","target":{"@type":"EntryPoint","urlTemplate":"https:\/\/foto.praha-19.ys-beta.cz\/?s={search_term_string}"},"query-input":{"@type":"PropertyValueSpecification","valueRequired":true,"valueName":"search_term_string"}}],"inLanguage":"cs"}]}},"_links":{"self":[{"href":"https:\/\/foto.praha-19.ys-beta.cz\/index.php\/wp-json\/wp\/v2\/pages\/3","targetHints":{"allow":["GET"]}}],"collection":[{"href":"https:\/\/foto.praha-19.ys-beta.cz\/index.php\/wp-json\/wp\/v2\/pages"}],"about":[{"href":"https:\/\/foto.praha-19.ys-beta.cz\/index.php\/wp-json\/wp\/v2\/types\/page"}],"author":[{"embeddable":true,"href":"https:\/\/foto.praha-19.ys-beta.cz\/index.php\/wp-json\/wp\/v2\/users\/2"}],"replies":[{"embeddable":true,"href":"https:\/\/foto.praha-19.ys-beta.cz\/index.php\/wp-json\/wp\/v2\/comments?post=3"}],"version-history":[{"count":1,"href":"https:\/\/foto.praha-19.ys-beta.cz\/index.php\/wp-json\/wp\/v2\/pages\/3\/revisions"}],"predecessor-version":[{"id":3340,"href":"https:\/\/foto.praha-19.ys-beta.cz\/index.php\/wp-json\/wp\/v2\/pages\/3\/revisions\/3340"}],"wp:attachment":[{"href":"https:\/\/foto.praha-19.ys-beta.cz\/index.php\/wp-json\/wp\/v2\/media?parent=3"}],"curies":[{"name":"wp","href":"https:\/\/api.w.org\/{rel}","templated":true}]}}