{"id":17461,"date":"2025-11-14T14:08:48","date_gmt":"2025-11-14T12:08:48","guid":{"rendered":"https:\/\/foto.praha-19.ys-beta.cz\/?page_id=17461"},"modified":"2025-11-14T14:39:16","modified_gmt":"2025-11-14T12:39:16","slug":"testovaci-pro-marcelu","status":"publish","type":"page","link":"https:\/\/foto.praha-19.ys-beta.cz\/index.php\/rok-2025\/testovaci-pro-marcelu\/","title":{"rendered":"Testovac\u00ed pro Marcelu"},"content":{"rendered":"<div class='pinhole-gallery pinhole-masonry pinhole-popup items-hidden  clearfix row'><div class='pinhole-item col-xs-12 col-lg-4 col-md-4 col-sm-6  '><a class=\"item-link\" href=\"https:\/\/foto.praha-19.ys-beta.cz\/app\/uploads\/2025\/11\/Img8400.jpg\" data-caption=\"[]\" data-meta=\"[]\"  data-size=\"{&quot;width&quot;:339,&quot;height&quot;:480}\" data-download=\"[]\" data-filename=\"{&quot;name&quot;:&quot;&quot;}\"><img loading=\"lazy\" decoding=\"async\" width=\"339\" height=\"480\" src=\"https:\/\/foto.praha-19.ys-beta.cz\/app\/uploads\/2025\/11\/Img8400.jpg\" class=\"attachment-pinhole-col-3 size-pinhole-col-3\" alt=\"\" srcset=\"https:\/\/foto.praha-19.ys-beta.cz\/app\/uploads\/2025\/11\/Img8400.jpg 339w, https:\/\/foto.praha-19.ys-beta.cz\/app\/uploads\/2025\/11\/Img8400-212x300.jpg 212w, https:\/\/foto.praha-19.ys-beta.cz\/app\/uploads\/2025\/11\/Img8400-276x391.jpg 276w, https:\/\/foto.praha-19.ys-beta.cz\/app\/uploads\/2025\/11\/Img8400-318x450.jpg 318w\" sizes=\"auto, (max-width: 339px) 100vw, 339px\" \/><\/a><\/div><div class='pinhole-item col-xs-12 col-lg-4 col-md-4 col-sm-6  '><a class=\"item-link\" href=\"https:\/\/foto.praha-19.ys-beta.cz\/app\/uploads\/2025\/11\/ekostern.jpg\" data-caption=\"[]\" data-meta=\"[]\"  data-size=\"{&quot;width&quot;:720,&quot;height&quot;:660}\" data-download=\"[]\" data-filename=\"{&quot;name&quot;:&quot;&quot;}\"><img loading=\"lazy\" decoding=\"async\" width=\"378\" height=\"347\" src=\"https:\/\/foto.praha-19.ys-beta.cz\/app\/uploads\/2025\/11\/ekostern-378x347.jpg\" class=\"attachment-pinhole-col-3 size-pinhole-col-3\" alt=\"\" srcset=\"https:\/\/foto.praha-19.ys-beta.cz\/app\/uploads\/2025\/11\/ekostern-378x347.jpg 378w, https:\/\/foto.praha-19.ys-beta.cz\/app\/uploads\/2025\/11\/ekostern-300x275.jpg 300w, https:\/\/foto.praha-19.ys-beta.cz\/app\/uploads\/2025\/11\/ekostern-582x534.jpg 582w, https:\/\/foto.praha-19.ys-beta.cz\/app\/uploads\/2025\/11\/ekostern-276x253.jpg 276w, https:\/\/foto.praha-19.ys-beta.cz\/app\/uploads\/2025\/11\/ekostern-491x450.jpg 491w, https:\/\/foto.praha-19.ys-beta.cz\/app\/uploads\/2025\/11\/ekostern.jpg 720w\" sizes=\"auto, (max-width: 378px) 100vw, 378px\" \/><\/a><\/div><div class='pinhole-item col-xs-12 col-lg-4 col-md-4 col-sm-6  '><a class=\"item-link\" href=\"https:\/\/foto.praha-19.ys-beta.cz\/app\/uploads\/2025\/11\/doplnovaci_okresy_1909-1920x1550.jpg\" data-caption=\"[]\" data-meta=\"[]\"  data-size=\"{&quot;width&quot;:1920,&quot;height&quot;:1550}\" data-download=\"[]\" data-filename=\"{&quot;name&quot;:&quot;&quot;}\"><img loading=\"lazy\" decoding=\"async\" width=\"378\" height=\"305\" src=\"https:\/\/foto.praha-19.ys-beta.cz\/app\/uploads\/2025\/11\/doplnovaci_okresy_1909-378x305.jpg\" class=\"attachment-pinhole-col-3 size-pinhole-col-3\" alt=\"\" srcset=\"https:\/\/foto.praha-19.ys-beta.cz\/app\/uploads\/2025\/11\/doplnovaci_okresy_1909-378x305.jpg 378w, https:\/\/foto.praha-19.ys-beta.cz\/app\/uploads\/2025\/11\/doplnovaci_okresy_1909-300x242.jpg 300w, https:\/\/foto.praha-19.ys-beta.cz\/app\/uploads\/2025\/11\/doplnovaci_okresy_1909-1024x827.jpg 1024w, https:\/\/foto.praha-19.ys-beta.cz\/app\/uploads\/2025\/11\/doplnovaci_okresy_1909-768x620.jpg 768w, https:\/\/foto.praha-19.ys-beta.cz\/app\/uploads\/2025\/11\/doplnovaci_okresy_1909-1536x1240.jpg 1536w, https:\/\/foto.praha-19.ys-beta.cz\/app\/uploads\/2025\/11\/doplnovaci_okresy_1909-2048x1654.jpg 2048w, https:\/\/foto.praha-19.ys-beta.cz\/app\/uploads\/2025\/11\/doplnovaci_okresy_1909-1194x964.jpg 1194w, https:\/\/foto.praha-19.ys-beta.cz\/app\/uploads\/2025\/11\/doplnovaci_okresy_1909-582x470.jpg 582w, https:\/\/foto.praha-19.ys-beta.cz\/app\/uploads\/2025\/11\/doplnovaci_okresy_1909-276x223.jpg 276w, https:\/\/foto.praha-19.ys-beta.cz\/app\/uploads\/2025\/11\/doplnovaci_okresy_1909-557x450.jpg 557w, https:\/\/foto.praha-19.ys-beta.cz\/app\/uploads\/2025\/11\/doplnovaci_okresy_1909-1920x1550.jpg 1920w\" sizes=\"auto, (max-width: 378px) 100vw, 378px\" \/><\/a><\/div><div class='pinhole-item col-xs-12 col-lg-4 col-md-4 col-sm-6  '><a class=\"item-link\" href=\"https:\/\/foto.praha-19.ys-beta.cz\/app\/uploads\/2025\/11\/der-Darstellung-des-Treffens-von-Ebelsberg-1809-1920x1739.jpg\" data-caption=\"[]\" data-meta=\"[]\"  data-size=\"{&quot;width&quot;:1920,&quot;height&quot;:1739}\" data-download=\"[]\" data-filename=\"{&quot;name&quot;:&quot;&quot;}\"><img loading=\"lazy\" decoding=\"async\" width=\"378\" height=\"342\" src=\"https:\/\/foto.praha-19.ys-beta.cz\/app\/uploads\/2025\/11\/der-Darstellung-des-Treffens-von-Ebelsberg-1809-378x342.jpg\" class=\"attachment-pinhole-col-3 size-pinhole-col-3\" alt=\"\" srcset=\"https:\/\/foto.praha-19.ys-beta.cz\/app\/uploads\/2025\/11\/der-Darstellung-des-Treffens-von-Ebelsberg-1809-378x342.jpg 378w, https:\/\/foto.praha-19.ys-beta.cz\/app\/uploads\/2025\/11\/der-Darstellung-des-Treffens-von-Ebelsberg-1809-300x272.jpg 300w, https:\/\/foto.praha-19.ys-beta.cz\/app\/uploads\/2025\/11\/der-Darstellung-des-Treffens-von-Ebelsberg-1809-1024x927.jpg 1024w, https:\/\/foto.praha-19.ys-beta.cz\/app\/uploads\/2025\/11\/der-Darstellung-des-Treffens-von-Ebelsberg-1809-768x695.jpg 768w, https:\/\/foto.praha-19.ys-beta.cz\/app\/uploads\/2025\/11\/der-Darstellung-des-Treffens-von-Ebelsberg-1809-1536x1391.jpg 1536w, https:\/\/foto.praha-19.ys-beta.cz\/app\/uploads\/2025\/11\/der-Darstellung-des-Treffens-von-Ebelsberg-1809-2048x1855.jpg 2048w, https:\/\/foto.praha-19.ys-beta.cz\/app\/uploads\/2025\/11\/der-Darstellung-des-Treffens-von-Ebelsberg-1809-1194x1081.jpg 1194w, https:\/\/foto.praha-19.ys-beta.cz\/app\/uploads\/2025\/11\/der-Darstellung-des-Treffens-von-Ebelsberg-1809-582x527.jpg 582w, https:\/\/foto.praha-19.ys-beta.cz\/app\/uploads\/2025\/11\/der-Darstellung-des-Treffens-von-Ebelsberg-1809-276x250.jpg 276w, https:\/\/foto.praha-19.ys-beta.cz\/app\/uploads\/2025\/11\/der-Darstellung-des-Treffens-von-Ebelsberg-1809-497x450.jpg 497w, https:\/\/foto.praha-19.ys-beta.cz\/app\/uploads\/2025\/11\/der-Darstellung-des-Treffens-von-Ebelsberg-1809-1920x1739.jpg 1920w\" sizes=\"auto, (max-width: 378px) 100vw, 378px\" \/><\/a><\/div><div class='pinhole-item col-xs-12 col-lg-4 col-md-4 col-sm-6  '><a class=\"item-link\" href=\"https:\/\/foto.praha-19.ys-beta.cz\/app\/uploads\/2025\/11\/plochaPC.jpg\" data-caption=\"[]\" data-meta=\"[]\"  data-size=\"{&quot;width&quot;:1920,&quot;height&quot;:1080}\" data-download=\"[]\" data-filename=\"{&quot;name&quot;:&quot;&quot;}\"><img loading=\"lazy\" decoding=\"async\" width=\"378\" height=\"213\" src=\"https:\/\/foto.praha-19.ys-beta.cz\/app\/uploads\/2025\/11\/plochaPC-378x213.jpg\" class=\"attachment-pinhole-col-3 size-pinhole-col-3\" alt=\"\" srcset=\"https:\/\/foto.praha-19.ys-beta.cz\/app\/uploads\/2025\/11\/plochaPC-378x213.jpg 378w, https:\/\/foto.praha-19.ys-beta.cz\/app\/uploads\/2025\/11\/plochaPC-300x169.jpg 300w, https:\/\/foto.praha-19.ys-beta.cz\/app\/uploads\/2025\/11\/plochaPC-1024x576.jpg 1024w, https:\/\/foto.praha-19.ys-beta.cz\/app\/uploads\/2025\/11\/plochaPC-768x432.jpg 768w, https:\/\/foto.praha-19.ys-beta.cz\/app\/uploads\/2025\/11\/plochaPC-1536x864.jpg 1536w, https:\/\/foto.praha-19.ys-beta.cz\/app\/uploads\/2025\/11\/plochaPC-1194x672.jpg 1194w, https:\/\/foto.praha-19.ys-beta.cz\/app\/uploads\/2025\/11\/plochaPC-582x327.jpg 582w, https:\/\/foto.praha-19.ys-beta.cz\/app\/uploads\/2025\/11\/plochaPC-276x155.jpg 276w, https:\/\/foto.praha-19.ys-beta.cz\/app\/uploads\/2025\/11\/plochaPC-800x450.jpg 800w, https:\/\/foto.praha-19.ys-beta.cz\/app\/uploads\/2025\/11\/plochaPC.jpg 1920w\" sizes=\"auto, (max-width: 378px) 100vw, 378px\" \/><\/a><\/div>\n\t\t<\/div>\n\n","protected":false},"excerpt":{"rendered":"","protected":false},"author":9,"featured_media":17464,"parent":17459,"menu_order":0,"comment_status":"closed","ping_status":"closed","template":"","meta":{"footnotes":""},"class_list":["post-17461","page","type-page","status-publish","has-post-thumbnail","hentry"],"yoast_head":"<!-- This site is optimized with the Yoast SEO plugin v27.2 - https:\/\/yoast.com\/product\/yoast-seo-wordpress\/ -->\n<title>Testovac\u00ed pro Marcelu - Fotogalerie - Praha 19<\/title>\n<meta name=\"robots\" content=\"noindex, follow, max-snippet:-1, max-image-preview:large, max-video-preview:-1\" \/>\n<meta property=\"og:locale\" content=\"cs_CZ\" \/>\n<meta property=\"og:type\" content=\"article\" \/>\n<meta property=\"og:title\" content=\"Testovac\u00ed pro Marcelu - Fotogalerie - Praha 19\" \/>\n<meta property=\"og:url\" content=\"https:\/\/foto.praha-19.ys-beta.cz\/index.php\/rok-2025\/testovaci-pro-marcelu\/\" \/>\n<meta property=\"og:site_name\" content=\"Fotogalerie - Praha 19\" \/>\n<meta property=\"article:modified_time\" content=\"2025-11-14T12:39:16+00:00\" \/>\n<meta property=\"og:image\" content=\"https:\/\/foto.praha-19.ys-beta.cz\/app\/uploads\/2025\/11\/plochaPC.jpg\" \/>\n\t<meta property=\"og:image:width\" content=\"1920\" \/>\n\t<meta property=\"og:image:height\" content=\"1080\" \/>\n\t<meta property=\"og:image:type\" content=\"image\/jpeg\" \/>\n<meta name=\"twitter:card\" content=\"summary_large_image\" \/>\n<meta name=\"twitter:label1\" content=\"Est. reading time\" \/>\n\t<meta name=\"twitter:data1\" content=\"2 minuty\" \/>\n<script type=\"application\/ld+json\" class=\"yoast-schema-graph\">{\"@context\":\"https:\/\/schema.org\",\"@graph\":[{\"@type\":\"WebPage\",\"@id\":\"https:\/\/foto.praha-19.ys-beta.cz\/index.php\/rok-2025\/testovaci-pro-marcelu\/\",\"url\":\"https:\/\/foto.praha-19.ys-beta.cz\/index.php\/rok-2025\/testovaci-pro-marcelu\/\",\"name\":\"Testovac\u00ed pro Marcelu - Fotogalerie - Praha 19\",\"isPartOf\":{\"@id\":\"https:\/\/foto.praha-19.ys-beta.cz\/#website\"},\"primaryImageOfPage\":{\"@id\":\"https:\/\/foto.praha-19.ys-beta.cz\/index.php\/rok-2025\/testovaci-pro-marcelu\/#primaryimage\"},\"image\":{\"@id\":\"https:\/\/foto.praha-19.ys-beta.cz\/index.php\/rok-2025\/testovaci-pro-marcelu\/#primaryimage\"},\"thumbnailUrl\":\"https:\/\/foto.praha-19.ys-beta.cz\/app\/uploads\/2025\/11\/plochaPC.jpg\",\"datePublished\":\"2025-11-14T12:08:48+00:00\",\"dateModified\":\"2025-11-14T12:39:16+00:00\",\"breadcrumb\":{\"@id\":\"https:\/\/foto.praha-19.ys-beta.cz\/index.php\/rok-2025\/testovaci-pro-marcelu\/#breadcrumb\"},\"inLanguage\":\"cs\",\"potentialAction\":[{\"@type\":\"ReadAction\",\"target\":[\"https:\/\/foto.praha-19.ys-beta.cz\/index.php\/rok-2025\/testovaci-pro-marcelu\/\"]}]},{\"@type\":\"ImageObject\",\"inLanguage\":\"cs\",\"@id\":\"https:\/\/foto.praha-19.ys-beta.cz\/index.php\/rok-2025\/testovaci-pro-marcelu\/#primaryimage\",\"url\":\"https:\/\/foto.praha-19.ys-beta.cz\/app\/uploads\/2025\/11\/plochaPC.jpg\",\"contentUrl\":\"https:\/\/foto.praha-19.ys-beta.cz\/app\/uploads\/2025\/11\/plochaPC.jpg\",\"width\":1920,\"height\":1080},{\"@type\":\"BreadcrumbList\",\"@id\":\"https:\/\/foto.praha-19.ys-beta.cz\/index.php\/rok-2025\/testovaci-pro-marcelu\/#breadcrumb\",\"itemListElement\":[{\"@type\":\"ListItem\",\"position\":1,\"name\":\"Home\",\"item\":\"https:\/\/foto.praha-19.ys-beta.cz\/\"},{\"@type\":\"ListItem\",\"position\":2,\"name\":\"Rok 2025\",\"item\":\"https:\/\/foto.praha-19.ys-beta.cz\/index.php\/rok-2025\/\"},{\"@type\":\"ListItem\",\"position\":3,\"name\":\"Testovac\u00ed pro Marcelu\"}]},{\"@type\":\"WebSite\",\"@id\":\"https:\/\/foto.praha-19.ys-beta.cz\/#website\",\"url\":\"https:\/\/foto.praha-19.ys-beta.cz\/\",\"name\":\"Fotogalerie - Praha 19\",\"description\":\"Fotogalerie m\u011bstsk\u00e9 \u010d\u00e1sti Praha 19\",\"potentialAction\":[{\"@type\":\"SearchAction\",\"target\":{\"@type\":\"EntryPoint\",\"urlTemplate\":\"https:\/\/foto.praha-19.ys-beta.cz\/?s={search_term_string}\"},\"query-input\":{\"@type\":\"PropertyValueSpecification\",\"valueRequired\":true,\"valueName\":\"search_term_string\"}}],\"inLanguage\":\"cs\"}]}<\/script>\n<!-- \/ Yoast SEO plugin. -->","yoast_head_json":{"title":"Testovac\u00ed pro Marcelu - Fotogalerie - Praha 19","robots":{"index":"noindex","follow":"follow","max-snippet":"max-snippet:-1","max-image-preview":"max-image-preview:large","max-video-preview":"max-video-preview:-1"},"og_locale":"cs_CZ","og_type":"article","og_title":"Testovac\u00ed pro Marcelu - Fotogalerie - Praha 19","og_url":"https:\/\/foto.praha-19.ys-beta.cz\/index.php\/rok-2025\/testovaci-pro-marcelu\/","og_site_name":"Fotogalerie - Praha 19","article_modified_time":"2025-11-14T12:39:16+00:00","og_image":[{"width":1920,"height":1080,"url":"https:\/\/foto.praha-19.ys-beta.cz\/app\/uploads\/2025\/11\/plochaPC.jpg","type":"image\/jpeg"}],"twitter_card":"summary_large_image","twitter_misc":{"Est. reading time":"2 minuty"},"schema":{"@context":"https:\/\/schema.org","@graph":[{"@type":"WebPage","@id":"https:\/\/foto.praha-19.ys-beta.cz\/index.php\/rok-2025\/testovaci-pro-marcelu\/","url":"https:\/\/foto.praha-19.ys-beta.cz\/index.php\/rok-2025\/testovaci-pro-marcelu\/","name":"Testovac\u00ed pro Marcelu - Fotogalerie - Praha 19","isPartOf":{"@id":"https:\/\/foto.praha-19.ys-beta.cz\/#website"},"primaryImageOfPage":{"@id":"https:\/\/foto.praha-19.ys-beta.cz\/index.php\/rok-2025\/testovaci-pro-marcelu\/#primaryimage"},"image":{"@id":"https:\/\/foto.praha-19.ys-beta.cz\/index.php\/rok-2025\/testovaci-pro-marcelu\/#primaryimage"},"thumbnailUrl":"https:\/\/foto.praha-19.ys-beta.cz\/app\/uploads\/2025\/11\/plochaPC.jpg","datePublished":"2025-11-14T12:08:48+00:00","dateModified":"2025-11-14T12:39:16+00:00","breadcrumb":{"@id":"https:\/\/foto.praha-19.ys-beta.cz\/index.php\/rok-2025\/testovaci-pro-marcelu\/#breadcrumb"},"inLanguage":"cs","potentialAction":[{"@type":"ReadAction","target":["https:\/\/foto.praha-19.ys-beta.cz\/index.php\/rok-2025\/testovaci-pro-marcelu\/"]}]},{"@type":"ImageObject","inLanguage":"cs","@id":"https:\/\/foto.praha-19.ys-beta.cz\/index.php\/rok-2025\/testovaci-pro-marcelu\/#primaryimage","url":"https:\/\/foto.praha-19.ys-beta.cz\/app\/uploads\/2025\/11\/plochaPC.jpg","contentUrl":"https:\/\/foto.praha-19.ys-beta.cz\/app\/uploads\/2025\/11\/plochaPC.jpg","width":1920,"height":1080},{"@type":"BreadcrumbList","@id":"https:\/\/foto.praha-19.ys-beta.cz\/index.php\/rok-2025\/testovaci-pro-marcelu\/#breadcrumb","itemListElement":[{"@type":"ListItem","position":1,"name":"Home","item":"https:\/\/foto.praha-19.ys-beta.cz\/"},{"@type":"ListItem","position":2,"name":"Rok 2025","item":"https:\/\/foto.praha-19.ys-beta.cz\/index.php\/rok-2025\/"},{"@type":"ListItem","position":3,"name":"Testovac\u00ed pro Marcelu"}]},{"@type":"WebSite","@id":"https:\/\/foto.praha-19.ys-beta.cz\/#website","url":"https:\/\/foto.praha-19.ys-beta.cz\/","name":"Fotogalerie - Praha 19","description":"Fotogalerie m\u011bstsk\u00e9 \u010d\u00e1sti Praha 19","potentialAction":[{"@type":"SearchAction","target":{"@type":"EntryPoint","urlTemplate":"https:\/\/foto.praha-19.ys-beta.cz\/?s={search_term_string}"},"query-input":{"@type":"PropertyValueSpecification","valueRequired":true,"valueName":"search_term_string"}}],"inLanguage":"cs"}]}},"_links":{"self":[{"href":"https:\/\/foto.praha-19.ys-beta.cz\/index.php\/wp-json\/wp\/v2\/pages\/17461","targetHints":{"allow":["GET"]}}],"collection":[{"href":"https:\/\/foto.praha-19.ys-beta.cz\/index.php\/wp-json\/wp\/v2\/pages"}],"about":[{"href":"https:\/\/foto.praha-19.ys-beta.cz\/index.php\/wp-json\/wp\/v2\/types\/page"}],"author":[{"embeddable":true,"href":"https:\/\/foto.praha-19.ys-beta.cz\/index.php\/wp-json\/wp\/v2\/users\/9"}],"replies":[{"embeddable":true,"href":"https:\/\/foto.praha-19.ys-beta.cz\/index.php\/wp-json\/wp\/v2\/comments?post=17461"}],"version-history":[{"count":2,"href":"https:\/\/foto.praha-19.ys-beta.cz\/index.php\/wp-json\/wp\/v2\/pages\/17461\/revisions"}],"predecessor-version":[{"id":17469,"href":"https:\/\/foto.praha-19.ys-beta.cz\/index.php\/wp-json\/wp\/v2\/pages\/17461\/revisions\/17469"}],"up":[{"embeddable":true,"href":"https:\/\/foto.praha-19.ys-beta.cz\/index.php\/wp-json\/wp\/v2\/pages\/17459"}],"wp:featuredmedia":[{"embeddable":true,"href":"https:\/\/foto.praha-19.ys-beta.cz\/index.php\/wp-json\/wp\/v2\/media\/17464"}],"wp:attachment":[{"href":"https:\/\/foto.praha-19.ys-beta.cz\/index.php\/wp-json\/wp\/v2\/media?parent=17461"}],"curies":[{"name":"wp","href":"https:\/\/api.w.org\/{rel}","templated":true}]}}