{"id":15771,"date":"2024-04-05T12:01:04","date_gmt":"2024-04-05T10:01:04","guid":{"rendered":"https:\/\/foto.praha-19.ys-beta.cz\/?page_id=15771"},"modified":"2024-04-05T12:01:05","modified_gmt":"2024-04-05T10:01:05","slug":"test-yoursystemgallery","status":"publish","type":"page","link":"https:\/\/foto.praha-19.ys-beta.cz\/index.php\/test-yoursystemgallery\/","title":{"rendered":"Test YourSystemGallery"},"content":{"rendered":"<ul data-count=\"4\" class=\"wp-block-gallery alignundefined columns-3 is-cropped\"><li class=\"blocks-gallery-item\"><figure><img loading=\"lazy\" decoding=\"async\" width=\"1280\" height=\"720\" src=\"https:\/\/foto.praha-19.ys-beta.cz\/app\/uploads\/2024\/04\/1.jpg\" alt=\"1\" data-id=\"15763\" data-link=\"https:\/\/foto.praha-19.ys-beta.cz\/1\/\" class=\"wp-image-15763\" srcset=\"https:\/\/foto.praha-19.ys-beta.cz\/app\/uploads\/2024\/04\/1.jpg 1280w, https:\/\/foto.praha-19.ys-beta.cz\/app\/uploads\/2024\/04\/1-300x169.jpg 300w, https:\/\/foto.praha-19.ys-beta.cz\/app\/uploads\/2024\/04\/1-1024x576.jpg 1024w, https:\/\/foto.praha-19.ys-beta.cz\/app\/uploads\/2024\/04\/1-768x432.jpg 768w, https:\/\/foto.praha-19.ys-beta.cz\/app\/uploads\/2024\/04\/1-1194x672.jpg 1194w, https:\/\/foto.praha-19.ys-beta.cz\/app\/uploads\/2024\/04\/1-582x327.jpg 582w, https:\/\/foto.praha-19.ys-beta.cz\/app\/uploads\/2024\/04\/1-378x213.jpg 378w, https:\/\/foto.praha-19.ys-beta.cz\/app\/uploads\/2024\/04\/1-276x155.jpg 276w, https:\/\/foto.praha-19.ys-beta.cz\/app\/uploads\/2024\/04\/1-800x450.jpg 800w\" sizes=\"auto, (max-width: 1280px) 100vw, 1280px\" \/><\/figure><\/li><li class=\"blocks-gallery-item\"><figure><img loading=\"lazy\" decoding=\"async\" width=\"1280\" height=\"720\" src=\"https:\/\/foto.praha-19.ys-beta.cz\/app\/uploads\/2024\/04\/2.jpg\" alt=\"2\" data-id=\"15762\" data-link=\"https:\/\/foto.praha-19.ys-beta.cz\/2-2\/\" class=\"wp-image-15762\" srcset=\"https:\/\/foto.praha-19.ys-beta.cz\/app\/uploads\/2024\/04\/2.jpg 1280w, https:\/\/foto.praha-19.ys-beta.cz\/app\/uploads\/2024\/04\/2-300x169.jpg 300w, https:\/\/foto.praha-19.ys-beta.cz\/app\/uploads\/2024\/04\/2-1024x576.jpg 1024w, https:\/\/foto.praha-19.ys-beta.cz\/app\/uploads\/2024\/04\/2-768x432.jpg 768w, https:\/\/foto.praha-19.ys-beta.cz\/app\/uploads\/2024\/04\/2-1194x672.jpg 1194w, https:\/\/foto.praha-19.ys-beta.cz\/app\/uploads\/2024\/04\/2-582x327.jpg 582w, https:\/\/foto.praha-19.ys-beta.cz\/app\/uploads\/2024\/04\/2-378x213.jpg 378w, https:\/\/foto.praha-19.ys-beta.cz\/app\/uploads\/2024\/04\/2-276x155.jpg 276w, https:\/\/foto.praha-19.ys-beta.cz\/app\/uploads\/2024\/04\/2-800x450.jpg 800w\" sizes=\"auto, (max-width: 1280px) 100vw, 1280px\" \/><\/figure><\/li><li class=\"blocks-gallery-item\"><figure><img loading=\"lazy\" decoding=\"async\" width=\"1280\" height=\"720\" src=\"https:\/\/foto.praha-19.ys-beta.cz\/app\/uploads\/2024\/04\/3.jpg\" alt=\"3\" data-id=\"15760\" data-link=\"https:\/\/foto.praha-19.ys-beta.cz\/3-2\/\" class=\"wp-image-15760\" srcset=\"https:\/\/foto.praha-19.ys-beta.cz\/app\/uploads\/2024\/04\/3.jpg 1280w, https:\/\/foto.praha-19.ys-beta.cz\/app\/uploads\/2024\/04\/3-300x169.jpg 300w, https:\/\/foto.praha-19.ys-beta.cz\/app\/uploads\/2024\/04\/3-1024x576.jpg 1024w, https:\/\/foto.praha-19.ys-beta.cz\/app\/uploads\/2024\/04\/3-768x432.jpg 768w, https:\/\/foto.praha-19.ys-beta.cz\/app\/uploads\/2024\/04\/3-1194x672.jpg 1194w, https:\/\/foto.praha-19.ys-beta.cz\/app\/uploads\/2024\/04\/3-582x327.jpg 582w, https:\/\/foto.praha-19.ys-beta.cz\/app\/uploads\/2024\/04\/3-378x213.jpg 378w, https:\/\/foto.praha-19.ys-beta.cz\/app\/uploads\/2024\/04\/3-276x155.jpg 276w, https:\/\/foto.praha-19.ys-beta.cz\/app\/uploads\/2024\/04\/3-800x450.jpg 800w\" sizes=\"auto, (max-width: 1280px) 100vw, 1280px\" \/><\/figure><\/li><li class=\"blocks-gallery-item\"><figure><img loading=\"lazy\" decoding=\"async\" width=\"1280\" height=\"720\" src=\"https:\/\/foto.praha-19.ys-beta.cz\/app\/uploads\/2024\/04\/4.jpg\" alt=\"4\" data-id=\"15759\" data-link=\"https:\/\/foto.praha-19.ys-beta.cz\/4-2\/\" class=\"wp-image-15759\" srcset=\"https:\/\/foto.praha-19.ys-beta.cz\/app\/uploads\/2024\/04\/4.jpg 1280w, https:\/\/foto.praha-19.ys-beta.cz\/app\/uploads\/2024\/04\/4-300x169.jpg 300w, https:\/\/foto.praha-19.ys-beta.cz\/app\/uploads\/2024\/04\/4-1024x576.jpg 1024w, https:\/\/foto.praha-19.ys-beta.cz\/app\/uploads\/2024\/04\/4-768x432.jpg 768w, https:\/\/foto.praha-19.ys-beta.cz\/app\/uploads\/2024\/04\/4-1194x672.jpg 1194w, https:\/\/foto.praha-19.ys-beta.cz\/app\/uploads\/2024\/04\/4-582x327.jpg 582w, https:\/\/foto.praha-19.ys-beta.cz\/app\/uploads\/2024\/04\/4-378x213.jpg 378w, https:\/\/foto.praha-19.ys-beta.cz\/app\/uploads\/2024\/04\/4-276x155.jpg 276w, https:\/\/foto.praha-19.ys-beta.cz\/app\/uploads\/2024\/04\/4-800x450.jpg 800w\" sizes=\"auto, (max-width: 1280px) 100vw, 1280px\" \/><\/figure><\/li><\/ul>","protected":false},"excerpt":{"rendered":"","protected":false},"author":5,"featured_media":0,"parent":0,"menu_order":0,"comment_status":"closed","ping_status":"closed","template":"","meta":{"footnotes":""},"class_list":["post-15771","page","type-page","status-publish","hentry"],"yoast_head":"<!-- This site is optimized with the Yoast SEO plugin v27.2 - https:\/\/yoast.com\/product\/yoast-seo-wordpress\/ -->\n<title>Test YourSystemGallery - Fotogalerie - Praha 19<\/title>\n<meta name=\"robots\" content=\"noindex, follow, max-snippet:-1, max-image-preview:large, max-video-preview:-1\" \/>\n<meta property=\"og:locale\" content=\"cs_CZ\" \/>\n<meta property=\"og:type\" content=\"article\" \/>\n<meta property=\"og:title\" content=\"Test YourSystemGallery - Fotogalerie - Praha 19\" \/>\n<meta property=\"og:url\" content=\"https:\/\/foto.praha-19.ys-beta.cz\/index.php\/test-yoursystemgallery\/\" \/>\n<meta property=\"og:site_name\" content=\"Fotogalerie - Praha 19\" \/>\n<meta property=\"article:modified_time\" content=\"2024-04-05T10:01:05+00:00\" \/>\n<meta name=\"twitter:card\" content=\"summary_large_image\" \/>\n<script type=\"application\/ld+json\" class=\"yoast-schema-graph\">{\"@context\":\"https:\/\/schema.org\",\"@graph\":[{\"@type\":\"WebPage\",\"@id\":\"https:\/\/foto.praha-19.ys-beta.cz\/index.php\/test-yoursystemgallery\/\",\"url\":\"https:\/\/foto.praha-19.ys-beta.cz\/index.php\/test-yoursystemgallery\/\",\"name\":\"Test YourSystemGallery - Fotogalerie - Praha 19\",\"isPartOf\":{\"@id\":\"https:\/\/foto.praha-19.ys-beta.cz\/#website\"},\"datePublished\":\"2024-04-05T10:01:04+00:00\",\"dateModified\":\"2024-04-05T10:01:05+00:00\",\"breadcrumb\":{\"@id\":\"https:\/\/foto.praha-19.ys-beta.cz\/index.php\/test-yoursystemgallery\/#breadcrumb\"},\"inLanguage\":\"cs\",\"potentialAction\":[{\"@type\":\"ReadAction\",\"target\":[\"https:\/\/foto.praha-19.ys-beta.cz\/index.php\/test-yoursystemgallery\/\"]}]},{\"@type\":\"BreadcrumbList\",\"@id\":\"https:\/\/foto.praha-19.ys-beta.cz\/index.php\/test-yoursystemgallery\/#breadcrumb\",\"itemListElement\":[{\"@type\":\"ListItem\",\"position\":1,\"name\":\"Home\",\"item\":\"https:\/\/foto.praha-19.ys-beta.cz\/\"},{\"@type\":\"ListItem\",\"position\":2,\"name\":\"Test YourSystemGallery\"}]},{\"@type\":\"WebSite\",\"@id\":\"https:\/\/foto.praha-19.ys-beta.cz\/#website\",\"url\":\"https:\/\/foto.praha-19.ys-beta.cz\/\",\"name\":\"Fotogalerie - Praha 19\",\"description\":\"Fotogalerie m\u011bstsk\u00e9 \u010d\u00e1sti Praha 19\",\"potentialAction\":[{\"@type\":\"SearchAction\",\"target\":{\"@type\":\"EntryPoint\",\"urlTemplate\":\"https:\/\/foto.praha-19.ys-beta.cz\/?s={search_term_string}\"},\"query-input\":{\"@type\":\"PropertyValueSpecification\",\"valueRequired\":true,\"valueName\":\"search_term_string\"}}],\"inLanguage\":\"cs\"}]}<\/script>\n<!-- \/ Yoast SEO plugin. -->","yoast_head_json":{"title":"Test YourSystemGallery - Fotogalerie - Praha 19","robots":{"index":"noindex","follow":"follow","max-snippet":"max-snippet:-1","max-image-preview":"max-image-preview:large","max-video-preview":"max-video-preview:-1"},"og_locale":"cs_CZ","og_type":"article","og_title":"Test YourSystemGallery - Fotogalerie - Praha 19","og_url":"https:\/\/foto.praha-19.ys-beta.cz\/index.php\/test-yoursystemgallery\/","og_site_name":"Fotogalerie - Praha 19","article_modified_time":"2024-04-05T10:01:05+00:00","twitter_card":"summary_large_image","schema":{"@context":"https:\/\/schema.org","@graph":[{"@type":"WebPage","@id":"https:\/\/foto.praha-19.ys-beta.cz\/index.php\/test-yoursystemgallery\/","url":"https:\/\/foto.praha-19.ys-beta.cz\/index.php\/test-yoursystemgallery\/","name":"Test YourSystemGallery - Fotogalerie - Praha 19","isPartOf":{"@id":"https:\/\/foto.praha-19.ys-beta.cz\/#website"},"datePublished":"2024-04-05T10:01:04+00:00","dateModified":"2024-04-05T10:01:05+00:00","breadcrumb":{"@id":"https:\/\/foto.praha-19.ys-beta.cz\/index.php\/test-yoursystemgallery\/#breadcrumb"},"inLanguage":"cs","potentialAction":[{"@type":"ReadAction","target":["https:\/\/foto.praha-19.ys-beta.cz\/index.php\/test-yoursystemgallery\/"]}]},{"@type":"BreadcrumbList","@id":"https:\/\/foto.praha-19.ys-beta.cz\/index.php\/test-yoursystemgallery\/#breadcrumb","itemListElement":[{"@type":"ListItem","position":1,"name":"Home","item":"https:\/\/foto.praha-19.ys-beta.cz\/"},{"@type":"ListItem","position":2,"name":"Test YourSystemGallery"}]},{"@type":"WebSite","@id":"https:\/\/foto.praha-19.ys-beta.cz\/#website","url":"https:\/\/foto.praha-19.ys-beta.cz\/","name":"Fotogalerie - Praha 19","description":"Fotogalerie m\u011bstsk\u00e9 \u010d\u00e1sti Praha 19","potentialAction":[{"@type":"SearchAction","target":{"@type":"EntryPoint","urlTemplate":"https:\/\/foto.praha-19.ys-beta.cz\/?s={search_term_string}"},"query-input":{"@type":"PropertyValueSpecification","valueRequired":true,"valueName":"search_term_string"}}],"inLanguage":"cs"}]}},"_links":{"self":[{"href":"https:\/\/foto.praha-19.ys-beta.cz\/index.php\/wp-json\/wp\/v2\/pages\/15771","targetHints":{"allow":["GET"]}}],"collection":[{"href":"https:\/\/foto.praha-19.ys-beta.cz\/index.php\/wp-json\/wp\/v2\/pages"}],"about":[{"href":"https:\/\/foto.praha-19.ys-beta.cz\/index.php\/wp-json\/wp\/v2\/types\/page"}],"author":[{"embeddable":true,"href":"https:\/\/foto.praha-19.ys-beta.cz\/index.php\/wp-json\/wp\/v2\/users\/5"}],"replies":[{"embeddable":true,"href":"https:\/\/foto.praha-19.ys-beta.cz\/index.php\/wp-json\/wp\/v2\/comments?post=15771"}],"version-history":[{"count":1,"href":"https:\/\/foto.praha-19.ys-beta.cz\/index.php\/wp-json\/wp\/v2\/pages\/15771\/revisions"}],"predecessor-version":[{"id":15787,"href":"https:\/\/foto.praha-19.ys-beta.cz\/index.php\/wp-json\/wp\/v2\/pages\/15771\/revisions\/15787"}],"wp:attachment":[{"href":"https:\/\/foto.praha-19.ys-beta.cz\/index.php\/wp-json\/wp\/v2\/media?parent=15771"}],"curies":[{"name":"wp","href":"https:\/\/api.w.org\/{rel}","templated":true}]}}