{"id":127,"date":"2017-07-31T13:39:13","date_gmt":"2017-07-31T13:39:13","guid":{"rendered":"https:\/\/demo.mekshq.com\/pinhole\/dc\/?page_id=127"},"modified":"2017-07-31T13:39:13","modified_gmt":"2017-07-31T13:39:13","slug":"healthy-breakfast-ideas","status":"publish","type":"page","link":"https:\/\/foto.praha-19.ys-beta.cz\/index.php\/galleries\/food\/healthy-breakfast-ideas\/","title":{"rendered":"Healthy breakfast ideas"},"content":{"rendered":"<p class=\"text-center\">Due to licencing rules and technical limitations, demo images are not included in galleries. You just need to <a href=\"\">edit this page<\/a> and add some of your own images to the existing gallery. While on the page edit screen, make sure the content editor is set to visual mode and just click the gallery icon\/button.<\/p>\n","protected":false},"excerpt":{"rendered":"","protected":false},"author":2,"featured_media":0,"parent":103,"menu_order":5,"comment_status":"closed","ping_status":"closed","template":"","meta":{"footnotes":""},"class_list":["post-127","page","type-page","status-publish","hentry"],"yoast_head":"<!-- This site is optimized with the Yoast SEO plugin v27.2 - https:\/\/yoast.com\/product\/yoast-seo-wordpress\/ -->\n<title>Healthy breakfast ideas - Fotogalerie - Praha 19<\/title>\n<meta name=\"robots\" content=\"noindex, follow, max-snippet:-1, max-image-preview:large, max-video-preview:-1\" \/>\n<meta property=\"og:locale\" content=\"cs_CZ\" \/>\n<meta property=\"og:type\" content=\"article\" \/>\n<meta property=\"og:title\" content=\"Healthy breakfast ideas - Fotogalerie - Praha 19\" \/>\n<meta property=\"og:url\" content=\"https:\/\/foto.praha-19.ys-beta.cz\/index.php\/galleries\/food\/healthy-breakfast-ideas\/\" \/>\n<meta property=\"og:site_name\" content=\"Fotogalerie - Praha 19\" \/>\n<meta property=\"og:image\" content=\"https:\/\/demo.mekshq.com\/pinhole\/dc\/wp-content\/uploads\/2017\/07\/pinhole_food_29-1024x684.jpg\" \/>\n<meta name=\"twitter:card\" content=\"summary_large_image\" \/>\n<script type=\"application\/ld+json\" class=\"yoast-schema-graph\">{\"@context\":\"https:\/\/schema.org\",\"@graph\":[{\"@type\":\"WebPage\",\"@id\":\"https:\/\/foto.praha-19.ys-beta.cz\/index.php\/galleries\/food\/healthy-breakfast-ideas\/\",\"url\":\"https:\/\/foto.praha-19.ys-beta.cz\/index.php\/galleries\/food\/healthy-breakfast-ideas\/\",\"name\":\"Healthy breakfast ideas - Fotogalerie - Praha 19\",\"isPartOf\":{\"@id\":\"https:\/\/foto.praha-19.ys-beta.cz\/#website\"},\"primaryImageOfPage\":{\"@id\":\"https:\/\/foto.praha-19.ys-beta.cz\/index.php\/galleries\/food\/healthy-breakfast-ideas\/#primaryimage\"},\"image\":{\"@id\":\"https:\/\/foto.praha-19.ys-beta.cz\/index.php\/galleries\/food\/healthy-breakfast-ideas\/#primaryimage\"},\"thumbnailUrl\":\"https:\/\/demo.mekshq.com\/pinhole\/dc\/wp-content\/uploads\/2017\/07\/pinhole_food_29-1024x684.jpg\",\"datePublished\":\"2017-07-31T13:39:13+00:00\",\"breadcrumb\":{\"@id\":\"https:\/\/foto.praha-19.ys-beta.cz\/index.php\/galleries\/food\/healthy-breakfast-ideas\/#breadcrumb\"},\"inLanguage\":\"cs\",\"potentialAction\":[{\"@type\":\"ReadAction\",\"target\":[\"https:\/\/foto.praha-19.ys-beta.cz\/index.php\/galleries\/food\/healthy-breakfast-ideas\/\"]}]},{\"@type\":\"ImageObject\",\"inLanguage\":\"cs\",\"@id\":\"https:\/\/foto.praha-19.ys-beta.cz\/index.php\/galleries\/food\/healthy-breakfast-ideas\/#primaryimage\",\"url\":\"https:\/\/demo.mekshq.com\/pinhole\/dc\/wp-content\/uploads\/2017\/07\/pinhole_food_29-1024x684.jpg\",\"contentUrl\":\"https:\/\/demo.mekshq.com\/pinhole\/dc\/wp-content\/uploads\/2017\/07\/pinhole_food_29-1024x684.jpg\"},{\"@type\":\"BreadcrumbList\",\"@id\":\"https:\/\/foto.praha-19.ys-beta.cz\/index.php\/galleries\/food\/healthy-breakfast-ideas\/#breadcrumb\",\"itemListElement\":[{\"@type\":\"ListItem\",\"position\":1,\"name\":\"Home\",\"item\":\"https:\/\/foto.praha-19.ys-beta.cz\/\"},{\"@type\":\"ListItem\",\"position\":2,\"name\":\"My work\",\"item\":\"https:\/\/foto.praha-19.ys-beta.cz\/index.php\/galleries\/\"},{\"@type\":\"ListItem\",\"position\":3,\"name\":\"Food\",\"item\":\"https:\/\/foto.praha-19.ys-beta.cz\/index.php\/galleries\/food\/\"},{\"@type\":\"ListItem\",\"position\":4,\"name\":\"Healthy breakfast ideas\"}]},{\"@type\":\"WebSite\",\"@id\":\"https:\/\/foto.praha-19.ys-beta.cz\/#website\",\"url\":\"https:\/\/foto.praha-19.ys-beta.cz\/\",\"name\":\"Fotogalerie - Praha 19\",\"description\":\"Fotogalerie m\u011bstsk\u00e9 \u010d\u00e1sti Praha 19\",\"potentialAction\":[{\"@type\":\"SearchAction\",\"target\":{\"@type\":\"EntryPoint\",\"urlTemplate\":\"https:\/\/foto.praha-19.ys-beta.cz\/?s={search_term_string}\"},\"query-input\":{\"@type\":\"PropertyValueSpecification\",\"valueRequired\":true,\"valueName\":\"search_term_string\"}}],\"inLanguage\":\"cs\"}]}<\/script>\n<!-- \/ Yoast SEO plugin. -->","yoast_head_json":{"title":"Healthy breakfast ideas - Fotogalerie - Praha 19","robots":{"index":"noindex","follow":"follow","max-snippet":"max-snippet:-1","max-image-preview":"max-image-preview:large","max-video-preview":"max-video-preview:-1"},"og_locale":"cs_CZ","og_type":"article","og_title":"Healthy breakfast ideas - Fotogalerie - Praha 19","og_url":"https:\/\/foto.praha-19.ys-beta.cz\/index.php\/galleries\/food\/healthy-breakfast-ideas\/","og_site_name":"Fotogalerie - Praha 19","og_image":[{"url":"https:\/\/demo.mekshq.com\/pinhole\/dc\/wp-content\/uploads\/2017\/07\/pinhole_food_29-1024x684.jpg","type":"","width":"","height":""}],"twitter_card":"summary_large_image","schema":{"@context":"https:\/\/schema.org","@graph":[{"@type":"WebPage","@id":"https:\/\/foto.praha-19.ys-beta.cz\/index.php\/galleries\/food\/healthy-breakfast-ideas\/","url":"https:\/\/foto.praha-19.ys-beta.cz\/index.php\/galleries\/food\/healthy-breakfast-ideas\/","name":"Healthy breakfast ideas - Fotogalerie - Praha 19","isPartOf":{"@id":"https:\/\/foto.praha-19.ys-beta.cz\/#website"},"primaryImageOfPage":{"@id":"https:\/\/foto.praha-19.ys-beta.cz\/index.php\/galleries\/food\/healthy-breakfast-ideas\/#primaryimage"},"image":{"@id":"https:\/\/foto.praha-19.ys-beta.cz\/index.php\/galleries\/food\/healthy-breakfast-ideas\/#primaryimage"},"thumbnailUrl":"https:\/\/demo.mekshq.com\/pinhole\/dc\/wp-content\/uploads\/2017\/07\/pinhole_food_29-1024x684.jpg","datePublished":"2017-07-31T13:39:13+00:00","breadcrumb":{"@id":"https:\/\/foto.praha-19.ys-beta.cz\/index.php\/galleries\/food\/healthy-breakfast-ideas\/#breadcrumb"},"inLanguage":"cs","potentialAction":[{"@type":"ReadAction","target":["https:\/\/foto.praha-19.ys-beta.cz\/index.php\/galleries\/food\/healthy-breakfast-ideas\/"]}]},{"@type":"ImageObject","inLanguage":"cs","@id":"https:\/\/foto.praha-19.ys-beta.cz\/index.php\/galleries\/food\/healthy-breakfast-ideas\/#primaryimage","url":"https:\/\/demo.mekshq.com\/pinhole\/dc\/wp-content\/uploads\/2017\/07\/pinhole_food_29-1024x684.jpg","contentUrl":"https:\/\/demo.mekshq.com\/pinhole\/dc\/wp-content\/uploads\/2017\/07\/pinhole_food_29-1024x684.jpg"},{"@type":"BreadcrumbList","@id":"https:\/\/foto.praha-19.ys-beta.cz\/index.php\/galleries\/food\/healthy-breakfast-ideas\/#breadcrumb","itemListElement":[{"@type":"ListItem","position":1,"name":"Home","item":"https:\/\/foto.praha-19.ys-beta.cz\/"},{"@type":"ListItem","position":2,"name":"My work","item":"https:\/\/foto.praha-19.ys-beta.cz\/index.php\/galleries\/"},{"@type":"ListItem","position":3,"name":"Food","item":"https:\/\/foto.praha-19.ys-beta.cz\/index.php\/galleries\/food\/"},{"@type":"ListItem","position":4,"name":"Healthy breakfast ideas"}]},{"@type":"WebSite","@id":"https:\/\/foto.praha-19.ys-beta.cz\/#website","url":"https:\/\/foto.praha-19.ys-beta.cz\/","name":"Fotogalerie - Praha 19","description":"Fotogalerie m\u011bstsk\u00e9 \u010d\u00e1sti Praha 19","potentialAction":[{"@type":"SearchAction","target":{"@type":"EntryPoint","urlTemplate":"https:\/\/foto.praha-19.ys-beta.cz\/?s={search_term_string}"},"query-input":{"@type":"PropertyValueSpecification","valueRequired":true,"valueName":"search_term_string"}}],"inLanguage":"cs"}]}},"_links":{"self":[{"href":"https:\/\/foto.praha-19.ys-beta.cz\/index.php\/wp-json\/wp\/v2\/pages\/127","targetHints":{"allow":["GET"]}}],"collection":[{"href":"https:\/\/foto.praha-19.ys-beta.cz\/index.php\/wp-json\/wp\/v2\/pages"}],"about":[{"href":"https:\/\/foto.praha-19.ys-beta.cz\/index.php\/wp-json\/wp\/v2\/types\/page"}],"author":[{"embeddable":true,"href":"https:\/\/foto.praha-19.ys-beta.cz\/index.php\/wp-json\/wp\/v2\/users\/2"}],"replies":[{"embeddable":true,"href":"https:\/\/foto.praha-19.ys-beta.cz\/index.php\/wp-json\/wp\/v2\/comments?post=127"}],"version-history":[{"count":0,"href":"https:\/\/foto.praha-19.ys-beta.cz\/index.php\/wp-json\/wp\/v2\/pages\/127\/revisions"}],"up":[{"embeddable":true,"href":"https:\/\/foto.praha-19.ys-beta.cz\/index.php\/wp-json\/wp\/v2\/pages\/103"}],"wp:attachment":[{"href":"https:\/\/foto.praha-19.ys-beta.cz\/index.php\/wp-json\/wp\/v2\/media?parent=127"}],"curies":[{"name":"wp","href":"https:\/\/api.w.org\/{rel}","templated":true}]}}