{"id":1075,"date":"2022-11-07T17:44:43","date_gmt":"2022-11-07T15:44:43","guid":{"rendered":"https:\/\/foto.praha-19.ys-beta.cz\/?page_id=1075"},"modified":"2024-02-27T09:31:41","modified_gmt":"2024-02-27T07:31:41","slug":"replika-kaplicky-kutnohorske","status":"publish","type":"page","link":"https:\/\/foto.praha-19.ys-beta.cz\/index.php\/nase-projekty\/replika-kaplicky-kutnohorske\/","title":{"rendered":"Replika kapli\u010dky Kutnohorsk\u00e9"},"content":{"rendered":"\n<p>P\u0159es Kbely vedla z Prahy do Star\u00e9 Boleslavi Svat\u00e1 cesta lemovan\u00e1 44 kapli\u010dkami. Mnoho kapli\u010dek ji\u017e nestoj\u00ed nebo jsou ve \u0161patn\u00e9m stavu. Ve Kbel\u00edch jich bylo celkem osm a z\u016fstaly jen dv\u011b. Veden\u00ed radnice se rozhodlo n\u011bkter\u00e9 obnovit. Ve spodn\u00ed \u010d\u00e1sti Vrchlabsk\u00e9 ulice byla 22. z\u00e1\u0159\u00ed 2018 slavnostn\u011b odhalena starostou panem Pavlem \u017d\u010f\u00e1rsk\u00fdm replika kapli\u010dky Kutnohorsk\u00e9. Druh\u00fd den\u00a0 kr\u00e1snou kapli\u010dku vysv\u011btil pan far\u00e1\u0159 P. Filip Jan Rathousk\u00fd OFM z kostela sv. Al\u017eb\u011bty ve Kbel\u00edch. Kapli\u010dka stoj\u00ed v bl\u00edzkosti p\u016fvodn\u00ed kapli\u010dky, kter\u00e1 byla podle fotografie na druh\u00e9 stran\u011b silnice u studny. Kapli\u010dka je ka\u017ed\u00fd den osv\u011btlena reflektory.<\/p>\n","protected":false},"excerpt":{"rendered":"<p>P\u0159es Kbely vedla z Prahy do Star\u00e9 Boleslavi Svat\u00e1 cesta lemovan\u00e1 44 kapli\u010dkami. Mnoho kapli\u010dek ji\u017e nestoj\u00ed nebo jsou ve \u0161patn\u00e9m stavu. Ve Kbel\u00edch jich bylo celkem osm a z\u016fstaly jen dv\u011b. Veden\u00ed radnice se rozhodlo n\u011bkter\u00e9 obnovit. Ve spodn\u00ed \u010d\u00e1sti Vrchlabsk\u00e9 ulice byla 22. z\u00e1\u0159\u00ed 2018 slavnostn\u011b odhalena starostou panem Pavlem \u017d\u010f\u00e1rsk\u00fdm replika kapli\u010dky [&hellip;]<\/p>\n","protected":false},"author":6,"featured_media":14462,"parent":1024,"menu_order":0,"comment_status":"closed","ping_status":"closed","template":"","meta":{"footnotes":""},"class_list":["post-1075","page","type-page","status-publish","has-post-thumbnail","hentry"],"yoast_head":"<!-- This site is optimized with the Yoast SEO plugin v27.2 - https:\/\/yoast.com\/product\/yoast-seo-wordpress\/ -->\n<title>Replika kapli\u010dky Kutnohorsk\u00e9 - Fotogalerie - Praha 19<\/title>\n<meta name=\"robots\" content=\"noindex, follow, max-snippet:-1, max-image-preview:large, max-video-preview:-1\" \/>\n<meta property=\"og:locale\" content=\"cs_CZ\" \/>\n<meta property=\"og:type\" content=\"article\" \/>\n<meta property=\"og:title\" content=\"Replika kapli\u010dky Kutnohorsk\u00e9 - Fotogalerie - Praha 19\" \/>\n<meta property=\"og:description\" content=\"P\u0159es Kbely vedla z Prahy do Star\u00e9 Boleslavi Svat\u00e1 cesta lemovan\u00e1 44 kapli\u010dkami. Mnoho kapli\u010dek ji\u017e nestoj\u00ed nebo jsou ve \u0161patn\u00e9m stavu. Ve Kbel\u00edch jich bylo celkem osm a z\u016fstaly jen dv\u011b. Veden\u00ed radnice se rozhodlo n\u011bkter\u00e9 obnovit. Ve spodn\u00ed \u010d\u00e1sti Vrchlabsk\u00e9 ulice byla 22. z\u00e1\u0159\u00ed 2018 slavnostn\u011b odhalena starostou panem Pavlem \u017d\u010f\u00e1rsk\u00fdm replika kapli\u010dky [&hellip;]\" \/>\n<meta property=\"og:url\" content=\"https:\/\/foto.praha-19.ys-beta.cz\/index.php\/nase-projekty\/replika-kaplicky-kutnohorske\/\" \/>\n<meta property=\"og:site_name\" content=\"Fotogalerie - Praha 19\" \/>\n<meta property=\"article:modified_time\" content=\"2024-02-27T07:31:41+00:00\" \/>\n<meta property=\"og:image\" content=\"https:\/\/foto.praha-19.ys-beta.cz\/app\/uploads\/2024\/02\/Kaplicka-Kutnohorska-1.jpg\" \/>\n\t<meta property=\"og:image:width\" content=\"267\" \/>\n\t<meta property=\"og:image:height\" content=\"400\" \/>\n\t<meta property=\"og:image:type\" content=\"image\/jpeg\" \/>\n<meta name=\"twitter:card\" content=\"summary_large_image\" \/>\n<meta name=\"twitter:label1\" content=\"Est. reading time\" \/>\n\t<meta name=\"twitter:data1\" content=\"1 minuta\" \/>\n<script type=\"application\/ld+json\" class=\"yoast-schema-graph\">{\"@context\":\"https:\/\/schema.org\",\"@graph\":[{\"@type\":\"WebPage\",\"@id\":\"https:\/\/foto.praha-19.ys-beta.cz\/index.php\/nase-projekty\/replika-kaplicky-kutnohorske\/\",\"url\":\"https:\/\/foto.praha-19.ys-beta.cz\/index.php\/nase-projekty\/replika-kaplicky-kutnohorske\/\",\"name\":\"Replika kapli\u010dky Kutnohorsk\u00e9 - Fotogalerie - Praha 19\",\"isPartOf\":{\"@id\":\"https:\/\/foto.praha-19.ys-beta.cz\/#website\"},\"primaryImageOfPage\":{\"@id\":\"https:\/\/foto.praha-19.ys-beta.cz\/index.php\/nase-projekty\/replika-kaplicky-kutnohorske\/#primaryimage\"},\"image\":{\"@id\":\"https:\/\/foto.praha-19.ys-beta.cz\/index.php\/nase-projekty\/replika-kaplicky-kutnohorske\/#primaryimage\"},\"thumbnailUrl\":\"https:\/\/foto.praha-19.ys-beta.cz\/app\/uploads\/2024\/02\/Kaplicka-Kutnohorska-1.jpg\",\"datePublished\":\"2022-11-07T15:44:43+00:00\",\"dateModified\":\"2024-02-27T07:31:41+00:00\",\"breadcrumb\":{\"@id\":\"https:\/\/foto.praha-19.ys-beta.cz\/index.php\/nase-projekty\/replika-kaplicky-kutnohorske\/#breadcrumb\"},\"inLanguage\":\"cs\",\"potentialAction\":[{\"@type\":\"ReadAction\",\"target\":[\"https:\/\/foto.praha-19.ys-beta.cz\/index.php\/nase-projekty\/replika-kaplicky-kutnohorske\/\"]}]},{\"@type\":\"ImageObject\",\"inLanguage\":\"cs\",\"@id\":\"https:\/\/foto.praha-19.ys-beta.cz\/index.php\/nase-projekty\/replika-kaplicky-kutnohorske\/#primaryimage\",\"url\":\"https:\/\/foto.praha-19.ys-beta.cz\/app\/uploads\/2024\/02\/Kaplicka-Kutnohorska-1.jpg\",\"contentUrl\":\"https:\/\/foto.praha-19.ys-beta.cz\/app\/uploads\/2024\/02\/Kaplicka-Kutnohorska-1.jpg\",\"width\":267,\"height\":400},{\"@type\":\"BreadcrumbList\",\"@id\":\"https:\/\/foto.praha-19.ys-beta.cz\/index.php\/nase-projekty\/replika-kaplicky-kutnohorske\/#breadcrumb\",\"itemListElement\":[{\"@type\":\"ListItem\",\"position\":1,\"name\":\"Home\",\"item\":\"https:\/\/foto.praha-19.ys-beta.cz\/\"},{\"@type\":\"ListItem\",\"position\":2,\"name\":\"Na\u0161e projekty\",\"item\":\"https:\/\/foto.praha-19.ys-beta.cz\/index.php\/nase-projekty\/\"},{\"@type\":\"ListItem\",\"position\":3,\"name\":\"Replika kapli\u010dky Kutnohorsk\u00e9\"}]},{\"@type\":\"WebSite\",\"@id\":\"https:\/\/foto.praha-19.ys-beta.cz\/#website\",\"url\":\"https:\/\/foto.praha-19.ys-beta.cz\/\",\"name\":\"Fotogalerie - Praha 19\",\"description\":\"Fotogalerie m\u011bstsk\u00e9 \u010d\u00e1sti Praha 19\",\"potentialAction\":[{\"@type\":\"SearchAction\",\"target\":{\"@type\":\"EntryPoint\",\"urlTemplate\":\"https:\/\/foto.praha-19.ys-beta.cz\/?s={search_term_string}\"},\"query-input\":{\"@type\":\"PropertyValueSpecification\",\"valueRequired\":true,\"valueName\":\"search_term_string\"}}],\"inLanguage\":\"cs\"}]}<\/script>\n<!-- \/ Yoast SEO plugin. -->","yoast_head_json":{"title":"Replika kapli\u010dky Kutnohorsk\u00e9 - Fotogalerie - Praha 19","robots":{"index":"noindex","follow":"follow","max-snippet":"max-snippet:-1","max-image-preview":"max-image-preview:large","max-video-preview":"max-video-preview:-1"},"og_locale":"cs_CZ","og_type":"article","og_title":"Replika kapli\u010dky Kutnohorsk\u00e9 - Fotogalerie - Praha 19","og_description":"P\u0159es Kbely vedla z Prahy do Star\u00e9 Boleslavi Svat\u00e1 cesta lemovan\u00e1 44 kapli\u010dkami. Mnoho kapli\u010dek ji\u017e nestoj\u00ed nebo jsou ve \u0161patn\u00e9m stavu. Ve Kbel\u00edch jich bylo celkem osm a z\u016fstaly jen dv\u011b. Veden\u00ed radnice se rozhodlo n\u011bkter\u00e9 obnovit. Ve spodn\u00ed \u010d\u00e1sti Vrchlabsk\u00e9 ulice byla 22. z\u00e1\u0159\u00ed 2018 slavnostn\u011b odhalena starostou panem Pavlem \u017d\u010f\u00e1rsk\u00fdm replika kapli\u010dky [&hellip;]","og_url":"https:\/\/foto.praha-19.ys-beta.cz\/index.php\/nase-projekty\/replika-kaplicky-kutnohorske\/","og_site_name":"Fotogalerie - Praha 19","article_modified_time":"2024-02-27T07:31:41+00:00","og_image":[{"width":267,"height":400,"url":"https:\/\/foto.praha-19.ys-beta.cz\/app\/uploads\/2024\/02\/Kaplicka-Kutnohorska-1.jpg","type":"image\/jpeg"}],"twitter_card":"summary_large_image","twitter_misc":{"Est. reading time":"1 minuta"},"schema":{"@context":"https:\/\/schema.org","@graph":[{"@type":"WebPage","@id":"https:\/\/foto.praha-19.ys-beta.cz\/index.php\/nase-projekty\/replika-kaplicky-kutnohorske\/","url":"https:\/\/foto.praha-19.ys-beta.cz\/index.php\/nase-projekty\/replika-kaplicky-kutnohorske\/","name":"Replika kapli\u010dky Kutnohorsk\u00e9 - Fotogalerie - Praha 19","isPartOf":{"@id":"https:\/\/foto.praha-19.ys-beta.cz\/#website"},"primaryImageOfPage":{"@id":"https:\/\/foto.praha-19.ys-beta.cz\/index.php\/nase-projekty\/replika-kaplicky-kutnohorske\/#primaryimage"},"image":{"@id":"https:\/\/foto.praha-19.ys-beta.cz\/index.php\/nase-projekty\/replika-kaplicky-kutnohorske\/#primaryimage"},"thumbnailUrl":"https:\/\/foto.praha-19.ys-beta.cz\/app\/uploads\/2024\/02\/Kaplicka-Kutnohorska-1.jpg","datePublished":"2022-11-07T15:44:43+00:00","dateModified":"2024-02-27T07:31:41+00:00","breadcrumb":{"@id":"https:\/\/foto.praha-19.ys-beta.cz\/index.php\/nase-projekty\/replika-kaplicky-kutnohorske\/#breadcrumb"},"inLanguage":"cs","potentialAction":[{"@type":"ReadAction","target":["https:\/\/foto.praha-19.ys-beta.cz\/index.php\/nase-projekty\/replika-kaplicky-kutnohorske\/"]}]},{"@type":"ImageObject","inLanguage":"cs","@id":"https:\/\/foto.praha-19.ys-beta.cz\/index.php\/nase-projekty\/replika-kaplicky-kutnohorske\/#primaryimage","url":"https:\/\/foto.praha-19.ys-beta.cz\/app\/uploads\/2024\/02\/Kaplicka-Kutnohorska-1.jpg","contentUrl":"https:\/\/foto.praha-19.ys-beta.cz\/app\/uploads\/2024\/02\/Kaplicka-Kutnohorska-1.jpg","width":267,"height":400},{"@type":"BreadcrumbList","@id":"https:\/\/foto.praha-19.ys-beta.cz\/index.php\/nase-projekty\/replika-kaplicky-kutnohorske\/#breadcrumb","itemListElement":[{"@type":"ListItem","position":1,"name":"Home","item":"https:\/\/foto.praha-19.ys-beta.cz\/"},{"@type":"ListItem","position":2,"name":"Na\u0161e projekty","item":"https:\/\/foto.praha-19.ys-beta.cz\/index.php\/nase-projekty\/"},{"@type":"ListItem","position":3,"name":"Replika kapli\u010dky Kutnohorsk\u00e9"}]},{"@type":"WebSite","@id":"https:\/\/foto.praha-19.ys-beta.cz\/#website","url":"https:\/\/foto.praha-19.ys-beta.cz\/","name":"Fotogalerie - Praha 19","description":"Fotogalerie m\u011bstsk\u00e9 \u010d\u00e1sti Praha 19","potentialAction":[{"@type":"SearchAction","target":{"@type":"EntryPoint","urlTemplate":"https:\/\/foto.praha-19.ys-beta.cz\/?s={search_term_string}"},"query-input":{"@type":"PropertyValueSpecification","valueRequired":true,"valueName":"search_term_string"}}],"inLanguage":"cs"}]}},"_links":{"self":[{"href":"https:\/\/foto.praha-19.ys-beta.cz\/index.php\/wp-json\/wp\/v2\/pages\/1075","targetHints":{"allow":["GET"]}}],"collection":[{"href":"https:\/\/foto.praha-19.ys-beta.cz\/index.php\/wp-json\/wp\/v2\/pages"}],"about":[{"href":"https:\/\/foto.praha-19.ys-beta.cz\/index.php\/wp-json\/wp\/v2\/types\/page"}],"author":[{"embeddable":true,"href":"https:\/\/foto.praha-19.ys-beta.cz\/index.php\/wp-json\/wp\/v2\/users\/6"}],"replies":[{"embeddable":true,"href":"https:\/\/foto.praha-19.ys-beta.cz\/index.php\/wp-json\/wp\/v2\/comments?post=1075"}],"version-history":[{"count":2,"href":"https:\/\/foto.praha-19.ys-beta.cz\/index.php\/wp-json\/wp\/v2\/pages\/1075\/revisions"}],"predecessor-version":[{"id":14503,"href":"https:\/\/foto.praha-19.ys-beta.cz\/index.php\/wp-json\/wp\/v2\/pages\/1075\/revisions\/14503"}],"up":[{"embeddable":true,"href":"https:\/\/foto.praha-19.ys-beta.cz\/index.php\/wp-json\/wp\/v2\/pages\/1024"}],"wp:featuredmedia":[{"embeddable":true,"href":"https:\/\/foto.praha-19.ys-beta.cz\/index.php\/wp-json\/wp\/v2\/media\/14462"}],"wp:attachment":[{"href":"https:\/\/foto.praha-19.ys-beta.cz\/index.php\/wp-json\/wp\/v2\/media?parent=1075"}],"curies":[{"name":"wp","href":"https:\/\/api.w.org\/{rel}","templated":true}]}}