{"id":1067,"date":"2022-11-07T17:42:13","date_gmt":"2022-11-07T15:42:13","guid":{"rendered":"https:\/\/foto.praha-19.ys-beta.cz\/?page_id=1067"},"modified":"2024-02-27T09:27:07","modified_gmt":"2024-02-27T07:27:07","slug":"nastavba-a-rekonstrukce-zdravotniho-strediska","status":"publish","type":"page","link":"https:\/\/foto.praha-19.ys-beta.cz\/index.php\/nase-projekty\/nastavba-a-rekonstrukce-zdravotniho-strediska\/","title":{"rendered":"N\u00e1stavba a rekonstrukce zdravotn\u00edho st\u0159ediska"},"content":{"rendered":"","protected":false},"excerpt":{"rendered":"","protected":false},"author":6,"featured_media":14468,"parent":1024,"menu_order":0,"comment_status":"closed","ping_status":"closed","template":"","meta":{"footnotes":""},"class_list":["post-1067","page","type-page","status-publish","has-post-thumbnail","hentry"],"yoast_head":"<!-- This site is optimized with the Yoast SEO plugin v27.2 - https:\/\/yoast.com\/product\/yoast-seo-wordpress\/ -->\n<title>N\u00e1stavba a rekonstrukce zdravotn\u00edho st\u0159ediska - Fotogalerie - Praha 19<\/title>\n<meta name=\"robots\" content=\"noindex, follow, max-snippet:-1, max-image-preview:large, max-video-preview:-1\" \/>\n<meta property=\"og:locale\" content=\"cs_CZ\" \/>\n<meta property=\"og:type\" content=\"article\" \/>\n<meta property=\"og:title\" content=\"N\u00e1stavba a rekonstrukce zdravotn\u00edho st\u0159ediska - Fotogalerie - Praha 19\" \/>\n<meta property=\"og:url\" content=\"https:\/\/foto.praha-19.ys-beta.cz\/index.php\/nase-projekty\/nastavba-a-rekonstrukce-zdravotniho-strediska\/\" \/>\n<meta property=\"og:site_name\" content=\"Fotogalerie - Praha 19\" \/>\n<meta property=\"article:modified_time\" content=\"2024-02-27T07:27:07+00:00\" \/>\n<meta property=\"og:image\" content=\"https:\/\/foto.praha-19.ys-beta.cz\/app\/uploads\/2024\/02\/Stredisko-1.jpg\" \/>\n\t<meta property=\"og:image:width\" content=\"800\" \/>\n\t<meta property=\"og:image:height\" content=\"421\" \/>\n\t<meta property=\"og:image:type\" content=\"image\/jpeg\" \/>\n<meta name=\"twitter:card\" content=\"summary_large_image\" \/>\n<script type=\"application\/ld+json\" class=\"yoast-schema-graph\">{\"@context\":\"https:\/\/schema.org\",\"@graph\":[{\"@type\":\"WebPage\",\"@id\":\"https:\/\/foto.praha-19.ys-beta.cz\/index.php\/nase-projekty\/nastavba-a-rekonstrukce-zdravotniho-strediska\/\",\"url\":\"https:\/\/foto.praha-19.ys-beta.cz\/index.php\/nase-projekty\/nastavba-a-rekonstrukce-zdravotniho-strediska\/\",\"name\":\"N\u00e1stavba a rekonstrukce zdravotn\u00edho st\u0159ediska - Fotogalerie - Praha 19\",\"isPartOf\":{\"@id\":\"https:\/\/foto.praha-19.ys-beta.cz\/#website\"},\"primaryImageOfPage\":{\"@id\":\"https:\/\/foto.praha-19.ys-beta.cz\/index.php\/nase-projekty\/nastavba-a-rekonstrukce-zdravotniho-strediska\/#primaryimage\"},\"image\":{\"@id\":\"https:\/\/foto.praha-19.ys-beta.cz\/index.php\/nase-projekty\/nastavba-a-rekonstrukce-zdravotniho-strediska\/#primaryimage\"},\"thumbnailUrl\":\"https:\/\/foto.praha-19.ys-beta.cz\/app\/uploads\/2024\/02\/Stredisko-1.jpg\",\"datePublished\":\"2022-11-07T15:42:13+00:00\",\"dateModified\":\"2024-02-27T07:27:07+00:00\",\"breadcrumb\":{\"@id\":\"https:\/\/foto.praha-19.ys-beta.cz\/index.php\/nase-projekty\/nastavba-a-rekonstrukce-zdravotniho-strediska\/#breadcrumb\"},\"inLanguage\":\"cs\",\"potentialAction\":[{\"@type\":\"ReadAction\",\"target\":[\"https:\/\/foto.praha-19.ys-beta.cz\/index.php\/nase-projekty\/nastavba-a-rekonstrukce-zdravotniho-strediska\/\"]}]},{\"@type\":\"ImageObject\",\"inLanguage\":\"cs\",\"@id\":\"https:\/\/foto.praha-19.ys-beta.cz\/index.php\/nase-projekty\/nastavba-a-rekonstrukce-zdravotniho-strediska\/#primaryimage\",\"url\":\"https:\/\/foto.praha-19.ys-beta.cz\/app\/uploads\/2024\/02\/Stredisko-1.jpg\",\"contentUrl\":\"https:\/\/foto.praha-19.ys-beta.cz\/app\/uploads\/2024\/02\/Stredisko-1.jpg\",\"width\":800,\"height\":421},{\"@type\":\"BreadcrumbList\",\"@id\":\"https:\/\/foto.praha-19.ys-beta.cz\/index.php\/nase-projekty\/nastavba-a-rekonstrukce-zdravotniho-strediska\/#breadcrumb\",\"itemListElement\":[{\"@type\":\"ListItem\",\"position\":1,\"name\":\"Home\",\"item\":\"https:\/\/foto.praha-19.ys-beta.cz\/\"},{\"@type\":\"ListItem\",\"position\":2,\"name\":\"Na\u0161e projekty\",\"item\":\"https:\/\/foto.praha-19.ys-beta.cz\/index.php\/nase-projekty\/\"},{\"@type\":\"ListItem\",\"position\":3,\"name\":\"N\u00e1stavba a rekonstrukce zdravotn\u00edho st\u0159ediska\"}]},{\"@type\":\"WebSite\",\"@id\":\"https:\/\/foto.praha-19.ys-beta.cz\/#website\",\"url\":\"https:\/\/foto.praha-19.ys-beta.cz\/\",\"name\":\"Fotogalerie - Praha 19\",\"description\":\"Fotogalerie m\u011bstsk\u00e9 \u010d\u00e1sti Praha 19\",\"potentialAction\":[{\"@type\":\"SearchAction\",\"target\":{\"@type\":\"EntryPoint\",\"urlTemplate\":\"https:\/\/foto.praha-19.ys-beta.cz\/?s={search_term_string}\"},\"query-input\":{\"@type\":\"PropertyValueSpecification\",\"valueRequired\":true,\"valueName\":\"search_term_string\"}}],\"inLanguage\":\"cs\"}]}<\/script>\n<!-- \/ Yoast SEO plugin. -->","yoast_head_json":{"title":"N\u00e1stavba a rekonstrukce zdravotn\u00edho st\u0159ediska - Fotogalerie - Praha 19","robots":{"index":"noindex","follow":"follow","max-snippet":"max-snippet:-1","max-image-preview":"max-image-preview:large","max-video-preview":"max-video-preview:-1"},"og_locale":"cs_CZ","og_type":"article","og_title":"N\u00e1stavba a rekonstrukce zdravotn\u00edho st\u0159ediska - Fotogalerie - Praha 19","og_url":"https:\/\/foto.praha-19.ys-beta.cz\/index.php\/nase-projekty\/nastavba-a-rekonstrukce-zdravotniho-strediska\/","og_site_name":"Fotogalerie - Praha 19","article_modified_time":"2024-02-27T07:27:07+00:00","og_image":[{"width":800,"height":421,"url":"https:\/\/foto.praha-19.ys-beta.cz\/app\/uploads\/2024\/02\/Stredisko-1.jpg","type":"image\/jpeg"}],"twitter_card":"summary_large_image","schema":{"@context":"https:\/\/schema.org","@graph":[{"@type":"WebPage","@id":"https:\/\/foto.praha-19.ys-beta.cz\/index.php\/nase-projekty\/nastavba-a-rekonstrukce-zdravotniho-strediska\/","url":"https:\/\/foto.praha-19.ys-beta.cz\/index.php\/nase-projekty\/nastavba-a-rekonstrukce-zdravotniho-strediska\/","name":"N\u00e1stavba a rekonstrukce zdravotn\u00edho st\u0159ediska - Fotogalerie - Praha 19","isPartOf":{"@id":"https:\/\/foto.praha-19.ys-beta.cz\/#website"},"primaryImageOfPage":{"@id":"https:\/\/foto.praha-19.ys-beta.cz\/index.php\/nase-projekty\/nastavba-a-rekonstrukce-zdravotniho-strediska\/#primaryimage"},"image":{"@id":"https:\/\/foto.praha-19.ys-beta.cz\/index.php\/nase-projekty\/nastavba-a-rekonstrukce-zdravotniho-strediska\/#primaryimage"},"thumbnailUrl":"https:\/\/foto.praha-19.ys-beta.cz\/app\/uploads\/2024\/02\/Stredisko-1.jpg","datePublished":"2022-11-07T15:42:13+00:00","dateModified":"2024-02-27T07:27:07+00:00","breadcrumb":{"@id":"https:\/\/foto.praha-19.ys-beta.cz\/index.php\/nase-projekty\/nastavba-a-rekonstrukce-zdravotniho-strediska\/#breadcrumb"},"inLanguage":"cs","potentialAction":[{"@type":"ReadAction","target":["https:\/\/foto.praha-19.ys-beta.cz\/index.php\/nase-projekty\/nastavba-a-rekonstrukce-zdravotniho-strediska\/"]}]},{"@type":"ImageObject","inLanguage":"cs","@id":"https:\/\/foto.praha-19.ys-beta.cz\/index.php\/nase-projekty\/nastavba-a-rekonstrukce-zdravotniho-strediska\/#primaryimage","url":"https:\/\/foto.praha-19.ys-beta.cz\/app\/uploads\/2024\/02\/Stredisko-1.jpg","contentUrl":"https:\/\/foto.praha-19.ys-beta.cz\/app\/uploads\/2024\/02\/Stredisko-1.jpg","width":800,"height":421},{"@type":"BreadcrumbList","@id":"https:\/\/foto.praha-19.ys-beta.cz\/index.php\/nase-projekty\/nastavba-a-rekonstrukce-zdravotniho-strediska\/#breadcrumb","itemListElement":[{"@type":"ListItem","position":1,"name":"Home","item":"https:\/\/foto.praha-19.ys-beta.cz\/"},{"@type":"ListItem","position":2,"name":"Na\u0161e projekty","item":"https:\/\/foto.praha-19.ys-beta.cz\/index.php\/nase-projekty\/"},{"@type":"ListItem","position":3,"name":"N\u00e1stavba a rekonstrukce zdravotn\u00edho st\u0159ediska"}]},{"@type":"WebSite","@id":"https:\/\/foto.praha-19.ys-beta.cz\/#website","url":"https:\/\/foto.praha-19.ys-beta.cz\/","name":"Fotogalerie - Praha 19","description":"Fotogalerie m\u011bstsk\u00e9 \u010d\u00e1sti Praha 19","potentialAction":[{"@type":"SearchAction","target":{"@type":"EntryPoint","urlTemplate":"https:\/\/foto.praha-19.ys-beta.cz\/?s={search_term_string}"},"query-input":{"@type":"PropertyValueSpecification","valueRequired":true,"valueName":"search_term_string"}}],"inLanguage":"cs"}]}},"_links":{"self":[{"href":"https:\/\/foto.praha-19.ys-beta.cz\/index.php\/wp-json\/wp\/v2\/pages\/1067","targetHints":{"allow":["GET"]}}],"collection":[{"href":"https:\/\/foto.praha-19.ys-beta.cz\/index.php\/wp-json\/wp\/v2\/pages"}],"about":[{"href":"https:\/\/foto.praha-19.ys-beta.cz\/index.php\/wp-json\/wp\/v2\/types\/page"}],"author":[{"embeddable":true,"href":"https:\/\/foto.praha-19.ys-beta.cz\/index.php\/wp-json\/wp\/v2\/users\/6"}],"replies":[{"embeddable":true,"href":"https:\/\/foto.praha-19.ys-beta.cz\/index.php\/wp-json\/wp\/v2\/comments?post=1067"}],"version-history":[{"count":1,"href":"https:\/\/foto.praha-19.ys-beta.cz\/index.php\/wp-json\/wp\/v2\/pages\/1067\/revisions"}],"predecessor-version":[{"id":1068,"href":"https:\/\/foto.praha-19.ys-beta.cz\/index.php\/wp-json\/wp\/v2\/pages\/1067\/revisions\/1068"}],"up":[{"embeddable":true,"href":"https:\/\/foto.praha-19.ys-beta.cz\/index.php\/wp-json\/wp\/v2\/pages\/1024"}],"wp:featuredmedia":[{"embeddable":true,"href":"https:\/\/foto.praha-19.ys-beta.cz\/index.php\/wp-json\/wp\/v2\/media\/14468"}],"wp:attachment":[{"href":"https:\/\/foto.praha-19.ys-beta.cz\/index.php\/wp-json\/wp\/v2\/media?parent=1067"}],"curies":[{"name":"wp","href":"https:\/\/api.w.org\/{rel}","templated":true}]}}