{"id":1057,"date":"2022-11-07T17:38:41","date_gmt":"2022-11-07T15:38:41","guid":{"rendered":"https:\/\/foto.praha-19.ys-beta.cz\/?page_id=1057"},"modified":"2024-02-27T09:19:13","modified_gmt":"2024-02-27T07:19:13","slug":"lidovy-dum-kbely","status":"publish","type":"page","link":"https:\/\/foto.praha-19.ys-beta.cz\/index.php\/nase-projekty\/lidovy-dum-kbely\/","title":{"rendered":"Lidov\u00fd d\u016fm Kbely"},"content":{"rendered":"\n<p>Budova v Tou\u017eimsk\u00e9 ulici \u010dp. 244 byla 9. kv\u011btna 1928 zkolaudov\u00e1na a 3. \u010dervna\u00a0 byl Lidov\u00fd d\u016fm se s\u00e1lem a restaurac\u00ed slavnostn\u011b p\u0159ed\u00e1n kbelsk\u00fdm ob\u010dan\u016fm do u\u017e\u00edv\u00e1n\u00ed pro kulturu i sport. Hr\u00e1lo se zde divadlo, po\u0159\u00e1daly z\u00e1bavy i cvi\u010dilo. Za druh\u00e9 sv\u011btov\u00e9 v\u00e1lky byla v objektu z\u0159\u00edzena opravna n\u011bmeck\u00fdch automobil\u016f. Po v\u00e1lce byla uspo\u0159\u00e1d\u00e1na sb\u00edrka na opravu podlahy. Velk\u00e1 rekonstrukce byla zah\u00e1jena v roce 1973. V roce 1982 byla dokon\u010dena p\u0159\u00edstavba z Bakovsk\u00e9 ulice a otev\u0159en nov\u00fd bar. A op\u011bt se zde tan\u010dilo, hr\u00e1lo a vystupovalo mnoho zn\u00e1m\u00fdch um\u011blc\u016f. Velk\u00e9 zm\u011bny nastaly po roce 2000, kdy se vypo\u0159\u00e1daly majetkov\u00e9 pom\u011bry a Lidov\u00fd d\u016fm je ve vlastnictv\u00ed M\u010c Praha\u00a0 19. Znovu se zapo\u010dalo s rekonstrukc\u00ed, nastaly velk\u00e9 zm\u011bny v interi\u00e9ru budovy, kter\u00e9 byly dokon\u010deny v roce 2006. Byla p\u0159istav\u011bna tak\u00e9 ob\u0159adn\u00ed s\u00ed\u0148, kde se konaj\u00ed svatby nebo v\u00edt\u00e1n\u00ed nov\u00fdch ob\u010d\u00e1nk\u016f. Kulturn\u00ed st\u00e1nek je vyu\u017e\u00edv\u00e1n pro r\u016fzn\u00e9 akce nap\u0159. plesy, vystoupen\u00ed \u017e\u00e1k\u016f Z\u0160, hraje se zde divadlo a vystupuje mnoho kapel i um\u011blc\u016f.<\/p>\n","protected":false},"excerpt":{"rendered":"<p>Budova v Tou\u017eimsk\u00e9 ulici \u010dp. 244 byla 9. kv\u011btna 1928 zkolaudov\u00e1na a 3. \u010dervna\u00a0 byl Lidov\u00fd d\u016fm se s\u00e1lem a restaurac\u00ed slavnostn\u011b p\u0159ed\u00e1n kbelsk\u00fdm ob\u010dan\u016fm do u\u017e\u00edv\u00e1n\u00ed pro kulturu i sport. Hr\u00e1lo se zde divadlo, po\u0159\u00e1daly z\u00e1bavy i cvi\u010dilo. Za druh\u00e9 sv\u011btov\u00e9 v\u00e1lky byla v objektu z\u0159\u00edzena opravna n\u011bmeck\u00fdch automobil\u016f. Po v\u00e1lce byla uspo\u0159\u00e1d\u00e1na sb\u00edrka [&hellip;]<\/p>\n","protected":false},"author":6,"featured_media":14463,"parent":1024,"menu_order":0,"comment_status":"closed","ping_status":"closed","template":"","meta":{"footnotes":""},"class_list":["post-1057","page","type-page","status-publish","has-post-thumbnail","hentry"],"yoast_head":"<!-- This site is optimized with the Yoast SEO plugin v27.2 - https:\/\/yoast.com\/product\/yoast-seo-wordpress\/ -->\n<title>Lidov\u00fd d\u016fm Kbely - Fotogalerie - Praha 19<\/title>\n<meta name=\"robots\" content=\"noindex, follow, max-snippet:-1, max-image-preview:large, max-video-preview:-1\" \/>\n<meta property=\"og:locale\" content=\"cs_CZ\" \/>\n<meta property=\"og:type\" content=\"article\" \/>\n<meta property=\"og:title\" content=\"Lidov\u00fd d\u016fm Kbely - Fotogalerie - Praha 19\" \/>\n<meta property=\"og:description\" content=\"Budova v Tou\u017eimsk\u00e9 ulici \u010dp. 244 byla 9. kv\u011btna 1928 zkolaudov\u00e1na a 3. \u010dervna\u00a0 byl Lidov\u00fd d\u016fm se s\u00e1lem a restaurac\u00ed slavnostn\u011b p\u0159ed\u00e1n kbelsk\u00fdm ob\u010dan\u016fm do u\u017e\u00edv\u00e1n\u00ed pro kulturu i sport. Hr\u00e1lo se zde divadlo, po\u0159\u00e1daly z\u00e1bavy i cvi\u010dilo. Za druh\u00e9 sv\u011btov\u00e9 v\u00e1lky byla v objektu z\u0159\u00edzena opravna n\u011bmeck\u00fdch automobil\u016f. Po v\u00e1lce byla uspo\u0159\u00e1d\u00e1na sb\u00edrka [&hellip;]\" \/>\n<meta property=\"og:url\" content=\"https:\/\/foto.praha-19.ys-beta.cz\/index.php\/nase-projekty\/lidovy-dum-kbely\/\" \/>\n<meta property=\"og:site_name\" content=\"Fotogalerie - Praha 19\" \/>\n<meta property=\"article:modified_time\" content=\"2024-02-27T07:19:13+00:00\" \/>\n<meta property=\"og:image\" content=\"https:\/\/foto.praha-19.ys-beta.cz\/app\/uploads\/2024\/02\/LD-1.jpg\" \/>\n\t<meta property=\"og:image:width\" content=\"400\" \/>\n\t<meta property=\"og:image:height\" content=\"267\" \/>\n\t<meta property=\"og:image:type\" content=\"image\/jpeg\" \/>\n<meta name=\"twitter:card\" content=\"summary_large_image\" \/>\n<meta name=\"twitter:label1\" content=\"Est. reading time\" \/>\n\t<meta name=\"twitter:data1\" content=\"1 minuta\" \/>\n<script type=\"application\/ld+json\" class=\"yoast-schema-graph\">{\"@context\":\"https:\/\/schema.org\",\"@graph\":[{\"@type\":\"WebPage\",\"@id\":\"https:\/\/foto.praha-19.ys-beta.cz\/index.php\/nase-projekty\/lidovy-dum-kbely\/\",\"url\":\"https:\/\/foto.praha-19.ys-beta.cz\/index.php\/nase-projekty\/lidovy-dum-kbely\/\",\"name\":\"Lidov\u00fd d\u016fm Kbely - Fotogalerie - Praha 19\",\"isPartOf\":{\"@id\":\"https:\/\/foto.praha-19.ys-beta.cz\/#website\"},\"primaryImageOfPage\":{\"@id\":\"https:\/\/foto.praha-19.ys-beta.cz\/index.php\/nase-projekty\/lidovy-dum-kbely\/#primaryimage\"},\"image\":{\"@id\":\"https:\/\/foto.praha-19.ys-beta.cz\/index.php\/nase-projekty\/lidovy-dum-kbely\/#primaryimage\"},\"thumbnailUrl\":\"https:\/\/foto.praha-19.ys-beta.cz\/app\/uploads\/2024\/02\/LD-1.jpg\",\"datePublished\":\"2022-11-07T15:38:41+00:00\",\"dateModified\":\"2024-02-27T07:19:13+00:00\",\"breadcrumb\":{\"@id\":\"https:\/\/foto.praha-19.ys-beta.cz\/index.php\/nase-projekty\/lidovy-dum-kbely\/#breadcrumb\"},\"inLanguage\":\"cs\",\"potentialAction\":[{\"@type\":\"ReadAction\",\"target\":[\"https:\/\/foto.praha-19.ys-beta.cz\/index.php\/nase-projekty\/lidovy-dum-kbely\/\"]}]},{\"@type\":\"ImageObject\",\"inLanguage\":\"cs\",\"@id\":\"https:\/\/foto.praha-19.ys-beta.cz\/index.php\/nase-projekty\/lidovy-dum-kbely\/#primaryimage\",\"url\":\"https:\/\/foto.praha-19.ys-beta.cz\/app\/uploads\/2024\/02\/LD-1.jpg\",\"contentUrl\":\"https:\/\/foto.praha-19.ys-beta.cz\/app\/uploads\/2024\/02\/LD-1.jpg\",\"width\":400,\"height\":267},{\"@type\":\"BreadcrumbList\",\"@id\":\"https:\/\/foto.praha-19.ys-beta.cz\/index.php\/nase-projekty\/lidovy-dum-kbely\/#breadcrumb\",\"itemListElement\":[{\"@type\":\"ListItem\",\"position\":1,\"name\":\"Home\",\"item\":\"https:\/\/foto.praha-19.ys-beta.cz\/\"},{\"@type\":\"ListItem\",\"position\":2,\"name\":\"Na\u0161e projekty\",\"item\":\"https:\/\/foto.praha-19.ys-beta.cz\/index.php\/nase-projekty\/\"},{\"@type\":\"ListItem\",\"position\":3,\"name\":\"Lidov\u00fd d\u016fm Kbely\"}]},{\"@type\":\"WebSite\",\"@id\":\"https:\/\/foto.praha-19.ys-beta.cz\/#website\",\"url\":\"https:\/\/foto.praha-19.ys-beta.cz\/\",\"name\":\"Fotogalerie - Praha 19\",\"description\":\"Fotogalerie m\u011bstsk\u00e9 \u010d\u00e1sti Praha 19\",\"potentialAction\":[{\"@type\":\"SearchAction\",\"target\":{\"@type\":\"EntryPoint\",\"urlTemplate\":\"https:\/\/foto.praha-19.ys-beta.cz\/?s={search_term_string}\"},\"query-input\":{\"@type\":\"PropertyValueSpecification\",\"valueRequired\":true,\"valueName\":\"search_term_string\"}}],\"inLanguage\":\"cs\"}]}<\/script>\n<!-- \/ Yoast SEO plugin. -->","yoast_head_json":{"title":"Lidov\u00fd d\u016fm Kbely - Fotogalerie - Praha 19","robots":{"index":"noindex","follow":"follow","max-snippet":"max-snippet:-1","max-image-preview":"max-image-preview:large","max-video-preview":"max-video-preview:-1"},"og_locale":"cs_CZ","og_type":"article","og_title":"Lidov\u00fd d\u016fm Kbely - Fotogalerie - Praha 19","og_description":"Budova v Tou\u017eimsk\u00e9 ulici \u010dp. 244 byla 9. kv\u011btna 1928 zkolaudov\u00e1na a 3. \u010dervna\u00a0 byl Lidov\u00fd d\u016fm se s\u00e1lem a restaurac\u00ed slavnostn\u011b p\u0159ed\u00e1n kbelsk\u00fdm ob\u010dan\u016fm do u\u017e\u00edv\u00e1n\u00ed pro kulturu i sport. Hr\u00e1lo se zde divadlo, po\u0159\u00e1daly z\u00e1bavy i cvi\u010dilo. Za druh\u00e9 sv\u011btov\u00e9 v\u00e1lky byla v objektu z\u0159\u00edzena opravna n\u011bmeck\u00fdch automobil\u016f. Po v\u00e1lce byla uspo\u0159\u00e1d\u00e1na sb\u00edrka [&hellip;]","og_url":"https:\/\/foto.praha-19.ys-beta.cz\/index.php\/nase-projekty\/lidovy-dum-kbely\/","og_site_name":"Fotogalerie - Praha 19","article_modified_time":"2024-02-27T07:19:13+00:00","og_image":[{"width":400,"height":267,"url":"https:\/\/foto.praha-19.ys-beta.cz\/app\/uploads\/2024\/02\/LD-1.jpg","type":"image\/jpeg"}],"twitter_card":"summary_large_image","twitter_misc":{"Est. reading time":"1 minuta"},"schema":{"@context":"https:\/\/schema.org","@graph":[{"@type":"WebPage","@id":"https:\/\/foto.praha-19.ys-beta.cz\/index.php\/nase-projekty\/lidovy-dum-kbely\/","url":"https:\/\/foto.praha-19.ys-beta.cz\/index.php\/nase-projekty\/lidovy-dum-kbely\/","name":"Lidov\u00fd d\u016fm Kbely - Fotogalerie - Praha 19","isPartOf":{"@id":"https:\/\/foto.praha-19.ys-beta.cz\/#website"},"primaryImageOfPage":{"@id":"https:\/\/foto.praha-19.ys-beta.cz\/index.php\/nase-projekty\/lidovy-dum-kbely\/#primaryimage"},"image":{"@id":"https:\/\/foto.praha-19.ys-beta.cz\/index.php\/nase-projekty\/lidovy-dum-kbely\/#primaryimage"},"thumbnailUrl":"https:\/\/foto.praha-19.ys-beta.cz\/app\/uploads\/2024\/02\/LD-1.jpg","datePublished":"2022-11-07T15:38:41+00:00","dateModified":"2024-02-27T07:19:13+00:00","breadcrumb":{"@id":"https:\/\/foto.praha-19.ys-beta.cz\/index.php\/nase-projekty\/lidovy-dum-kbely\/#breadcrumb"},"inLanguage":"cs","potentialAction":[{"@type":"ReadAction","target":["https:\/\/foto.praha-19.ys-beta.cz\/index.php\/nase-projekty\/lidovy-dum-kbely\/"]}]},{"@type":"ImageObject","inLanguage":"cs","@id":"https:\/\/foto.praha-19.ys-beta.cz\/index.php\/nase-projekty\/lidovy-dum-kbely\/#primaryimage","url":"https:\/\/foto.praha-19.ys-beta.cz\/app\/uploads\/2024\/02\/LD-1.jpg","contentUrl":"https:\/\/foto.praha-19.ys-beta.cz\/app\/uploads\/2024\/02\/LD-1.jpg","width":400,"height":267},{"@type":"BreadcrumbList","@id":"https:\/\/foto.praha-19.ys-beta.cz\/index.php\/nase-projekty\/lidovy-dum-kbely\/#breadcrumb","itemListElement":[{"@type":"ListItem","position":1,"name":"Home","item":"https:\/\/foto.praha-19.ys-beta.cz\/"},{"@type":"ListItem","position":2,"name":"Na\u0161e projekty","item":"https:\/\/foto.praha-19.ys-beta.cz\/index.php\/nase-projekty\/"},{"@type":"ListItem","position":3,"name":"Lidov\u00fd d\u016fm Kbely"}]},{"@type":"WebSite","@id":"https:\/\/foto.praha-19.ys-beta.cz\/#website","url":"https:\/\/foto.praha-19.ys-beta.cz\/","name":"Fotogalerie - Praha 19","description":"Fotogalerie m\u011bstsk\u00e9 \u010d\u00e1sti Praha 19","potentialAction":[{"@type":"SearchAction","target":{"@type":"EntryPoint","urlTemplate":"https:\/\/foto.praha-19.ys-beta.cz\/?s={search_term_string}"},"query-input":{"@type":"PropertyValueSpecification","valueRequired":true,"valueName":"search_term_string"}}],"inLanguage":"cs"}]}},"_links":{"self":[{"href":"https:\/\/foto.praha-19.ys-beta.cz\/index.php\/wp-json\/wp\/v2\/pages\/1057","targetHints":{"allow":["GET"]}}],"collection":[{"href":"https:\/\/foto.praha-19.ys-beta.cz\/index.php\/wp-json\/wp\/v2\/pages"}],"about":[{"href":"https:\/\/foto.praha-19.ys-beta.cz\/index.php\/wp-json\/wp\/v2\/types\/page"}],"author":[{"embeddable":true,"href":"https:\/\/foto.praha-19.ys-beta.cz\/index.php\/wp-json\/wp\/v2\/users\/6"}],"replies":[{"embeddable":true,"href":"https:\/\/foto.praha-19.ys-beta.cz\/index.php\/wp-json\/wp\/v2\/comments?post=1057"}],"version-history":[{"count":2,"href":"https:\/\/foto.praha-19.ys-beta.cz\/index.php\/wp-json\/wp\/v2\/pages\/1057\/revisions"}],"predecessor-version":[{"id":14492,"href":"https:\/\/foto.praha-19.ys-beta.cz\/index.php\/wp-json\/wp\/v2\/pages\/1057\/revisions\/14492"}],"up":[{"embeddable":true,"href":"https:\/\/foto.praha-19.ys-beta.cz\/index.php\/wp-json\/wp\/v2\/pages\/1024"}],"wp:featuredmedia":[{"embeddable":true,"href":"https:\/\/foto.praha-19.ys-beta.cz\/index.php\/wp-json\/wp\/v2\/media\/14463"}],"wp:attachment":[{"href":"https:\/\/foto.praha-19.ys-beta.cz\/index.php\/wp-json\/wp\/v2\/media?parent=1057"}],"curies":[{"name":"wp","href":"https:\/\/api.w.org\/{rel}","templated":true}]}}